{"id":171545,"date":"2024-04-04T17:33:14","date_gmt":"2024-04-04T15:33:14","guid":{"rendered":"https:\/\/audiohypnosis.online\/?post_type=product&#038;p=171545"},"modified":"2024-05-30T12:53:09","modified_gmt":"2024-05-30T10:53:09","slug":"zarzadzaj-stresem-zwiazanym-z-praca","status":"publish","type":"product","link":"https:\/\/audiohypnosis.online\/pl\/produkt\/zarzadzaj-stresem-zwiazanym-z-praca\/","title":{"rendered":"Zarz\u0105dzaj stresem zwi\u0105zanym z prac\u0105"},"content":{"rendered":"<p>Zanurz si\u0119 w nasze audio hipnozy MP3 dostosowane do zarz\u0105dzania stresem w pracy. Pakiet zawiera sze\u015b\u0107 plik\u00f3w audio MP3 oraz instrukcj\u0119 do praktycznego zastosowania.<\/p>\n","protected":false},"excerpt":{"rendered":"<p>Podejmuj ka\u017cdy dzie\u0144 pracy z odnowion\u0105 determinacj\u0105 i energi\u0105.<\/p>\n","protected":false},"featured_media":168868,"comment_status":"closed","ping_status":"closed","template":"","meta":[],"language":[1644],"product_cat":[1508],"product_tag":[1924],"class_list":{"0":"post-171545","1":"product","2":"type-product","3":"status-publish","4":"has-post-thumbnail","6":"language-de-pl-2","7":"product_cat-dobrostan-emocjonalny","8":"product_tag-mentalnosc","9":"pa_languages-niemiecki","11":"entry","12":"has-media","14":"first","15":"instock","16":"shipping-taxable","17":"purchasable","18":"product-type-variable","19":"has-product-nav","20":"col","21":"span_1_of_4","22":"owp-content-center","23":"owp-thumbs-layout-horizontal","24":"owp-btn-big","25":"owp-tabs-layout-vertical","26":"has-no-thumbnails"},"acf":[],"aioseo_notices":[],"_links":{"self":[{"href":"https:\/\/audiohypnosis.online\/pl\/wp-json\/wp\/v2\/product\/171545","targetHints":{"allow":["GET"]}}],"collection":[{"href":"https:\/\/audiohypnosis.online\/pl\/wp-json\/wp\/v2\/product"}],"about":[{"href":"https:\/\/audiohypnosis.online\/pl\/wp-json\/wp\/v2\/types\/product"}],"replies":[{"embeddable":true,"href":"https:\/\/audiohypnosis.online\/pl\/wp-json\/wp\/v2\/comments?post=171545"}],"version-history":[{"count":1,"href":"https:\/\/audiohypnosis.online\/pl\/wp-json\/wp\/v2\/product\/171545\/revisions"}],"predecessor-version":[{"id":171547,"href":"https:\/\/audiohypnosis.online\/pl\/wp-json\/wp\/v2\/product\/171545\/revisions\/171547"}],"wp:featuredmedia":[{"embeddable":true,"href":"https:\/\/audiohypnosis.online\/pl\/wp-json\/wp\/v2\/media\/168868"}],"wp:attachment":[{"href":"https:\/\/audiohypnosis.online\/pl\/wp-json\/wp\/v2\/media?parent=171545"}],"wp:term":[{"taxonomy":"language","embeddable":true,"href":"https:\/\/audiohypnosis.online\/pl\/wp-json\/wp\/v2\/language?post=171545"},{"taxonomy":"product_cat","embeddable":true,"href":"https:\/\/audiohypnosis.online\/pl\/wp-json\/wp\/v2\/product_cat?post=171545"},{"taxonomy":"product_tag","embeddable":true,"href":"https:\/\/audiohypnosis.online\/pl\/wp-json\/wp\/v2\/product_tag?post=171545"}],"curies":[{"name":"wp","href":"https:\/\/api.w.org\/{rel}","templated":true}]}}