{"id":171430,"date":"2024-04-04T12:12:02","date_gmt":"2024-04-04T10:12:02","guid":{"rendered":"https:\/\/audiohypnosis.online\/?post_type=product&#038;p=171430"},"modified":"2024-05-18T10:27:30","modified_gmt":"2024-05-18T08:27:30","slug":"zostan-odnoszacym-sukcesy-przedsiebiorca","status":"publish","type":"product","link":"https:\/\/audiohypnosis.online\/pl\/produkt\/zostan-odnoszacym-sukcesy-przedsiebiorca\/","title":{"rendered":"Zosta\u0144 odnosz\u0105cym sukcesy przedsi\u0119biorc\u0105"},"content":{"rendered":"<p>Odkryj nasze nagrania MP3 z hipnoz\u0105 audio, stworzone w celu odblokowania my\u015blenia przedsi\u0119biorczego. Rozpocznij swoj\u0105 drog\u0119 do sukcesu z naszymi \u015bcie\u017ckami d\u017awi\u0119kowymi i podr\u0119cznikiem do praktycznego zastosowania.<\/p>\n","protected":false},"excerpt":{"rendered":"<p>Przejmij kontrol\u0119 nad swoimi ambicjami i witaj ka\u017cdy dzie\u0144 z energi\u0105 i koncentracj\u0105 niezb\u0119dn\u0105 do triumfu w \u015bwiecie biznesu.<\/p>\n","protected":false},"featured_media":168852,"comment_status":"closed","ping_status":"closed","template":"","meta":[],"language":[1644],"product_cat":[1514],"product_tag":[1924,1661],"class_list":{"0":"post-171430","1":"product","2":"type-product","3":"status-publish","4":"has-post-thumbnail","6":"language-de-pl-2","7":"product_cat-samodoskonalenie","8":"product_tag-mentalnosc","9":"product_tag-motywacja","10":"pa_languages-niemiecki","12":"entry","13":"has-media","15":"first","16":"instock","17":"shipping-taxable","18":"purchasable","19":"product-type-variable","20":"has-product-nav","21":"col","22":"span_1_of_4","23":"owp-content-center","24":"owp-thumbs-layout-horizontal","25":"owp-btn-big","26":"owp-tabs-layout-vertical","27":"has-no-thumbnails"},"acf":[],"aioseo_notices":[],"_links":{"self":[{"href":"https:\/\/audiohypnosis.online\/pl\/wp-json\/wp\/v2\/product\/171430","targetHints":{"allow":["GET"]}}],"collection":[{"href":"https:\/\/audiohypnosis.online\/pl\/wp-json\/wp\/v2\/product"}],"about":[{"href":"https:\/\/audiohypnosis.online\/pl\/wp-json\/wp\/v2\/types\/product"}],"replies":[{"embeddable":true,"href":"https:\/\/audiohypnosis.online\/pl\/wp-json\/wp\/v2\/comments?post=171430"}],"version-history":[{"count":1,"href":"https:\/\/audiohypnosis.online\/pl\/wp-json\/wp\/v2\/product\/171430\/revisions"}],"predecessor-version":[{"id":171432,"href":"https:\/\/audiohypnosis.online\/pl\/wp-json\/wp\/v2\/product\/171430\/revisions\/171432"}],"wp:featuredmedia":[{"embeddable":true,"href":"https:\/\/audiohypnosis.online\/pl\/wp-json\/wp\/v2\/media\/168852"}],"wp:attachment":[{"href":"https:\/\/audiohypnosis.online\/pl\/wp-json\/wp\/v2\/media?parent=171430"}],"wp:term":[{"taxonomy":"language","embeddable":true,"href":"https:\/\/audiohypnosis.online\/pl\/wp-json\/wp\/v2\/language?post=171430"},{"taxonomy":"product_cat","embeddable":true,"href":"https:\/\/audiohypnosis.online\/pl\/wp-json\/wp\/v2\/product_cat?post=171430"},{"taxonomy":"product_tag","embeddable":true,"href":"https:\/\/audiohypnosis.online\/pl\/wp-json\/wp\/v2\/product_tag?post=171430"}],"curies":[{"name":"wp","href":"https:\/\/api.w.org\/{rel}","templated":true}]}}