{"id":17140,"date":"2023-10-14T09:09:13","date_gmt":"2023-10-14T07:09:13","guid":{"rendered":"http:\/\/audiohypnosis.online\/product\/stres-przed-egzaminem-na-prawo-jazdy\/"},"modified":"2023-10-14T09:09:13","modified_gmt":"2023-10-14T07:09:13","slug":"egzamin-na-prawo-jazdy-stres","status":"publish","type":"product","link":"https:\/\/audiohypnosis.online\/pl\/produkt\/egzamin-na-prawo-jazdy-stres\/","title":{"rendered":"Stres przed egzaminem na prawo jazdy"},"content":{"rendered":"<p>Denerwujesz si\u0119 zbli\u017caj\u0105cym si\u0119 egzaminem na prawo jazdy? Nasze sesje hipnozy audio maj\u0105 na celu z\u0142agodzenie stresu i popraw\u0119 koncentracji. Otrzymasz 6 plik\u00f3w audio do pobrania i instrukcj\u0119, aby uzyska\u0107 najlepsze wyniki.<\/p>\n","protected":false},"excerpt":{"rendered":"<p>Zdenerwowany egzaminem na prawo jazdy?<\/p>\n","protected":false},"featured_media":14184,"comment_status":"closed","ping_status":"closed","template":"","meta":[],"language":[1659,1550,1644],"product_cat":[1514],"product_tag":[1797,1847,1611,1846,1706],"class_list":{"0":"post-17140","1":"product","2":"type-product","3":"status-publish","4":"has-post-thumbnail","6":"language-fr-pl","7":"language-nl-pl","8":"language-de-pl-2","9":"product_cat-samodoskonalenie","10":"product_tag-dobre-samopoczucie-emocjonalne","11":"product_tag-egzamin-na-prawo-jazdy-stres","12":"product_tag-lek","13":"product_tag-skupienie","14":"product_tag-stres","15":"pa_languages-francuski","16":"pa_languages-niderlandzki","17":"pa_languages-niemiecki","18":"pa_languages-portugalski-brazylia","19":"pa_languages-ukrainski","21":"entry","22":"has-media","24":"first","25":"instock","26":"purchasable","27":"product-type-variable","28":"has-product-nav","29":"col","30":"span_1_of_4","31":"owp-content-center","32":"owp-thumbs-layout-horizontal","33":"owp-btn-big","34":"owp-tabs-layout-vertical","35":"has-no-thumbnails"},"acf":[],"aioseo_notices":[],"_links":{"self":[{"href":"https:\/\/audiohypnosis.online\/pl\/wp-json\/wp\/v2\/product\/17140","targetHints":{"allow":["GET"]}}],"collection":[{"href":"https:\/\/audiohypnosis.online\/pl\/wp-json\/wp\/v2\/product"}],"about":[{"href":"https:\/\/audiohypnosis.online\/pl\/wp-json\/wp\/v2\/types\/product"}],"replies":[{"embeddable":true,"href":"https:\/\/audiohypnosis.online\/pl\/wp-json\/wp\/v2\/comments?post=17140"}],"version-history":[{"count":0,"href":"https:\/\/audiohypnosis.online\/pl\/wp-json\/wp\/v2\/product\/17140\/revisions"}],"wp:featuredmedia":[{"embeddable":true,"href":"https:\/\/audiohypnosis.online\/pl\/wp-json\/wp\/v2\/media\/14184"}],"wp:attachment":[{"href":"https:\/\/audiohypnosis.online\/pl\/wp-json\/wp\/v2\/media?parent=17140"}],"wp:term":[{"taxonomy":"language","embeddable":true,"href":"https:\/\/audiohypnosis.online\/pl\/wp-json\/wp\/v2\/language?post=17140"},{"taxonomy":"product_cat","embeddable":true,"href":"https:\/\/audiohypnosis.online\/pl\/wp-json\/wp\/v2\/product_cat?post=17140"},{"taxonomy":"product_tag","embeddable":true,"href":"https:\/\/audiohypnosis.online\/pl\/wp-json\/wp\/v2\/product_tag?post=17140"}],"curies":[{"name":"wp","href":"https:\/\/api.w.org\/{rel}","templated":true}]}}