{"id":171386,"date":"2024-04-04T11:22:11","date_gmt":"2024-04-04T09:22:11","guid":{"rendered":"https:\/\/audiohypnosis.online\/?post_type=product&#038;p=171386"},"modified":"2024-05-07T13:12:25","modified_gmt":"2024-05-07T11:12:25","slug":"powstrzymaj-naduzywanie-lekow-na-recepte","status":"publish","type":"product","link":"https:\/\/audiohypnosis.online\/pl\/produkt\/powstrzymaj-naduzywanie-lekow-na-recepte\/","title":{"rendered":"Powstrzymaj nadu\u017cywanie lek\u00f3w na recept\u0119"},"content":{"rendered":"<p>Rozpocznij dzi\u015b swoj\u0105 drog\u0119 do uzdrowienia i popraw og\u00f3lne samopoczucie dzi\u0119ki naszym sze\u015bciu mistrzowsko wykonanym \u015bcie\u017ckom d\u017awi\u0119kowym oraz szczeg\u00f3\u0142owemu podr\u0119cznikowi do skutecznego u\u017cytkowania.<\/p>\n","protected":false},"excerpt":{"rendered":"<p>Rozpocznij teraz swoj\u0105 drog\u0119 do wyzdrowienia z nadu\u017cywania lek\u00f3w na recept\u0119!<\/p>\n","protected":false},"featured_media":168810,"comment_status":"closed","ping_status":"closed","template":"","meta":[],"language":[1644],"product_cat":[1505],"product_tag":[],"class_list":{"0":"post-171386","1":"product","2":"type-product","3":"status-publish","4":"has-post-thumbnail","6":"language-de-pl-2","7":"product_cat-uzaleznienia","8":"pa_languages-niemiecki","10":"entry","11":"has-media","13":"first","14":"instock","15":"shipping-taxable","16":"purchasable","17":"product-type-variable","18":"has-product-nav","19":"col","20":"span_1_of_4","21":"owp-content-center","22":"owp-thumbs-layout-horizontal","23":"owp-btn-big","24":"owp-tabs-layout-vertical","25":"has-no-thumbnails"},"acf":[],"aioseo_notices":[],"_links":{"self":[{"href":"https:\/\/audiohypnosis.online\/pl\/wp-json\/wp\/v2\/product\/171386","targetHints":{"allow":["GET"]}}],"collection":[{"href":"https:\/\/audiohypnosis.online\/pl\/wp-json\/wp\/v2\/product"}],"about":[{"href":"https:\/\/audiohypnosis.online\/pl\/wp-json\/wp\/v2\/types\/product"}],"replies":[{"embeddable":true,"href":"https:\/\/audiohypnosis.online\/pl\/wp-json\/wp\/v2\/comments?post=171386"}],"version-history":[{"count":1,"href":"https:\/\/audiohypnosis.online\/pl\/wp-json\/wp\/v2\/product\/171386\/revisions"}],"predecessor-version":[{"id":171388,"href":"https:\/\/audiohypnosis.online\/pl\/wp-json\/wp\/v2\/product\/171386\/revisions\/171388"}],"wp:featuredmedia":[{"embeddable":true,"href":"https:\/\/audiohypnosis.online\/pl\/wp-json\/wp\/v2\/media\/168810"}],"wp:attachment":[{"href":"https:\/\/audiohypnosis.online\/pl\/wp-json\/wp\/v2\/media?parent=171386"}],"wp:term":[{"taxonomy":"language","embeddable":true,"href":"https:\/\/audiohypnosis.online\/pl\/wp-json\/wp\/v2\/language?post=171386"},{"taxonomy":"product_cat","embeddable":true,"href":"https:\/\/audiohypnosis.online\/pl\/wp-json\/wp\/v2\/product_cat?post=171386"},{"taxonomy":"product_tag","embeddable":true,"href":"https:\/\/audiohypnosis.online\/pl\/wp-json\/wp\/v2\/product_tag?post=171386"}],"curies":[{"name":"wp","href":"https:\/\/api.w.org\/{rel}","templated":true}]}}