{"id":171347,"date":"2024-04-04T11:00:32","date_gmt":"2024-04-04T09:00:32","guid":{"rendered":"https:\/\/audiohypnosis.online\/?post_type=product&#038;p=171347"},"modified":"2024-05-03T12:46:25","modified_gmt":"2024-05-03T10:46:25","slug":"budzenie-sie-wypoczetym","status":"publish","type":"product","link":"https:\/\/audiohypnosis.online\/pl\/produkt\/budzenie-sie-wypoczetym\/","title":{"rendered":"Budzenie si\u0119 Wypocz\u0119tym"},"content":{"rendered":"<p>Rozpocznij dzi\u015b swoj\u0105 podr\u00f3\u017c w kierunku spokojnych nocy z naszym kompleksowym pakietem, zawieraj\u0105cym sze\u015b\u0107 \u015bcie\u017cek d\u017awi\u0119kowych oraz szczeg\u00f3\u0142owy podr\u0119cznik do efektywnego u\u017cytkowania.<\/p>\n","protected":false},"excerpt":{"rendered":"<p>Popraw jako\u015b\u0107 swojego snu i ka\u017cdego ranka witaj dzie\u0144 z odnowion\u0105 energi\u0105, gotowy by go podbi\u0107.<\/p>\n","protected":false},"featured_media":168882,"comment_status":"closed","ping_status":"closed","template":"","meta":[],"language":[1644],"product_cat":[1516,1512],"product_tag":[3509,1646],"class_list":{"0":"post-171347","1":"product","2":"type-product","3":"status-publish","4":"has-post-thumbnail","6":"language-de-pl-2","7":"product_cat-sen","8":"product_cat-zdrowie-i-dobrostan","9":"product_tag-salud-pl","10":"product_tag-zdrowie-pl","11":"pa_languages-niemiecki","13":"entry","14":"has-media","16":"first","17":"instock","18":"shipping-taxable","19":"purchasable","20":"product-type-variable","21":"has-product-nav","22":"col","23":"span_1_of_4","24":"owp-content-center","25":"owp-thumbs-layout-horizontal","26":"owp-btn-big","27":"owp-tabs-layout-vertical","28":"has-no-thumbnails"},"acf":[],"aioseo_notices":[],"_links":{"self":[{"href":"https:\/\/audiohypnosis.online\/pl\/wp-json\/wp\/v2\/product\/171347","targetHints":{"allow":["GET"]}}],"collection":[{"href":"https:\/\/audiohypnosis.online\/pl\/wp-json\/wp\/v2\/product"}],"about":[{"href":"https:\/\/audiohypnosis.online\/pl\/wp-json\/wp\/v2\/types\/product"}],"replies":[{"embeddable":true,"href":"https:\/\/audiohypnosis.online\/pl\/wp-json\/wp\/v2\/comments?post=171347"}],"version-history":[{"count":1,"href":"https:\/\/audiohypnosis.online\/pl\/wp-json\/wp\/v2\/product\/171347\/revisions"}],"predecessor-version":[{"id":171349,"href":"https:\/\/audiohypnosis.online\/pl\/wp-json\/wp\/v2\/product\/171347\/revisions\/171349"}],"wp:featuredmedia":[{"embeddable":true,"href":"https:\/\/audiohypnosis.online\/pl\/wp-json\/wp\/v2\/media\/168882"}],"wp:attachment":[{"href":"https:\/\/audiohypnosis.online\/pl\/wp-json\/wp\/v2\/media?parent=171347"}],"wp:term":[{"taxonomy":"language","embeddable":true,"href":"https:\/\/audiohypnosis.online\/pl\/wp-json\/wp\/v2\/language?post=171347"},{"taxonomy":"product_cat","embeddable":true,"href":"https:\/\/audiohypnosis.online\/pl\/wp-json\/wp\/v2\/product_cat?post=171347"},{"taxonomy":"product_tag","embeddable":true,"href":"https:\/\/audiohypnosis.online\/pl\/wp-json\/wp\/v2\/product_tag?post=171347"}],"curies":[{"name":"wp","href":"https:\/\/api.w.org\/{rel}","templated":true}]}}