{"id":171228,"date":"2024-04-03T15:39:59","date_gmt":"2024-04-03T13:39:59","guid":{"rendered":"https:\/\/audiohypnosis.online\/?post_type=product&#038;p=171228"},"modified":"2024-04-25T09:48:54","modified_gmt":"2024-04-25T07:48:54","slug":"lunatykowanie","status":"publish","type":"product","link":"https:\/\/audiohypnosis.online\/pl\/produkt\/lunatykowanie\/","title":{"rendered":"Lunatykowanie"},"content":{"rendered":"<p>Rozpocznij dzisiaj swoj\u0105 podr\u00f3\u017c ku spokojnym noc\u0105. Nasz pakiet zawiera sze\u015b\u0107 \u015bcie\u017cek d\u017awi\u0119kowych wraz z obszernym podr\u0119cznikiem, co gwarantuje skuteczn\u0105 interwencj\u0119.<\/p>\n","protected":false},"excerpt":{"rendered":"<p>Podnie\u015b jako\u015b\u0107 swojego snu i skorzystaj z okazji, aby odzyska\u0107 kontrol\u0119 nad swoimi nocami.<\/p>\n","protected":false},"featured_media":168782,"comment_status":"closed","ping_status":"closed","template":"","meta":[],"language":[1644],"product_cat":[1516],"product_tag":[1646],"class_list":{"0":"post-171228","1":"product","2":"type-product","3":"status-publish","4":"has-post-thumbnail","6":"language-de-pl-2","7":"product_cat-sen","8":"product_tag-zdrowie-pl","9":"pa_languages-niemiecki","11":"entry","12":"has-media","14":"first","15":"instock","16":"shipping-taxable","17":"purchasable","18":"product-type-variable","19":"has-product-nav","20":"col","21":"span_1_of_4","22":"owp-content-center","23":"owp-thumbs-layout-horizontal","24":"owp-btn-big","25":"owp-tabs-layout-vertical","26":"has-no-thumbnails"},"acf":[],"aioseo_notices":[],"_links":{"self":[{"href":"https:\/\/audiohypnosis.online\/pl\/wp-json\/wp\/v2\/product\/171228","targetHints":{"allow":["GET"]}}],"collection":[{"href":"https:\/\/audiohypnosis.online\/pl\/wp-json\/wp\/v2\/product"}],"about":[{"href":"https:\/\/audiohypnosis.online\/pl\/wp-json\/wp\/v2\/types\/product"}],"replies":[{"embeddable":true,"href":"https:\/\/audiohypnosis.online\/pl\/wp-json\/wp\/v2\/comments?post=171228"}],"version-history":[{"count":1,"href":"https:\/\/audiohypnosis.online\/pl\/wp-json\/wp\/v2\/product\/171228\/revisions"}],"predecessor-version":[{"id":171230,"href":"https:\/\/audiohypnosis.online\/pl\/wp-json\/wp\/v2\/product\/171228\/revisions\/171230"}],"wp:featuredmedia":[{"embeddable":true,"href":"https:\/\/audiohypnosis.online\/pl\/wp-json\/wp\/v2\/media\/168782"}],"wp:attachment":[{"href":"https:\/\/audiohypnosis.online\/pl\/wp-json\/wp\/v2\/media?parent=171228"}],"wp:term":[{"taxonomy":"language","embeddable":true,"href":"https:\/\/audiohypnosis.online\/pl\/wp-json\/wp\/v2\/language?post=171228"},{"taxonomy":"product_cat","embeddable":true,"href":"https:\/\/audiohypnosis.online\/pl\/wp-json\/wp\/v2\/product_cat?post=171228"},{"taxonomy":"product_tag","embeddable":true,"href":"https:\/\/audiohypnosis.online\/pl\/wp-json\/wp\/v2\/product_tag?post=171228"}],"curies":[{"name":"wp","href":"https:\/\/api.w.org\/{rel}","templated":true}]}}