{"id":171187,"date":"2024-04-03T15:15:58","date_gmt":"2024-04-03T13:15:58","guid":{"rendered":"https:\/\/audiohypnosis.online\/?post_type=product&#038;p=171187"},"modified":"2024-04-25T09:24:56","modified_gmt":"2024-04-25T07:24:56","slug":"zwieksz-swoje-charyzme","status":"publish","type":"product","link":"https:\/\/audiohypnosis.online\/pl\/produkt\/zwieksz-swoje-charyzme\/","title":{"rendered":"Zwi\u0119ksz swoje charyzm\u0119"},"content":{"rendered":"<p>Odkryj nasze pliki MP3 z hipnoz\u0105 audio, zaprojektowane, aby zwi\u0119kszy\u0107 twoj\u0105 charyzm\u0119, wzmocni\u0107 twoj\u0105 obecno\u015b\u0107 i promieniowa\u0107 pewno\u015bci\u0105 siebie. Rozpocznij dzi\u015b podr\u00f3\u017c w kierunku odblokowania twojego magnetycznego uroku. Nasz pakiet zawiera sze\u015b\u0107 \u015bcie\u017cek d\u017awi\u0119kowych w parze z obszernym podr\u0119cznikiem, gwarantuj\u0105cym g\u0142\u0119bok\u0105 transformacj\u0119.<\/p>\n","protected":false},"excerpt":{"rendered":"<p>Podnie\u015b swoj\u0105 pewno\u015b\u0107 siebie i wykorzystaj okazj\u0119, aby przekroczy\u0107 swoje najwy\u017csze oczekiwania.<\/p>\n","protected":false},"featured_media":168824,"comment_status":"closed","ping_status":"closed","template":"","meta":[],"language":[1550,1644],"product_cat":[1514],"product_tag":[],"class_list":{"0":"post-171187","1":"product","2":"type-product","3":"status-publish","4":"has-post-thumbnail","6":"language-nl-pl","7":"language-de-pl-2","8":"product_cat-samodoskonalenie","9":"pa_languages-niderlandzki","10":"pa_languages-niemiecki","12":"entry","13":"has-media","15":"first","16":"instock","17":"shipping-taxable","18":"purchasable","19":"product-type-variable","20":"has-product-nav","21":"col","22":"span_1_of_4","23":"owp-content-center","24":"owp-thumbs-layout-horizontal","25":"owp-btn-big","26":"owp-tabs-layout-vertical","27":"has-no-thumbnails"},"acf":[],"aioseo_notices":[],"_links":{"self":[{"href":"https:\/\/audiohypnosis.online\/pl\/wp-json\/wp\/v2\/product\/171187","targetHints":{"allow":["GET"]}}],"collection":[{"href":"https:\/\/audiohypnosis.online\/pl\/wp-json\/wp\/v2\/product"}],"about":[{"href":"https:\/\/audiohypnosis.online\/pl\/wp-json\/wp\/v2\/types\/product"}],"replies":[{"embeddable":true,"href":"https:\/\/audiohypnosis.online\/pl\/wp-json\/wp\/v2\/comments?post=171187"}],"version-history":[{"count":1,"href":"https:\/\/audiohypnosis.online\/pl\/wp-json\/wp\/v2\/product\/171187\/revisions"}],"predecessor-version":[{"id":171190,"href":"https:\/\/audiohypnosis.online\/pl\/wp-json\/wp\/v2\/product\/171187\/revisions\/171190"}],"wp:featuredmedia":[{"embeddable":true,"href":"https:\/\/audiohypnosis.online\/pl\/wp-json\/wp\/v2\/media\/168824"}],"wp:attachment":[{"href":"https:\/\/audiohypnosis.online\/pl\/wp-json\/wp\/v2\/media?parent=171187"}],"wp:term":[{"taxonomy":"language","embeddable":true,"href":"https:\/\/audiohypnosis.online\/pl\/wp-json\/wp\/v2\/language?post=171187"},{"taxonomy":"product_cat","embeddable":true,"href":"https:\/\/audiohypnosis.online\/pl\/wp-json\/wp\/v2\/product_cat?post=171187"},{"taxonomy":"product_tag","embeddable":true,"href":"https:\/\/audiohypnosis.online\/pl\/wp-json\/wp\/v2\/product_tag?post=171187"}],"curies":[{"name":"wp","href":"https:\/\/api.w.org\/{rel}","templated":true}]}}