{"id":171137,"date":"2024-04-03T14:22:44","date_gmt":"2024-04-03T12:22:44","guid":{"rendered":"https:\/\/audiohypnosis.online\/?post_type=product&#038;p=171137"},"modified":"2024-04-23T13:24:15","modified_gmt":"2024-04-23T11:24:15","slug":"zyskaj-wiecej-szacunku-dla-siebie","status":"publish","type":"product","link":"https:\/\/audiohypnosis.online\/pl\/produkt\/zyskaj-wiecej-szacunku-dla-siebie\/","title":{"rendered":"Zyskaj wi\u0119cej szacunku dla siebie"},"content":{"rendered":"<p>Odkryj nasze MP3 z hipnoz\u0105 audio dostosowane do rozwijania wi\u0119kszego szacunku dla siebie, wzmacniania pewno\u015bci siebie i wspierania osobistego upowa\u017cnienia. Rozpocznij dzi\u015b podr\u00f3\u017c ku samoodkryciu. Nasz pakiet zawiera sze\u015b\u0107 \u015bcie\u017cek audio wraz ze szczeg\u00f3\u0142owym podr\u0119cznikiem, zapewniaj\u0105cym g\u0142\u0119bok\u0105 transformacj\u0119.<\/p>\n","protected":false},"excerpt":{"rendered":"<p>Czy chcesz rozwija\u0107 wi\u0119kszy szacunek dla siebie?<\/p>\n","protected":false},"featured_media":168796,"comment_status":"closed","ping_status":"closed","template":"","meta":[],"language":[1550,1644],"product_cat":[1514],"product_tag":[1925],"class_list":{"0":"post-171137","1":"product","2":"type-product","3":"status-publish","4":"has-post-thumbnail","6":"language-nl-pl","7":"language-de-pl-2","8":"product_cat-samodoskonalenie","9":"product_tag-sukces","10":"pa_languages-niderlandzki","11":"pa_languages-niemiecki","13":"entry","14":"has-media","16":"first","17":"instock","18":"shipping-taxable","19":"purchasable","20":"product-type-variable","21":"has-product-nav","22":"col","23":"span_1_of_4","24":"owp-content-center","25":"owp-thumbs-layout-horizontal","26":"owp-btn-big","27":"owp-tabs-layout-vertical","28":"has-no-thumbnails"},"acf":[],"aioseo_notices":[],"_links":{"self":[{"href":"https:\/\/audiohypnosis.online\/pl\/wp-json\/wp\/v2\/product\/171137","targetHints":{"allow":["GET"]}}],"collection":[{"href":"https:\/\/audiohypnosis.online\/pl\/wp-json\/wp\/v2\/product"}],"about":[{"href":"https:\/\/audiohypnosis.online\/pl\/wp-json\/wp\/v2\/types\/product"}],"replies":[{"embeddable":true,"href":"https:\/\/audiohypnosis.online\/pl\/wp-json\/wp\/v2\/comments?post=171137"}],"version-history":[{"count":1,"href":"https:\/\/audiohypnosis.online\/pl\/wp-json\/wp\/v2\/product\/171137\/revisions"}],"predecessor-version":[{"id":171140,"href":"https:\/\/audiohypnosis.online\/pl\/wp-json\/wp\/v2\/product\/171137\/revisions\/171140"}],"wp:featuredmedia":[{"embeddable":true,"href":"https:\/\/audiohypnosis.online\/pl\/wp-json\/wp\/v2\/media\/168796"}],"wp:attachment":[{"href":"https:\/\/audiohypnosis.online\/pl\/wp-json\/wp\/v2\/media?parent=171137"}],"wp:term":[{"taxonomy":"language","embeddable":true,"href":"https:\/\/audiohypnosis.online\/pl\/wp-json\/wp\/v2\/language?post=171137"},{"taxonomy":"product_cat","embeddable":true,"href":"https:\/\/audiohypnosis.online\/pl\/wp-json\/wp\/v2\/product_cat?post=171137"},{"taxonomy":"product_tag","embeddable":true,"href":"https:\/\/audiohypnosis.online\/pl\/wp-json\/wp\/v2\/product_tag?post=171137"}],"curies":[{"name":"wp","href":"https:\/\/api.w.org\/{rel}","templated":true}]}}