{"id":171093,"date":"2024-04-03T13:06:25","date_gmt":"2024-04-03T11:06:25","guid":{"rendered":"https:\/\/audiohypnosis.online\/?post_type=product&#038;p=171093"},"modified":"2024-04-23T12:59:15","modified_gmt":"2024-04-23T10:59:15","slug":"spelnienie-seksualne","status":"publish","type":"product","link":"https:\/\/audiohypnosis.online\/pl\/produkt\/spelnienie-seksualne\/","title":{"rendered":"Spe\u0142nienie Seksualne"},"content":{"rendered":"<p>Podnie\u015b poziom swoich intymnych do\u015bwiadcze\u0144 i wykorzystaj okazj\u0119, aby przekroczy\u0107 swoje najdziksze pragnienia. Nasz pakiet zawiera sze\u015b\u0107 \u015bcie\u017cek d\u017awi\u0119kowych uzupe\u0142nionych o obszerny podr\u0119cznik, zapewniaj\u0105c maksymalne zadowolenie.<\/p>\n","protected":false},"excerpt":{"rendered":"<p>Czy chcesz osi\u0105gn\u0105\u0107 bardziej satysfakcjonuj\u0105cy zwi\u0105zek i lepsze \u017cycie seksualne?<\/p>\n","protected":false},"featured_media":168838,"comment_status":"closed","ping_status":"closed","template":"","meta":[],"language":[1550,1644],"product_cat":[1515],"product_tag":[2015],"class_list":{"0":"post-171093","1":"product","2":"type-product","3":"status-publish","4":"has-post-thumbnail","6":"language-nl-pl","7":"language-de-pl-2","8":"product_cat-seksualnosc","9":"product_tag-pozadanie","10":"pa_languages-niderlandzki","11":"pa_languages-niemiecki","13":"entry","14":"has-media","16":"first","17":"instock","18":"shipping-taxable","19":"purchasable","20":"product-type-variable","21":"has-product-nav","22":"col","23":"span_1_of_4","24":"owp-content-center","25":"owp-thumbs-layout-horizontal","26":"owp-btn-big","27":"owp-tabs-layout-vertical","28":"has-no-thumbnails"},"acf":[],"aioseo_notices":[],"_links":{"self":[{"href":"https:\/\/audiohypnosis.online\/pl\/wp-json\/wp\/v2\/product\/171093","targetHints":{"allow":["GET"]}}],"collection":[{"href":"https:\/\/audiohypnosis.online\/pl\/wp-json\/wp\/v2\/product"}],"about":[{"href":"https:\/\/audiohypnosis.online\/pl\/wp-json\/wp\/v2\/types\/product"}],"replies":[{"embeddable":true,"href":"https:\/\/audiohypnosis.online\/pl\/wp-json\/wp\/v2\/comments?post=171093"}],"version-history":[{"count":1,"href":"https:\/\/audiohypnosis.online\/pl\/wp-json\/wp\/v2\/product\/171093\/revisions"}],"predecessor-version":[{"id":171096,"href":"https:\/\/audiohypnosis.online\/pl\/wp-json\/wp\/v2\/product\/171093\/revisions\/171096"}],"wp:featuredmedia":[{"embeddable":true,"href":"https:\/\/audiohypnosis.online\/pl\/wp-json\/wp\/v2\/media\/168838"}],"wp:attachment":[{"href":"https:\/\/audiohypnosis.online\/pl\/wp-json\/wp\/v2\/media?parent=171093"}],"wp:term":[{"taxonomy":"language","embeddable":true,"href":"https:\/\/audiohypnosis.online\/pl\/wp-json\/wp\/v2\/language?post=171093"},{"taxonomy":"product_cat","embeddable":true,"href":"https:\/\/audiohypnosis.online\/pl\/wp-json\/wp\/v2\/product_cat?post=171093"},{"taxonomy":"product_tag","embeddable":true,"href":"https:\/\/audiohypnosis.online\/pl\/wp-json\/wp\/v2\/product_tag?post=171093"}],"curies":[{"name":"wp","href":"https:\/\/api.w.org\/{rel}","templated":true}]}}