{"id":171029,"date":"2024-03-18T15:36:16","date_gmt":"2024-03-18T14:36:16","guid":{"rendered":"https:\/\/audiohypnosis.online\/?post_type=product&#038;p=171029"},"modified":"2024-04-19T10:57:14","modified_gmt":"2024-04-19T08:57:14","slug":"poprawiona-koncentracja-i-skupienie","status":"publish","type":"product","link":"https:\/\/audiohypnosis.online\/pl\/produkt\/poprawiona-koncentracja-i-skupienie\/","title":{"rendered":"Poprawiona koncentracja i skupienie"},"content":{"rendered":"<p>Rozpocznij dzi\u015b podr\u00f3\u017c do zwi\u0119kszonego skupienia. Nasz pakiet zawiera sze\u015b\u0107 starannie zaprojektowanych \u015bcie\u017cek d\u017awi\u0119kowych wraz z instrukcj\u0105, zapewniaj\u0105c maksymalne zwi\u0119kszenie koncentracji.<\/p>\n","protected":false},"excerpt":{"rendered":"<p>Czy chcesz zwi\u0119kszy\u0107 swoj\u0105 koncentracj\u0119?<\/p>\n","protected":false},"featured_media":166142,"comment_status":"closed","ping_status":"closed","template":"","meta":[],"language":[1659,1550,1644],"product_cat":[1514],"product_tag":[],"class_list":{"0":"post-171029","1":"product","2":"type-product","3":"status-publish","4":"has-post-thumbnail","6":"language-fr-pl","7":"language-nl-pl","8":"language-de-pl-2","9":"product_cat-samodoskonalenie","10":"pa_languages-francuski","11":"pa_languages-niderlandzki","12":"pa_languages-niemiecki","14":"entry","15":"has-media","17":"first","18":"instock","19":"shipping-taxable","20":"purchasable","21":"product-type-variable","22":"has-product-nav","23":"col","24":"span_1_of_4","25":"owp-content-center","26":"owp-thumbs-layout-horizontal","27":"owp-btn-big","28":"owp-tabs-layout-vertical","29":"has-no-thumbnails"},"acf":[],"aioseo_notices":[],"_links":{"self":[{"href":"https:\/\/audiohypnosis.online\/pl\/wp-json\/wp\/v2\/product\/171029","targetHints":{"allow":["GET"]}}],"collection":[{"href":"https:\/\/audiohypnosis.online\/pl\/wp-json\/wp\/v2\/product"}],"about":[{"href":"https:\/\/audiohypnosis.online\/pl\/wp-json\/wp\/v2\/types\/product"}],"replies":[{"embeddable":true,"href":"https:\/\/audiohypnosis.online\/pl\/wp-json\/wp\/v2\/comments?post=171029"}],"version-history":[{"count":1,"href":"https:\/\/audiohypnosis.online\/pl\/wp-json\/wp\/v2\/product\/171029\/revisions"}],"predecessor-version":[{"id":171033,"href":"https:\/\/audiohypnosis.online\/pl\/wp-json\/wp\/v2\/product\/171029\/revisions\/171033"}],"wp:featuredmedia":[{"embeddable":true,"href":"https:\/\/audiohypnosis.online\/pl\/wp-json\/wp\/v2\/media\/166142"}],"wp:attachment":[{"href":"https:\/\/audiohypnosis.online\/pl\/wp-json\/wp\/v2\/media?parent=171029"}],"wp:term":[{"taxonomy":"language","embeddable":true,"href":"https:\/\/audiohypnosis.online\/pl\/wp-json\/wp\/v2\/language?post=171029"},{"taxonomy":"product_cat","embeddable":true,"href":"https:\/\/audiohypnosis.online\/pl\/wp-json\/wp\/v2\/product_cat?post=171029"},{"taxonomy":"product_tag","embeddable":true,"href":"https:\/\/audiohypnosis.online\/pl\/wp-json\/wp\/v2\/product_tag?post=171029"}],"curies":[{"name":"wp","href":"https:\/\/api.w.org\/{rel}","templated":true}]}}