{"id":170969,"date":"2024-03-18T13:38:35","date_gmt":"2024-03-18T12:38:35","guid":{"rendered":"https:\/\/audiohypnosis.online\/?post_type=product&#038;p=170969"},"modified":"2024-04-19T10:20:58","modified_gmt":"2024-04-19T08:20:58","slug":"optymalna-wydajnosc","status":"publish","type":"product","link":"https:\/\/audiohypnosis.online\/pl\/produkt\/optymalna-wydajnosc\/","title":{"rendered":"Optymalna Wydajno\u015b\u0107"},"content":{"rendered":"<p>Zanurz si\u0119 w naszej kolekcji MP3 z hipnoz\u0105 audio, dostosowanej do zwi\u0119kszenia twojego skupienia, zestawu umiej\u0119tno\u015bci i og\u00f3lnej efektywno\u015bci. Zacznij dzisiaj swoj\u0105 drog\u0119 do osi\u0105gni\u0119cia maksymalnych wynik\u00f3w. Nasz pakiet zawiera sze\u015b\u0107 starannie przygotowanych plik\u00f3w audio wraz z instrukcj\u0105, zapewniaj\u0105c maksymalne rezultaty.<\/p>\n","protected":false},"excerpt":{"rendered":"<p>Podnie\u015b swoje osi\u0105gni\u0119cia \u2013 wykorzystaj okazj\u0119, by przekroczy\u0107 swoje aspiracje.<\/p>\n","protected":false},"featured_media":166156,"comment_status":"closed","ping_status":"closed","template":"","meta":[],"language":[1659,1550,1644],"product_cat":[1514],"product_tag":[],"class_list":{"0":"post-170969","1":"product","2":"type-product","3":"status-publish","4":"has-post-thumbnail","6":"language-fr-pl","7":"language-nl-pl","8":"language-de-pl-2","9":"product_cat-samodoskonalenie","10":"pa_languages-francuski","11":"pa_languages-niderlandzki","12":"pa_languages-niemiecki","14":"entry","15":"has-media","17":"first","18":"instock","19":"shipping-taxable","20":"purchasable","21":"product-type-variable","22":"has-product-nav","23":"col","24":"span_1_of_4","25":"owp-content-center","26":"owp-thumbs-layout-horizontal","27":"owp-btn-big","28":"owp-tabs-layout-vertical","29":"has-no-thumbnails"},"acf":[],"aioseo_notices":[],"_links":{"self":[{"href":"https:\/\/audiohypnosis.online\/pl\/wp-json\/wp\/v2\/product\/170969","targetHints":{"allow":["GET"]}}],"collection":[{"href":"https:\/\/audiohypnosis.online\/pl\/wp-json\/wp\/v2\/product"}],"about":[{"href":"https:\/\/audiohypnosis.online\/pl\/wp-json\/wp\/v2\/types\/product"}],"replies":[{"embeddable":true,"href":"https:\/\/audiohypnosis.online\/pl\/wp-json\/wp\/v2\/comments?post=170969"}],"version-history":[{"count":1,"href":"https:\/\/audiohypnosis.online\/pl\/wp-json\/wp\/v2\/product\/170969\/revisions"}],"predecessor-version":[{"id":170973,"href":"https:\/\/audiohypnosis.online\/pl\/wp-json\/wp\/v2\/product\/170969\/revisions\/170973"}],"wp:featuredmedia":[{"embeddable":true,"href":"https:\/\/audiohypnosis.online\/pl\/wp-json\/wp\/v2\/media\/166156"}],"wp:attachment":[{"href":"https:\/\/audiohypnosis.online\/pl\/wp-json\/wp\/v2\/media?parent=170969"}],"wp:term":[{"taxonomy":"language","embeddable":true,"href":"https:\/\/audiohypnosis.online\/pl\/wp-json\/wp\/v2\/language?post=170969"},{"taxonomy":"product_cat","embeddable":true,"href":"https:\/\/audiohypnosis.online\/pl\/wp-json\/wp\/v2\/product_cat?post=170969"},{"taxonomy":"product_tag","embeddable":true,"href":"https:\/\/audiohypnosis.online\/pl\/wp-json\/wp\/v2\/product_tag?post=170969"}],"curies":[{"name":"wp","href":"https:\/\/api.w.org\/{rel}","templated":true}]}}