{"id":170901,"date":"2024-03-14T13:47:10","date_gmt":"2024-03-14T12:47:10","guid":{"rendered":"https:\/\/audiohypnosis.online\/?post_type=product&#038;p=170901"},"modified":"2024-04-18T14:23:39","modified_gmt":"2024-04-18T12:23:39","slug":"przyciagnij-milosc","status":"publish","type":"product","link":"https:\/\/audiohypnosis.online\/pl\/produkt\/przyciagnij-milosc\/","title":{"rendered":"Przyci\u0105gnij mi\u0142o\u015b\u0107"},"content":{"rendered":"<p>Nadszed\u0142 czas, aby przyj\u0105\u0107 nowy rozdzia\u0142 pe\u0142en mi\u0142o\u015bci i pozytywno\u015bci w twoim \u017cyciu. Wraz z tym pakietem otrzymasz 6 plik\u00f3w audio i podr\u0119cznik, kt\u00f3ry wesprze twoj\u0105 podr\u00f3\u017c.<\/p>\n","protected":false},"excerpt":{"rendered":"<p>Gotowy, aby zaprosi\u0107 mi\u0142o\u015b\u0107 do swojego \u017cycia?<\/p>\n","protected":false},"featured_media":165253,"comment_status":"closed","ping_status":"closed","template":"","meta":[],"language":[1659,1550,1644],"product_cat":[1513],"product_tag":[2027,1799],"class_list":{"0":"post-170901","1":"product","2":"type-product","3":"status-publish","4":"has-post-thumbnail","6":"language-fr-pl","7":"language-nl-pl","8":"language-de-pl-2","9":"product_cat-relacje","10":"product_tag-milosc","11":"product_tag-uzdrowienie","12":"pa_languages-francuski","13":"pa_languages-niderlandzki","14":"pa_languages-niemiecki","16":"entry","17":"has-media","19":"first","20":"instock","21":"shipping-taxable","22":"purchasable","23":"product-type-variable","24":"has-product-nav","25":"col","26":"span_1_of_4","27":"owp-content-center","28":"owp-thumbs-layout-horizontal","29":"owp-btn-big","30":"owp-tabs-layout-vertical","31":"has-no-thumbnails"},"acf":[],"aioseo_notices":[],"_links":{"self":[{"href":"https:\/\/audiohypnosis.online\/pl\/wp-json\/wp\/v2\/product\/170901","targetHints":{"allow":["GET"]}}],"collection":[{"href":"https:\/\/audiohypnosis.online\/pl\/wp-json\/wp\/v2\/product"}],"about":[{"href":"https:\/\/audiohypnosis.online\/pl\/wp-json\/wp\/v2\/types\/product"}],"replies":[{"embeddable":true,"href":"https:\/\/audiohypnosis.online\/pl\/wp-json\/wp\/v2\/comments?post=170901"}],"version-history":[{"count":1,"href":"https:\/\/audiohypnosis.online\/pl\/wp-json\/wp\/v2\/product\/170901\/revisions"}],"predecessor-version":[{"id":170905,"href":"https:\/\/audiohypnosis.online\/pl\/wp-json\/wp\/v2\/product\/170901\/revisions\/170905"}],"wp:featuredmedia":[{"embeddable":true,"href":"https:\/\/audiohypnosis.online\/pl\/wp-json\/wp\/v2\/media\/165253"}],"wp:attachment":[{"href":"https:\/\/audiohypnosis.online\/pl\/wp-json\/wp\/v2\/media?parent=170901"}],"wp:term":[{"taxonomy":"language","embeddable":true,"href":"https:\/\/audiohypnosis.online\/pl\/wp-json\/wp\/v2\/language?post=170901"},{"taxonomy":"product_cat","embeddable":true,"href":"https:\/\/audiohypnosis.online\/pl\/wp-json\/wp\/v2\/product_cat?post=170901"},{"taxonomy":"product_tag","embeddable":true,"href":"https:\/\/audiohypnosis.online\/pl\/wp-json\/wp\/v2\/product_tag?post=170901"}],"curies":[{"name":"wp","href":"https:\/\/api.w.org\/{rel}","templated":true}]}}