{"id":17020,"date":"2023-10-14T09:09:13","date_gmt":"2023-10-14T07:09:13","guid":{"rendered":"http:\/\/audiohypnosis.online\/product\/poczucie-winy\/"},"modified":"2023-10-14T09:09:13","modified_gmt":"2023-10-14T07:09:13","slug":"poczucie-winy","status":"publish","type":"product","link":"https:\/\/audiohypnosis.online\/pl\/produkt\/poczucie-winy\/","title":{"rendered":"Poczucie winy"},"content":{"rendered":"<p>Zmagasz si\u0119 z poczuciem winy? Nasze pliki audio MP3 z hipnoz\u0105 maj\u0105 na celu pom\u00f3c ci wyleczy\u0107 si\u0119 i i\u015b\u0107 naprz\u00f3d. Uzyskasz dost\u0119p do 6 plik\u00f3w audio do pobrania i podr\u0119cznika, kt\u00f3ry poprowadzi Ci\u0119 przez emocjonaln\u0105 podr\u00f3\u017c.<\/p>\n","protected":false},"excerpt":{"rendered":"<p>Potrzebujesz pomocy w radzeniu sobie z poczuciem winy?<\/p>\n","protected":false},"featured_media":14196,"comment_status":"closed","ping_status":"closed","template":"","meta":[],"language":[1659,1550,1644],"product_cat":[1508],"product_tag":[1797,1800,1798,1799,1801],"class_list":{"0":"post-17020","1":"product","2":"type-product","3":"status-publish","4":"has-post-thumbnail","6":"language-fr-pl","7":"language-nl-pl","8":"language-de-pl-2","9":"product_cat-dobrostan-emocjonalny","10":"product_tag-dobre-samopoczucie-emocjonalne","11":"product_tag-poczucie-winy","12":"product_tag-samoopieka","13":"product_tag-uzdrowienie","14":"product_tag-zdrowie-psychiczne","15":"pa_languages-francuski","16":"pa_languages-niderlandzki","17":"pa_languages-niemiecki","18":"pa_languages-serbski","20":"entry","21":"has-media","23":"first","24":"instock","25":"purchasable","26":"product-type-variable","27":"has-product-nav","28":"col","29":"span_1_of_4","30":"owp-content-center","31":"owp-thumbs-layout-horizontal","32":"owp-btn-big","33":"owp-tabs-layout-vertical","34":"has-no-thumbnails"},"acf":[],"aioseo_notices":[],"_links":{"self":[{"href":"https:\/\/audiohypnosis.online\/pl\/wp-json\/wp\/v2\/product\/17020","targetHints":{"allow":["GET"]}}],"collection":[{"href":"https:\/\/audiohypnosis.online\/pl\/wp-json\/wp\/v2\/product"}],"about":[{"href":"https:\/\/audiohypnosis.online\/pl\/wp-json\/wp\/v2\/types\/product"}],"replies":[{"embeddable":true,"href":"https:\/\/audiohypnosis.online\/pl\/wp-json\/wp\/v2\/comments?post=17020"}],"version-history":[{"count":0,"href":"https:\/\/audiohypnosis.online\/pl\/wp-json\/wp\/v2\/product\/17020\/revisions"}],"wp:featuredmedia":[{"embeddable":true,"href":"https:\/\/audiohypnosis.online\/pl\/wp-json\/wp\/v2\/media\/14196"}],"wp:attachment":[{"href":"https:\/\/audiohypnosis.online\/pl\/wp-json\/wp\/v2\/media?parent=17020"}],"wp:term":[{"taxonomy":"language","embeddable":true,"href":"https:\/\/audiohypnosis.online\/pl\/wp-json\/wp\/v2\/language?post=17020"},{"taxonomy":"product_cat","embeddable":true,"href":"https:\/\/audiohypnosis.online\/pl\/wp-json\/wp\/v2\/product_cat?post=17020"},{"taxonomy":"product_tag","embeddable":true,"href":"https:\/\/audiohypnosis.online\/pl\/wp-json\/wp\/v2\/product_tag?post=17020"}],"curies":[{"name":"wp","href":"https:\/\/api.w.org\/{rel}","templated":true}]}}