{"id":16929,"date":"2023-10-14T09:09:13","date_gmt":"2023-10-14T07:09:13","guid":{"rendered":"http:\/\/audiohypnosis.online\/product\/wystapienia-publiczne\/"},"modified":"2023-10-14T09:09:13","modified_gmt":"2023-10-14T07:09:13","slug":"wystapienia-publiczne","status":"publish","type":"product","link":"https:\/\/audiohypnosis.online\/pl\/produkt\/wystapienia-publiczne\/","title":{"rendered":"Wyst\u0105pienia publiczne"},"content":{"rendered":"<p>Chcesz poprawi\u0107 swoje umiej\u0119tno\u015bci wyst\u0105pie\u0144 publicznych? Nasze sesje hipnozy audio koncentruj\u0105 si\u0119 na zwi\u0119kszeniu pewno\u015bci siebie i umiej\u0119tno\u015bci komunikacyjnych. Otrzymasz 6 plik\u00f3w audio i podr\u0119cznik, aby uzyska\u0107 najlepsze wyniki.<\/p>\n","protected":false},"excerpt":{"rendered":"<p>Boisz si\u0119 wyst\u0105pie\u0144 publicznych?<\/p>\n","protected":false},"featured_media":14292,"comment_status":"closed","ping_status":"closed","template":"","meta":[],"language":[1659,2103,1550,1644,3059],"product_cat":[1514],"product_tag":[],"class_list":{"0":"post-16929","1":"product","2":"type-product","3":"status-publish","4":"has-post-thumbnail","6":"language-fr-pl","7":"language-es-pl","8":"language-nl-pl","9":"language-de-pl-2","10":"language-it-pl","11":"product_cat-samodoskonalenie","12":"pa_languages-francuski","13":"pa_languages-hiszpanski","14":"pa_languages-niderlandzki","15":"pa_languages-niemiecki","16":"pa_languages-portugalski-brazylia","17":"pa_languages-serbski","18":"pa_languages-ukrainski","19":"pa_languages-wegierski","20":"pa_languages-wloski","22":"entry","23":"has-media","25":"first","26":"instock","27":"purchasable","28":"product-type-variable","29":"has-product-nav","30":"col","31":"span_1_of_4","32":"owp-content-center","33":"owp-thumbs-layout-horizontal","34":"owp-btn-big","35":"owp-tabs-layout-vertical","36":"has-no-thumbnails"},"acf":[],"aioseo_notices":[],"_links":{"self":[{"href":"https:\/\/audiohypnosis.online\/pl\/wp-json\/wp\/v2\/product\/16929","targetHints":{"allow":["GET"]}}],"collection":[{"href":"https:\/\/audiohypnosis.online\/pl\/wp-json\/wp\/v2\/product"}],"about":[{"href":"https:\/\/audiohypnosis.online\/pl\/wp-json\/wp\/v2\/types\/product"}],"replies":[{"embeddable":true,"href":"https:\/\/audiohypnosis.online\/pl\/wp-json\/wp\/v2\/comments?post=16929"}],"version-history":[{"count":0,"href":"https:\/\/audiohypnosis.online\/pl\/wp-json\/wp\/v2\/product\/16929\/revisions"}],"wp:featuredmedia":[{"embeddable":true,"href":"https:\/\/audiohypnosis.online\/pl\/wp-json\/wp\/v2\/media\/14292"}],"wp:attachment":[{"href":"https:\/\/audiohypnosis.online\/pl\/wp-json\/wp\/v2\/media?parent=16929"}],"wp:term":[{"taxonomy":"language","embeddable":true,"href":"https:\/\/audiohypnosis.online\/pl\/wp-json\/wp\/v2\/language?post=16929"},{"taxonomy":"product_cat","embeddable":true,"href":"https:\/\/audiohypnosis.online\/pl\/wp-json\/wp\/v2\/product_cat?post=16929"},{"taxonomy":"product_tag","embeddable":true,"href":"https:\/\/audiohypnosis.online\/pl\/wp-json\/wp\/v2\/product_tag?post=16929"}],"curies":[{"name":"wp","href":"https:\/\/api.w.org\/{rel}","templated":true}]}}