{"id":16732,"date":"2023-10-14T09:09:13","date_gmt":"2023-10-14T07:09:13","guid":{"rendered":"http:\/\/audiohypnosis.online\/product\/jakanie\/"},"modified":"2023-10-14T09:09:13","modified_gmt":"2023-10-14T07:09:13","slug":"jakanie","status":"publish","type":"product","link":"https:\/\/audiohypnosis.online\/pl\/produkt\/jakanie\/","title":{"rendered":"J\u0105kanie"},"content":{"rendered":"<p>Chcesz poradzi\u0107 sobie z j\u0105kaniem? Nasze pliki audio MP3 z hipnoz\u0105 mog\u0105 pom\u00f3c w uzyskaniu lepszej kontroli nad mow\u0105. Pakiet zawiera 6 plik\u00f3w audio i podr\u0119cznik skutecznych \u0107wicze\u0144.<\/p>\n","protected":false},"excerpt":{"rendered":"<p>Chcesz kontrolowa\u0107 swoje j\u0105kanie?<\/p>\n","protected":false},"featured_media":14202,"comment_status":"closed","ping_status":"closed","template":"","meta":[],"language":[1659,2103,1550,1644,3059],"product_cat":[1512],"product_tag":[],"class_list":{"0":"post-16732","1":"product","2":"type-product","3":"status-publish","4":"has-post-thumbnail","6":"language-fr-pl","7":"language-es-pl","8":"language-nl-pl","9":"language-de-pl-2","10":"language-it-pl","11":"product_cat-zdrowie-i-dobrostan","12":"pa_languages-francuski","13":"pa_languages-hiszpanski","14":"pa_languages-niderlandzki","15":"pa_languages-serbski","16":"pa_languages-ukrainski","17":"pa_languages-wegierski","18":"pa_languages-wloski","20":"entry","21":"has-media","23":"first","24":"instock","25":"purchasable","26":"product-type-variable","27":"has-product-nav","28":"col","29":"span_1_of_4","30":"owp-content-center","31":"owp-thumbs-layout-horizontal","32":"owp-btn-big","33":"owp-tabs-layout-vertical","34":"has-no-thumbnails"},"acf":[],"aioseo_notices":[],"_links":{"self":[{"href":"https:\/\/audiohypnosis.online\/pl\/wp-json\/wp\/v2\/product\/16732","targetHints":{"allow":["GET"]}}],"collection":[{"href":"https:\/\/audiohypnosis.online\/pl\/wp-json\/wp\/v2\/product"}],"about":[{"href":"https:\/\/audiohypnosis.online\/pl\/wp-json\/wp\/v2\/types\/product"}],"replies":[{"embeddable":true,"href":"https:\/\/audiohypnosis.online\/pl\/wp-json\/wp\/v2\/comments?post=16732"}],"version-history":[{"count":0,"href":"https:\/\/audiohypnosis.online\/pl\/wp-json\/wp\/v2\/product\/16732\/revisions"}],"wp:featuredmedia":[{"embeddable":true,"href":"https:\/\/audiohypnosis.online\/pl\/wp-json\/wp\/v2\/media\/14202"}],"wp:attachment":[{"href":"https:\/\/audiohypnosis.online\/pl\/wp-json\/wp\/v2\/media?parent=16732"}],"wp:term":[{"taxonomy":"language","embeddable":true,"href":"https:\/\/audiohypnosis.online\/pl\/wp-json\/wp\/v2\/language?post=16732"},{"taxonomy":"product_cat","embeddable":true,"href":"https:\/\/audiohypnosis.online\/pl\/wp-json\/wp\/v2\/product_cat?post=16732"},{"taxonomy":"product_tag","embeddable":true,"href":"https:\/\/audiohypnosis.online\/pl\/wp-json\/wp\/v2\/product_tag?post=16732"}],"curies":[{"name":"wp","href":"https:\/\/api.w.org\/{rel}","templated":true}]}}