{"id":16640,"date":"2023-10-14T09:09:13","date_gmt":"2023-10-14T07:09:13","guid":{"rendered":"http:\/\/audiohypnosis.online\/product\/szumy-uszne\/"},"modified":"2023-10-14T09:09:13","modified_gmt":"2023-10-14T07:09:13","slug":"szum-w-uszach","status":"publish","type":"product","link":"https:\/\/audiohypnosis.online\/pl\/produkt\/szum-w-uszach\/","title":{"rendered":"Szumy uszne"},"content":{"rendered":"<p>Dokucza ci ci\u0105g\u0142e dzwonienie w uszach? Nasze pliki MP3 z hipnoz\u0105 audio koncentruj\u0105 si\u0119 na uldze i dobrym samopoczuciu. Pakiet zawiera 6 r\u00f3\u017cnych plik\u00f3w audio i podr\u0119cznik, kt\u00f3ry poprowadzi Ci\u0119 w kierunku spokojniejszego \u017cycia.<\/p>\n","protected":false},"excerpt":{"rendered":"<p>Potrzebujesz ulgi od szum\u00f3w usznych?<\/p>\n","protected":false},"featured_media":14214,"comment_status":"closed","ping_status":"closed","template":"","meta":[],"language":[1659,1550,3059],"product_cat":[1512],"product_tag":[1687,3509,1686,1685,1646],"class_list":{"0":"post-16640","1":"product","2":"type-product","3":"status-publish","4":"has-post-thumbnail","6":"language-fr-pl","7":"language-nl-pl","8":"language-it-pl","9":"product_cat-zdrowie-i-dobrostan","10":"product_tag-dzwiek","11":"product_tag-salud-pl","12":"product_tag-ucho","13":"product_tag-ulga","14":"product_tag-zdrowie-pl","15":"pa_languages-francuski","16":"pa_languages-niderlandzki","17":"pa_languages-wloski","19":"entry","20":"has-media","22":"first","23":"instock","24":"purchasable","25":"product-type-variable","26":"has-product-nav","27":"col","28":"span_1_of_4","29":"owp-content-center","30":"owp-thumbs-layout-horizontal","31":"owp-btn-big","32":"owp-tabs-layout-vertical","33":"has-no-thumbnails"},"acf":[],"aioseo_notices":[],"_links":{"self":[{"href":"https:\/\/audiohypnosis.online\/pl\/wp-json\/wp\/v2\/product\/16640","targetHints":{"allow":["GET"]}}],"collection":[{"href":"https:\/\/audiohypnosis.online\/pl\/wp-json\/wp\/v2\/product"}],"about":[{"href":"https:\/\/audiohypnosis.online\/pl\/wp-json\/wp\/v2\/types\/product"}],"replies":[{"embeddable":true,"href":"https:\/\/audiohypnosis.online\/pl\/wp-json\/wp\/v2\/comments?post=16640"}],"version-history":[{"count":0,"href":"https:\/\/audiohypnosis.online\/pl\/wp-json\/wp\/v2\/product\/16640\/revisions"}],"wp:featuredmedia":[{"embeddable":true,"href":"https:\/\/audiohypnosis.online\/pl\/wp-json\/wp\/v2\/media\/14214"}],"wp:attachment":[{"href":"https:\/\/audiohypnosis.online\/pl\/wp-json\/wp\/v2\/media?parent=16640"}],"wp:term":[{"taxonomy":"language","embeddable":true,"href":"https:\/\/audiohypnosis.online\/pl\/wp-json\/wp\/v2\/language?post=16640"},{"taxonomy":"product_cat","embeddable":true,"href":"https:\/\/audiohypnosis.online\/pl\/wp-json\/wp\/v2\/product_cat?post=16640"},{"taxonomy":"product_tag","embeddable":true,"href":"https:\/\/audiohypnosis.online\/pl\/wp-json\/wp\/v2\/product_tag?post=16640"}],"curies":[{"name":"wp","href":"https:\/\/api.w.org\/{rel}","templated":true}]}}