{"id":16535,"date":"2023-10-14T09:09:13","date_gmt":"2023-10-14T07:09:13","guid":{"rendered":"http:\/\/audiohypnosis.online\/product\/odchudzanie\/"},"modified":"2023-10-14T09:09:13","modified_gmt":"2023-10-14T07:09:13","slug":"odchudzanie","status":"publish","type":"product","link":"https:\/\/audiohypnosis.online\/pl\/produkt\/odchudzanie\/","title":{"rendered":"Odchudzanie"},"content":{"rendered":"<p>Pr\u00f3bujesz schudn\u0105\u0107? Nasze sesje hipnozy audio poprowadz\u0105 Ci\u0119 w kierunku zdrowszych nawyk\u00f3w \u017cywieniowych i \u0107wicze\u0144. Uzyskasz dost\u0119p do 6 plik\u00f3w audio do pobrania i podr\u0119cznika najlepszych praktyk.<\/p>\n","protected":false},"excerpt":{"rendered":"<p>Chcesz zrzuci\u0107 kilka kilogram\u00f3w?<\/p>\n","protected":false},"featured_media":14220,"comment_status":"closed","ping_status":"closed","template":"","meta":[],"language":[1659,2103,1550,1644,3059],"product_cat":[1502],"product_tag":[],"class_list":{"0":"post-16535","1":"product","2":"type-product","3":"status-publish","4":"has-post-thumbnail","6":"language-fr-pl","7":"language-es-pl","8":"language-nl-pl","9":"language-de-pl-2","10":"language-it-pl","11":"product_cat-waga","12":"pa_languages-francuski","13":"pa_languages-hiszpanski","14":"pa_languages-niderlandzki","15":"pa_languages-niemiecki","16":"pa_languages-portugalski-brazylia","17":"pa_languages-serbski","18":"pa_languages-ukrainski","19":"pa_languages-wegierski","20":"pa_languages-wloski","22":"entry","23":"has-media","25":"first","26":"instock","27":"purchasable","28":"product-type-variable","29":"has-product-nav","30":"col","31":"span_1_of_4","32":"owp-content-center","33":"owp-thumbs-layout-horizontal","34":"owp-btn-big","35":"owp-tabs-layout-vertical","36":"has-no-thumbnails"},"acf":[],"aioseo_notices":[],"_links":{"self":[{"href":"https:\/\/audiohypnosis.online\/pl\/wp-json\/wp\/v2\/product\/16535","targetHints":{"allow":["GET"]}}],"collection":[{"href":"https:\/\/audiohypnosis.online\/pl\/wp-json\/wp\/v2\/product"}],"about":[{"href":"https:\/\/audiohypnosis.online\/pl\/wp-json\/wp\/v2\/types\/product"}],"replies":[{"embeddable":true,"href":"https:\/\/audiohypnosis.online\/pl\/wp-json\/wp\/v2\/comments?post=16535"}],"version-history":[{"count":0,"href":"https:\/\/audiohypnosis.online\/pl\/wp-json\/wp\/v2\/product\/16535\/revisions"}],"wp:featuredmedia":[{"embeddable":true,"href":"https:\/\/audiohypnosis.online\/pl\/wp-json\/wp\/v2\/media\/14220"}],"wp:attachment":[{"href":"https:\/\/audiohypnosis.online\/pl\/wp-json\/wp\/v2\/media?parent=16535"}],"wp:term":[{"taxonomy":"language","embeddable":true,"href":"https:\/\/audiohypnosis.online\/pl\/wp-json\/wp\/v2\/language?post=16535"},{"taxonomy":"product_cat","embeddable":true,"href":"https:\/\/audiohypnosis.online\/pl\/wp-json\/wp\/v2\/product_cat?post=16535"},{"taxonomy":"product_tag","embeddable":true,"href":"https:\/\/audiohypnosis.online\/pl\/wp-json\/wp\/v2\/product_tag?post=16535"}],"curies":[{"name":"wp","href":"https:\/\/api.w.org\/{rel}","templated":true}]}}