{"id":16485,"date":"2023-10-14T09:09:13","date_gmt":"2023-10-14T07:09:13","guid":{"rendered":"http:\/\/audiohypnosis.online\/product\/strach-przed-lataniem\/"},"modified":"2023-10-14T09:09:13","modified_gmt":"2023-10-14T07:09:13","slug":"strach-przed-lataniem","status":"publish","type":"product","link":"https:\/\/audiohypnosis.online\/pl\/produkt\/strach-przed-lataniem\/","title":{"rendered":"Strach przed lataniem"},"content":{"rendered":"<p>Boisz si\u0119 lata\u0107? Nasze sesje hipnozy audio zosta\u0142y zaprojektowane, aby pom\u00f3c Ci przezwyci\u0119\u017cy\u0107 ten strach. Pakiet zawiera 6 r\u00f3\u017cnych plik\u00f3w audio MP3 oraz podr\u0119cznik skutecznych praktyk.<\/p>\n","protected":false},"excerpt":{"rendered":"<p>L\u0119k przed lataniem?<\/p>\n","protected":false},"featured_media":14298,"comment_status":"closed","ping_status":"closed","template":"","meta":[],"language":[1550,1644],"product_cat":[1509],"product_tag":[1613,1614,1611,1615,1612],"class_list":{"0":"post-16485","1":"product","2":"type-product","3":"status-publish","4":"has-post-thumbnail","6":"language-nl-pl","7":"language-de-pl-2","8":"product_cat-leki-i-fobie","9":"product_tag-fobia","10":"product_tag-latanie","11":"product_tag-lek","12":"product_tag-podroz","13":"product_tag-strach","14":"pa_languages-niderlandzki","15":"pa_languages-niemiecki","16":"pa_languages-serbski","18":"entry","19":"has-media","21":"first","22":"instock","23":"purchasable","24":"product-type-variable","25":"has-product-nav","26":"col","27":"span_1_of_4","28":"owp-content-center","29":"owp-thumbs-layout-horizontal","30":"owp-btn-big","31":"owp-tabs-layout-vertical","32":"has-no-thumbnails"},"acf":[],"aioseo_notices":[],"_links":{"self":[{"href":"https:\/\/audiohypnosis.online\/pl\/wp-json\/wp\/v2\/product\/16485","targetHints":{"allow":["GET"]}}],"collection":[{"href":"https:\/\/audiohypnosis.online\/pl\/wp-json\/wp\/v2\/product"}],"about":[{"href":"https:\/\/audiohypnosis.online\/pl\/wp-json\/wp\/v2\/types\/product"}],"replies":[{"embeddable":true,"href":"https:\/\/audiohypnosis.online\/pl\/wp-json\/wp\/v2\/comments?post=16485"}],"version-history":[{"count":0,"href":"https:\/\/audiohypnosis.online\/pl\/wp-json\/wp\/v2\/product\/16485\/revisions"}],"wp:featuredmedia":[{"embeddable":true,"href":"https:\/\/audiohypnosis.online\/pl\/wp-json\/wp\/v2\/media\/14298"}],"wp:attachment":[{"href":"https:\/\/audiohypnosis.online\/pl\/wp-json\/wp\/v2\/media?parent=16485"}],"wp:term":[{"taxonomy":"language","embeddable":true,"href":"https:\/\/audiohypnosis.online\/pl\/wp-json\/wp\/v2\/language?post=16485"},{"taxonomy":"product_cat","embeddable":true,"href":"https:\/\/audiohypnosis.online\/pl\/wp-json\/wp\/v2\/product_cat?post=16485"},{"taxonomy":"product_tag","embeddable":true,"href":"https:\/\/audiohypnosis.online\/pl\/wp-json\/wp\/v2\/product_tag?post=16485"}],"curies":[{"name":"wp","href":"https:\/\/api.w.org\/{rel}","templated":true}]}}