{"id":16415,"date":"2023-10-14T09:09:13","date_gmt":"2023-10-14T07:09:13","guid":{"rendered":"http:\/\/audiohypnosis.online\/product\/yips-chipowanie\/"},"modified":"2023-10-14T09:09:13","modified_gmt":"2023-10-14T07:09:13","slug":"yips-chipowanie","status":"publish","type":"product","link":"https:\/\/audiohypnosis.online\/pl\/produkt\/yips-chipowanie\/","title":{"rendered":"Yips (Chipowanie)"},"content":{"rendered":"<p>Borykasz si\u0119 z drgawkami podczas chipowania w golfa? Nasze pliki MP3 z hipnoz\u0105 audio koncentruj\u0105 si\u0119 na poprawie umiej\u0119tno\u015bci i koncentracji. Otrzymasz 6 plik\u00f3w audio i podr\u0119cznik, aby uzyska\u0107 najlepsze wyniki.<\/p>\n","protected":false},"excerpt":{"rendered":"<p>Borykasz si\u0119 z drgawkami podczas chipowania?<\/p>\n","protected":false},"featured_media":160650,"comment_status":"closed","ping_status":"closed","template":"","meta":[],"language":[1550],"product_cat":[1501],"product_tag":[1590,1551,1553,1552,1554],"class_list":{"0":"post-16415","1":"product","2":"type-product","3":"status-publish","4":"has-post-thumbnail","6":"language-nl-pl","7":"product_cat-sport-i-gry","8":"product_tag-chipowanie","9":"product_tag-czas-wolny","10":"product_tag-golfik","11":"product_tag-sporty","12":"product_tag-umiejetnosc","13":"pa_languages-niderlandzki","15":"entry","16":"has-media","18":"first","19":"instock","20":"purchasable","21":"product-type-variable","22":"has-product-nav","23":"col","24":"span_1_of_4","25":"owp-content-center","26":"owp-thumbs-layout-horizontal","27":"owp-btn-big","28":"owp-tabs-layout-vertical","29":"has-no-thumbnails"},"acf":[],"aioseo_notices":[],"_links":{"self":[{"href":"https:\/\/audiohypnosis.online\/pl\/wp-json\/wp\/v2\/product\/16415","targetHints":{"allow":["GET"]}}],"collection":[{"href":"https:\/\/audiohypnosis.online\/pl\/wp-json\/wp\/v2\/product"}],"about":[{"href":"https:\/\/audiohypnosis.online\/pl\/wp-json\/wp\/v2\/types\/product"}],"replies":[{"embeddable":true,"href":"https:\/\/audiohypnosis.online\/pl\/wp-json\/wp\/v2\/comments?post=16415"}],"version-history":[{"count":0,"href":"https:\/\/audiohypnosis.online\/pl\/wp-json\/wp\/v2\/product\/16415\/revisions"}],"wp:featuredmedia":[{"embeddable":true,"href":"https:\/\/audiohypnosis.online\/pl\/wp-json\/wp\/v2\/media\/160650"}],"wp:attachment":[{"href":"https:\/\/audiohypnosis.online\/pl\/wp-json\/wp\/v2\/media?parent=16415"}],"wp:term":[{"taxonomy":"language","embeddable":true,"href":"https:\/\/audiohypnosis.online\/pl\/wp-json\/wp\/v2\/language?post=16415"},{"taxonomy":"product_cat","embeddable":true,"href":"https:\/\/audiohypnosis.online\/pl\/wp-json\/wp\/v2\/product_cat?post=16415"},{"taxonomy":"product_tag","embeddable":true,"href":"https:\/\/audiohypnosis.online\/pl\/wp-json\/wp\/v2\/product_tag?post=16415"}],"curies":[{"name":"wp","href":"https:\/\/api.w.org\/{rel}","templated":true}]}}