{"id":161213,"date":"2024-03-05T10:18:42","date_gmt":"2024-03-05T09:18:42","guid":{"rendered":"https:\/\/audiohypnosis.online\/?post_type=product&#038;p=161213"},"modified":"2024-04-17T17:06:32","modified_gmt":"2024-04-17T15:06:32","slug":"nadmierne-myslenie-copy","status":"publish","type":"product","link":"https:\/\/audiohypnosis.online\/pl\/produkt\/nadmierne-myslenie-copy\/","title":{"rendered":"Wzrost Kreatywno\u015bci"},"content":{"rendered":"<p>Chcesz uwolni\u0107 sw\u00f3j kreatywny przep\u0142yw? Zanurz si\u0119 w naszych prze\u0142omowych MP3 z hipnoz\u0105 audio, zaprojektowanych, aby wznieci\u0107 inspiracj\u0119 i zwi\u0119kszy\u0107 kreatywno\u015b\u0107. Dzi\u0119ki 6 dynamicznym sesjom audio i praktycznemu przewodnikowi, uwolnij sw\u00f3j kreatywny geniusz i zrealizuj swoje wizje.<\/p>\n","protected":false},"excerpt":{"rendered":"<p>Czy chcesz zwi\u0119kszy\u0107 swoje kreatywne osi\u0105gni\u0119cia i odblokowa\u0107 nowe obszary wyobra\u017ani?<\/p>\n","protected":false},"featured_media":161197,"comment_status":"closed","ping_status":"closed","template":"","meta":[],"language":[2097],"product_cat":[1514],"product_tag":[],"class_list":{"0":"post-161213","1":"product","2":"type-product","3":"status-publish","4":"has-post-thumbnail","6":"language-en-pl","7":"product_cat-samodoskonalenie","8":"pa_languages-angielski","9":"pa_languages-niderlandzki","11":"entry","12":"has-media","14":"first","15":"instock","16":"purchasable","17":"product-type-variable","18":"has-product-nav","19":"col","20":"span_1_of_4","21":"owp-content-center","22":"owp-thumbs-layout-horizontal","23":"owp-btn-big","24":"owp-tabs-layout-vertical","25":"has-no-thumbnails"},"acf":[],"aioseo_notices":[],"_links":{"self":[{"href":"https:\/\/audiohypnosis.online\/pl\/wp-json\/wp\/v2\/product\/161213","targetHints":{"allow":["GET"]}}],"collection":[{"href":"https:\/\/audiohypnosis.online\/pl\/wp-json\/wp\/v2\/product"}],"about":[{"href":"https:\/\/audiohypnosis.online\/pl\/wp-json\/wp\/v2\/types\/product"}],"replies":[{"embeddable":true,"href":"https:\/\/audiohypnosis.online\/pl\/wp-json\/wp\/v2\/comments?post=161213"}],"version-history":[{"count":2,"href":"https:\/\/audiohypnosis.online\/pl\/wp-json\/wp\/v2\/product\/161213\/revisions"}],"predecessor-version":[{"id":170858,"href":"https:\/\/audiohypnosis.online\/pl\/wp-json\/wp\/v2\/product\/161213\/revisions\/170858"}],"wp:featuredmedia":[{"embeddable":true,"href":"https:\/\/audiohypnosis.online\/pl\/wp-json\/wp\/v2\/media\/161197"}],"wp:attachment":[{"href":"https:\/\/audiohypnosis.online\/pl\/wp-json\/wp\/v2\/media?parent=161213"}],"wp:term":[{"taxonomy":"language","embeddable":true,"href":"https:\/\/audiohypnosis.online\/pl\/wp-json\/wp\/v2\/language?post=161213"},{"taxonomy":"product_cat","embeddable":true,"href":"https:\/\/audiohypnosis.online\/pl\/wp-json\/wp\/v2\/product_cat?post=161213"},{"taxonomy":"product_tag","embeddable":true,"href":"https:\/\/audiohypnosis.online\/pl\/wp-json\/wp\/v2\/product_tag?post=161213"}],"curies":[{"name":"wp","href":"https:\/\/api.w.org\/{rel}","templated":true}]}}