{"id":161033,"date":"2024-03-05T09:24:50","date_gmt":"2024-03-05T08:24:50","guid":{"rendered":"https:\/\/audiohypnosis.online\/?post_type=product&#038;p=161033"},"modified":"2024-04-12T22:44:53","modified_gmt":"2024-04-12T20:44:53","slug":"agorafobia-copy","status":"publish","type":"product","link":"https:\/\/audiohypnosis.online\/pl\/produkt\/agorafobia-copy\/","title":{"rendered":"Radzenie sobie ze bod\u017acami (ADHD)"},"content":{"rendered":"<p>Czujesz si\u0119 przyt\u0142oczony przez ci\u0105g\u0142e bod\u017ace i rozpraszacze? Nasz pakiet zawiera 6 plik\u00f3w audio do pobrania w r\u00f3\u017cnych wersjach, kt\u00f3re oferuj\u0105 wskaz\u00f3wki dotycz\u0105ce rozwijania umiej\u0119tno\u015bci radzenia sobie z bod\u017acami i zwi\u0119kszania koncentracji, wraz z instrukcj\u0105 dla maksymalnej skuteczno\u015bci.<\/p>\n","protected":false},"excerpt":{"rendered":"<p>Szukasz zasob\u00f3w, kt\u00f3re pomog\u0105 Ci radzi\u0107 sobie z sensorycznymi aspektami ADHD?<\/p>\n","protected":false},"featured_media":161001,"comment_status":"closed","ping_status":"closed","template":"","meta":[],"language":[1550],"product_cat":[1514],"product_tag":[],"class_list":{"0":"post-161033","1":"product","2":"type-product","3":"status-publish","4":"has-post-thumbnail","6":"language-nl-pl","7":"product_cat-samodoskonalenie","8":"pa_languages-niderlandzki","10":"entry","11":"has-media","13":"first","14":"instock","15":"shipping-taxable","16":"purchasable","17":"product-type-variable","18":"has-product-nav","19":"col","20":"span_1_of_4","21":"owp-content-center","22":"owp-thumbs-layout-horizontal","23":"owp-btn-big","24":"owp-tabs-layout-vertical","25":"has-no-thumbnails"},"acf":[],"aioseo_notices":[],"_links":{"self":[{"href":"https:\/\/audiohypnosis.online\/pl\/wp-json\/wp\/v2\/product\/161033","targetHints":{"allow":["GET"]}}],"collection":[{"href":"https:\/\/audiohypnosis.online\/pl\/wp-json\/wp\/v2\/product"}],"about":[{"href":"https:\/\/audiohypnosis.online\/pl\/wp-json\/wp\/v2\/types\/product"}],"replies":[{"embeddable":true,"href":"https:\/\/audiohypnosis.online\/pl\/wp-json\/wp\/v2\/comments?post=161033"}],"version-history":[{"count":2,"href":"https:\/\/audiohypnosis.online\/pl\/wp-json\/wp\/v2\/product\/161033\/revisions"}],"predecessor-version":[{"id":170488,"href":"https:\/\/audiohypnosis.online\/pl\/wp-json\/wp\/v2\/product\/161033\/revisions\/170488"}],"wp:featuredmedia":[{"embeddable":true,"href":"https:\/\/audiohypnosis.online\/pl\/wp-json\/wp\/v2\/media\/161001"}],"wp:attachment":[{"href":"https:\/\/audiohypnosis.online\/pl\/wp-json\/wp\/v2\/media?parent=161033"}],"wp:term":[{"taxonomy":"language","embeddable":true,"href":"https:\/\/audiohypnosis.online\/pl\/wp-json\/wp\/v2\/language?post=161033"},{"taxonomy":"product_cat","embeddable":true,"href":"https:\/\/audiohypnosis.online\/pl\/wp-json\/wp\/v2\/product_cat?post=161033"},{"taxonomy":"product_tag","embeddable":true,"href":"https:\/\/audiohypnosis.online\/pl\/wp-json\/wp\/v2\/product_tag?post=161033"}],"curies":[{"name":"wp","href":"https:\/\/api.w.org\/{rel}","templated":true}]}}