{"id":151744,"date":"2024-01-23T10:21:39","date_gmt":"2024-01-23T09:21:39","guid":{"rendered":"https:\/\/audiohypnosis.online\/?post_type=product&#038;p=151744"},"modified":"2024-01-23T10:39:39","modified_gmt":"2024-01-23T09:39:39","slug":"agorafobia","status":"publish","type":"product","link":"https:\/\/audiohypnosis.online\/pl\/produkt\/agorafobia\/","title":{"rendered":"Agorafobia"},"content":{"rendered":"<p>Czy czujesz si\u0119 uwi\u0119ziony w dusz\u0105cym u\u015bcisku agorafobii, walcz\u0105c z niewidzialn\u0105 si\u0142\u0105, kt\u00f3ra ogranicza twoj\u0105 zdolno\u015b\u0107 do anga\u017cowania si\u0119 w \u015bwiat? Nasz pakiet zawiera 6 plik\u00f3w audio do pobrania w r\u00f3\u017cnych wersjach dostosowanych do twoich potrzeb, wraz z instrukcj\u0105 zapewniaj\u0105c\u0105 maksymaln\u0105 skuteczno\u015b\u0107.<\/p>\n","protected":false},"excerpt":{"rendered":"<p>Agorafobia mo\u017ce by\u0107 stanem izoluj\u0105cym i niepokoj\u0105cym, wp\u0142ywaj\u0105cym na twoj\u0105 zdolno\u015b\u0107 poruszania si\u0119 w przestrzeni publicznej i utrudniaj\u0105cym interakcje spo\u0142eczne.<\/p>\n","protected":false},"featured_media":14172,"comment_status":"closed","ping_status":"closed","template":"","meta":[],"language":[2097,1659,1550,1644],"product_cat":[1509],"product_tag":[3132,2333,1612],"class_list":{"0":"post-151744","1":"product","2":"type-product","3":"status-publish","4":"has-post-thumbnail","6":"language-en-pl","7":"language-fr-pl","8":"language-nl-pl","9":"language-de-pl-2","10":"product_cat-leki-i-fobie","11":"product_tag-agorafobia-pl","12":"product_tag-fobie-pl","13":"product_tag-strach","14":"pa_languages-angielski","15":"pa_languages-francuski","16":"pa_languages-niderlandzki","17":"pa_languages-niemiecki","18":"pa_languages-ukrainski","19":"pa_languages-wegierski","21":"entry","22":"has-media","24":"first","25":"instock","26":"shipping-taxable","27":"purchasable","28":"product-type-variable","29":"has-product-nav","30":"col","31":"span_1_of_4","32":"owp-content-center","33":"owp-thumbs-layout-horizontal","34":"owp-btn-big","35":"owp-tabs-layout-vertical","36":"has-no-thumbnails"},"acf":[],"aioseo_notices":[],"_links":{"self":[{"href":"https:\/\/audiohypnosis.online\/pl\/wp-json\/wp\/v2\/product\/151744","targetHints":{"allow":["GET"]}}],"collection":[{"href":"https:\/\/audiohypnosis.online\/pl\/wp-json\/wp\/v2\/product"}],"about":[{"href":"https:\/\/audiohypnosis.online\/pl\/wp-json\/wp\/v2\/types\/product"}],"replies":[{"embeddable":true,"href":"https:\/\/audiohypnosis.online\/pl\/wp-json\/wp\/v2\/comments?post=151744"}],"version-history":[{"count":2,"href":"https:\/\/audiohypnosis.online\/pl\/wp-json\/wp\/v2\/product\/151744\/revisions"}],"predecessor-version":[{"id":151881,"href":"https:\/\/audiohypnosis.online\/pl\/wp-json\/wp\/v2\/product\/151744\/revisions\/151881"}],"wp:featuredmedia":[{"embeddable":true,"href":"https:\/\/audiohypnosis.online\/pl\/wp-json\/wp\/v2\/media\/14172"}],"wp:attachment":[{"href":"https:\/\/audiohypnosis.online\/pl\/wp-json\/wp\/v2\/media?parent=151744"}],"wp:term":[{"taxonomy":"language","embeddable":true,"href":"https:\/\/audiohypnosis.online\/pl\/wp-json\/wp\/v2\/language?post=151744"},{"taxonomy":"product_cat","embeddable":true,"href":"https:\/\/audiohypnosis.online\/pl\/wp-json\/wp\/v2\/product_cat?post=151744"},{"taxonomy":"product_tag","embeddable":true,"href":"https:\/\/audiohypnosis.online\/pl\/wp-json\/wp\/v2\/product_tag?post=151744"}],"curies":[{"name":"wp","href":"https:\/\/api.w.org\/{rel}","templated":true}]}}