{"id":20870,"date":"2023-10-20T11:51:16","date_gmt":"2023-10-20T09:51:16","guid":{"rendered":"http:\/\/audiohypnosis.online\/privacy\/"},"modified":"2023-10-20T12:05:44","modified_gmt":"2023-10-20T10:05:44","slug":"privacy","status":"publish","type":"page","link":"https:\/\/audiohypnosis.online\/pl\/privacy\/","title":{"rendered":"Privacy Policy"},"content":{"rendered":"\t\t<div data-elementor-type=\"wp-page\" data-elementor-id=\"20870\" class=\"elementor elementor-20870\" data-elementor-post-type=\"page\">\n\t\t\t\t<div class=\"elementor-element elementor-element-00c9fb4 e-flex e-con-boxed e-con e-parent\" data-id=\"00c9fb4\" data-element_type=\"container\">\n\t\t\t\t\t<div class=\"e-con-inner\">\n\t\t\t\t<div class=\"elementor-element elementor-element-e04adcf elementor-widget elementor-widget-heading\" data-id=\"e04adcf\" data-element_type=\"widget\" data-widget_type=\"heading.default\">\n\t\t\t\t<div class=\"elementor-widget-container\">\n\t\t\t<style>\/*! elementor - v3.23.0 - 23-07-2024 *\/\n.elementor-heading-title{padding:0;margin:0;line-height:1}.elementor-widget-heading .elementor-heading-title[class*=elementor-size-]>a{color:inherit;font-size:inherit;line-height:inherit}.elementor-widget-heading .elementor-heading-title.elementor-size-small{font-size:15px}.elementor-widget-heading .elementor-heading-title.elementor-size-medium{font-size:19px}.elementor-widget-heading .elementor-heading-title.elementor-size-large{font-size:29px}.elementor-widget-heading .elementor-heading-title.elementor-size-xl{font-size:39px}.elementor-widget-heading .elementor-heading-title.elementor-size-xxl{font-size:59px}<\/style><h1 class=\"elementor-heading-title elementor-size-default\">Polityka prywatno\u015bci<\/h1>\t\t<\/div>\n\t\t\t\t<\/div>\n\t\t\t\t<div class=\"elementor-element elementor-element-a027b76 elementor-widget elementor-widget-text-editor\" data-id=\"a027b76\" data-element_type=\"widget\" data-widget_type=\"text-editor.default\">\n\t\t\t\t<div class=\"elementor-widget-container\">\n\t\t\t<style>\/*! elementor - v3.23.0 - 23-07-2024 *\/\n.elementor-widget-text-editor.elementor-drop-cap-view-stacked .elementor-drop-cap{background-color:#69727d;color:#fff}.elementor-widget-text-editor.elementor-drop-cap-view-framed .elementor-drop-cap{color:#69727d;border:3px solid;background-color:transparent}.elementor-widget-text-editor:not(.elementor-drop-cap-view-default) .elementor-drop-cap{margin-top:8px}.elementor-widget-text-editor:not(.elementor-drop-cap-view-default) .elementor-drop-cap-letter{width:1em;height:1em}.elementor-widget-text-editor .elementor-drop-cap{float:left;text-align:center;line-height:1;font-size:50px}.elementor-widget-text-editor .elementor-drop-cap-letter{display:inline-block}<\/style>\t\t\t\t<div class=\"flex-1 overflow-hidden\"><div class=\"react-scroll-to-bottom--css-snezn-79elbk h-full dark:bg-gray-800\"><div class=\"react-scroll-to-bottom--css-snezn-1n7m0yu\"><div class=\"flex flex-col text-sm dark:bg-gray-800\"><div class=\"group w-full text-token-text-primary border-b border-black\/10 gizmo:border-0 dark:border-gray-900\/50 gizmo:dark:border-0 bg-gray-50 gizmo:bg-transparent dark:bg-[#444654] gizmo:dark:bg-transparent\" data-testid=\"conversation-turn-41\"><div class=\"p-4 justify-center text-base md:gap-6 md:py-6 m-auto\"><div class=\"flex flex-1 gap-4 text-base mx-auto md:gap-6 gizmo:gap-3 gizmo:md:px-5 gizmo:lg:px-1 gizmo:xl:px-5 md:max-w-2xl lg:max-w-[38rem] gizmo:md:max-w-3xl gizmo:lg:max-w-[40rem] gizmo:xl:max-w-[48rem] xl:max-w-3xl }\"><div class=\"relative flex w-[calc(100%-50px)] flex-col gizmo:w-full lg:w-[calc(100%-115px)] agent-turn\"><div class=\"flex-col gap-1 md:gap-3\"><div class=\"flex flex-grow flex-col gap-3 max-w-full\"><div class=\"min-h-[20px] flex flex-col items-start gap-3 whitespace-pre-wrap break-words overflow-x-auto\"><div class=\"markdown prose w-full break-words dark:prose-invert light\"><p style=\"text-align: center;\"><strong>Ostatnia aktualizacja: Pa\u017adziernik 2023<\/strong><\/p><p><br \/>Wprowadzenie<\/p><p>Dzi\u0119kujemy za wyb\u00f3r i do\u0142\u0105czenie do naszej spo\u0142eczno\u015bci w AudioHypnosis.online, us\u0142udze \u015bwiadczonej przez The Spiral LTD, z siedzib\u0105 w Bu\u0142garii (&#8220;my&#8221;, &#8220;nas&#8221;, &#8220;nasz&#8221;). Jeste\u015bmy zobowi\u0105zani do ochrony Twoich danych osobowych. Niniejsza Polityka Prywatno\u015bci wyja\u015bnia, jak zbieramy, u\u017cywamy, ujawniamy i chronimy Twoje informacje, gdy odwiedzasz nasz\u0105 stron\u0119 internetow\u0105 AudioHypnosis.online.<\/p><p>Zgoda<\/p><p>Korzystaj\u0105c z naszej strony internetowej, wyra\u017casz zgod\u0119 na nasz\u0105 Polityk\u0119 Prywatno\u015bci i jej warunki.<\/p><p>Jakie informacje zbieramy<\/p><p>Zbieramy informacje, kt\u00f3re nam dobrowolnie dostarczasz, gdy rejestrujesz si\u0119 na naszej stronie, sk\u0142adasz zam\u00f3wienie i korzystasz z naszych us\u0142ug. Mo\u017ce to obejmowa\u0107:<\/p><p>Informacje identyfikacyjne: imi\u0119 i nazwisko, adres e-mail, adres dostawy itd. Informacje o p\u0142atno\u015bci: numery kart kredytowych, szczeg\u00f3\u0142y bramki p\u0142atniczej itd. Jak u\u017cywamy Twoich informacji<\/p><p>U\u017cywamy Twoich informacji w r\u00f3\u017cnych celach, takich jak:<\/p><p>Do przetwarzania Twojego zam\u00f3wienia i zarz\u0105dzania Twoim kontem. W celu ulepszenia naszej strony internetowej i us\u0142ug. Do komunikacji z Tob\u0105, w tym obs\u0142ugi klienta i ofert promocyjnych. Jak chronimy Twoje informacje<\/p><p>Twoja prywatno\u015b\u0107 jest dla nas wa\u017cna. Wdra\u017camy r\u00f3\u017cnorodne \u015brodki bezpiecze\u0144stwa, aby chroni\u0107 Twoje dane osobowe.<\/p><p>Przechowywanie danych<\/p><p>Zachowamy Twoje dane osobowe tylko tak d\u0142ugo, jak jest to konieczne dla cel\u00f3w okre\u015blonych w niniejszej Polityce Prywatno\u015bci.<\/p><p>Cookies<\/p><p>U\u017cywamy plik\u00f3w cookie, aby poprawi\u0107 Twoje do\u015bwiadczenia na naszej stronie internetowej. Masz mo\u017cliwo\u015b\u0107 wy\u0142\u0105czenia plik\u00f3w cookie w ustawieniach swojej przegl\u0105darki.<\/p><p>Linki do stron trzecich<\/p><p>Nasza strona mo\u017ce zawiera\u0107 linki do zewn\u0119trznych stron internetowych, kt\u00f3re nie s\u0105 przez nas obs\u0142ugiwane. Nie jeste\u015bmy odpowiedzialni za praktyki zwi\u0105zane z prywatno\u015bci\u0105 na tych zewn\u0119trznych stronach internetowych.<\/p><p>Twoje prawa<\/p><p>Masz prawo do dost\u0119pu, poprawienia lub usuni\u0119cia swoich danych osobowych w ka\u017cdym momencie.<\/p><p>Zmiany w Polityce Prywatno\u015bci<\/p><p>Zastrzegamy sobie prawo do zmiany niniejszej Polityki Prywatno\u015bci w dowolnym momencie, dlatego prosimy o jej regularne sprawdzanie. Zmiany zaczn\u0105 obowi\u0105zywa\u0107 natychmiast po ich opublikowaniu na stronie internetowej.<\/p><p>Skontaktuj si\u0119 z nami<\/p><p>Je\u015bli masz jakiekolwiek pytania dotycz\u0105ce tej Polityki Prywatno\u015bci, mo\u017cesz si\u0119 z nami skontaktowa\u0107:<\/p><p>Poprzez e-mail: <a href=\"mailto:support@audiohypnosis.online\" target=\"_new\">support@audiohypnosis.online<\/a><\/p><\/div><\/div><\/div><\/div><\/div><\/div><\/div><\/div><\/div><\/div><\/div><\/div>\t\t\t\t\t\t<\/div>\n\t\t\t\t<\/div>\n\t\t\t\t\t<\/div>\n\t\t\t\t<\/div>\n\t\t\t\t<\/div>\n\t\t","protected":false},"excerpt":{"rendered":"<p>Polityka prywatno\u015bci Ostatnia aktualizacja: Pa\u017adziernik 2023 Wprowadzenie Dzi\u0119kujemy za wyb\u00f3r i do\u0142\u0105czenie do naszej spo\u0142eczno\u015bci w AudioHypnosis.online, us\u0142udze \u015bwiadczonej przez The Spiral LTD, z siedzib\u0105 w Bu\u0142garii (&#8220;my&#8221;, &#8220;nas&#8221;, &#8220;nasz&#8221;). Jeste\u015bmy zobowi\u0105zani do ochrony Twoich danych osobowych. Niniejsza Polityka Prywatno\u015bci wyja\u015bnia, jak zbieramy, u\u017cywamy, ujawniamy i chronimy Twoje informacje, gdy odwiedzasz nasz\u0105 stron\u0119 internetow\u0105 AudioHypnosis.online. [&hellip;]<\/p>\n","protected":false},"author":1,"featured_media":0,"parent":0,"menu_order":0,"comment_status":"closed","ping_status":"closed","template":"elementor_theme","meta":{"footnotes":""},"wf_page_folders":[],"class_list":["post-20870","page","type-page","status-publish","hentry","entry","owp-thumbs-layout-horizontal","owp-btn-big","owp-tabs-layout-vertical","has-no-thumbnails","has-product-nav"],"acf":[],"aioseo_notices":[],"_links":{"self":[{"href":"https:\/\/audiohypnosis.online\/pl\/wp-json\/wp\/v2\/pages\/20870","targetHints":{"allow":["GET"]}}],"collection":[{"href":"https:\/\/audiohypnosis.online\/pl\/wp-json\/wp\/v2\/pages"}],"about":[{"href":"https:\/\/audiohypnosis.online\/pl\/wp-json\/wp\/v2\/types\/page"}],"author":[{"embeddable":true,"href":"https:\/\/audiohypnosis.online\/pl\/wp-json\/wp\/v2\/users\/1"}],"replies":[{"embeddable":true,"href":"https:\/\/audiohypnosis.online\/pl\/wp-json\/wp\/v2\/comments?post=20870"}],"version-history":[{"count":0,"href":"https:\/\/audiohypnosis.online\/pl\/wp-json\/wp\/v2\/pages\/20870\/revisions"}],"wp:attachment":[{"href":"https:\/\/audiohypnosis.online\/pl\/wp-json\/wp\/v2\/media?parent=20870"}],"wp:term":[{"taxonomy":"wf_page_folders","embeddable":true,"href":"https:\/\/audiohypnosis.online\/pl\/wp-json\/wp\/v2\/wf_page_folders?post=20870"}],"curies":[{"name":"wp","href":"https:\/\/api.w.org\/{rel}","templated":true}]}}