{"id":20506,"date":"2023-10-20T11:24:29","date_gmt":"2023-10-20T09:24:29","guid":{"rendered":"http:\/\/audiohypnosis.online\/audio-hypnosis-general-terms\/"},"modified":"2023-10-20T11:43:45","modified_gmt":"2023-10-20T09:43:45","slug":"audio-hypnosis-general-terms","status":"publish","type":"page","link":"https:\/\/audiohypnosis.online\/pl\/audio-hypnosis-general-terms\/","title":{"rendered":"Audio Hypnosis &#8211; General Terms"},"content":{"rendered":"\t\t<div data-elementor-type=\"wp-page\" data-elementor-id=\"20506\" class=\"elementor elementor-20506 elementor-20376\" data-elementor-post-type=\"page\">\n\t\t\t\t<div class=\"elementor-element elementor-element-b83a8c9 e-flex e-con-boxed e-con e-parent\" data-id=\"b83a8c9\" data-element_type=\"container\" data-settings=\"{&quot;background_background&quot;:&quot;classic&quot;,&quot;shape_divider_top&quot;:&quot;mountains&quot;,&quot;shape_divider_bottom&quot;:&quot;mountains&quot;}\">\n\t\t\t\t\t<div class=\"e-con-inner\">\n\t\t\t\t<div class=\"elementor-shape elementor-shape-top\" data-negative=\"false\">\n\t\t\t<svg xmlns=\"http:\/\/www.w3.org\/2000\/svg\" viewBox=\"0 0 1000 100\" preserveAspectRatio=\"none\">\n\t<path class=\"elementor-shape-fill\" opacity=\"0.33\" d=\"M473,67.3c-203.9,88.3-263.1-34-320.3,0C66,119.1,0,59.7,0,59.7V0h1000v59.7 c0,0-62.1,26.1-94.9,29.3c-32.8,3.3-62.8-12.3-75.8-22.1C806,49.6,745.3,8.7,694.9,4.7S492.4,59,473,67.3z\"\/>\n\t<path class=\"elementor-shape-fill\" opacity=\"0.66\" d=\"M734,67.3c-45.5,0-77.2-23.2-129.1-39.1c-28.6-8.7-150.3-10.1-254,39.1 s-91.7-34.4-149.2,0C115.7,118.3,0,39.8,0,39.8V0h1000v36.5c0,0-28.2-18.5-92.1-18.5C810.2,18.1,775.7,67.3,734,67.3z\"\/>\n\t<path class=\"elementor-shape-fill\" d=\"M766.1,28.9c-200-57.5-266,65.5-395.1,19.5C242,1.8,242,5.4,184.8,20.6C128,35.8,132.3,44.9,89.9,52.5C28.6,63.7,0,0,0,0 h1000c0,0-9.9,40.9-83.6,48.1S829.6,47,766.1,28.9z\"\/>\n<\/svg>\t\t<\/div>\n\t\t\t\t<div class=\"elementor-shape elementor-shape-bottom\" data-negative=\"false\">\n\t\t\t<svg xmlns=\"http:\/\/www.w3.org\/2000\/svg\" viewBox=\"0 0 1000 100\" preserveAspectRatio=\"none\">\n\t<path class=\"elementor-shape-fill\" opacity=\"0.33\" d=\"M473,67.3c-203.9,88.3-263.1-34-320.3,0C66,119.1,0,59.7,0,59.7V0h1000v59.7 c0,0-62.1,26.1-94.9,29.3c-32.8,3.3-62.8-12.3-75.8-22.1C806,49.6,745.3,8.7,694.9,4.7S492.4,59,473,67.3z\"\/>\n\t<path class=\"elementor-shape-fill\" opacity=\"0.66\" d=\"M734,67.3c-45.5,0-77.2-23.2-129.1-39.1c-28.6-8.7-150.3-10.1-254,39.1 s-91.7-34.4-149.2,0C115.7,118.3,0,39.8,0,39.8V0h1000v36.5c0,0-28.2-18.5-92.1-18.5C810.2,18.1,775.7,67.3,734,67.3z\"\/>\n\t<path class=\"elementor-shape-fill\" d=\"M766.1,28.9c-200-57.5-266,65.5-395.1,19.5C242,1.8,242,5.4,184.8,20.6C128,35.8,132.3,44.9,89.9,52.5C28.6,63.7,0,0,0,0 h1000c0,0-9.9,40.9-83.6,48.1S829.6,47,766.1,28.9z\"\/>\n<\/svg>\t\t<\/div>\n\t\t\t\t\t<\/div>\n\t\t\t\t<\/div>\n\t\t<div class=\"elementor-element elementor-element-8481795 e-flex e-con-boxed e-con e-parent\" data-id=\"8481795\" data-element_type=\"container\">\n\t\t\t\t\t<div class=\"e-con-inner\">\n\t\t\t\t<div class=\"elementor-element elementor-element-1358c3d elementor-widget elementor-widget-heading\" data-id=\"1358c3d\" data-element_type=\"widget\" data-widget_type=\"heading.default\">\n\t\t\t\t<div class=\"elementor-widget-container\">\n\t\t\t<style>\/*! elementor - v3.23.0 - 23-07-2024 *\/\n.elementor-heading-title{padding:0;margin:0;line-height:1}.elementor-widget-heading .elementor-heading-title[class*=elementor-size-]>a{color:inherit;font-size:inherit;line-height:inherit}.elementor-widget-heading .elementor-heading-title.elementor-size-small{font-size:15px}.elementor-widget-heading .elementor-heading-title.elementor-size-medium{font-size:19px}.elementor-widget-heading .elementor-heading-title.elementor-size-large{font-size:29px}.elementor-widget-heading .elementor-heading-title.elementor-size-xl{font-size:39px}.elementor-widget-heading .elementor-heading-title.elementor-size-xxl{font-size:59px}<\/style><h1 class=\"elementor-heading-title elementor-size-default\">Og\u00f3lne warunki handlowe<\/h1>\t\t<\/div>\n\t\t\t\t<\/div>\n\t\t\t\t<div class=\"elementor-element elementor-element-ddbacb6 elementor-widget elementor-widget-heading\" data-id=\"ddbacb6\" data-element_type=\"widget\" data-widget_type=\"heading.default\">\n\t\t\t\t<div class=\"elementor-widget-container\">\n\t\t\t<h2 class=\"elementor-heading-title elementor-size-default\">Audiohypnosis.online obs\u0142ugiwane przez The Spiral LTD<\/h2>\t\t<\/div>\n\t\t\t\t<\/div>\n\t\t\t\t<div class=\"elementor-element elementor-element-126a4b9 elementor-widget elementor-widget-text-editor\" data-id=\"126a4b9\" data-element_type=\"widget\" data-widget_type=\"text-editor.default\">\n\t\t\t\t<div class=\"elementor-widget-container\">\n\t\t\t<style>\/*! elementor - v3.23.0 - 23-07-2024 *\/\n.elementor-widget-text-editor.elementor-drop-cap-view-stacked .elementor-drop-cap{background-color:#69727d;color:#fff}.elementor-widget-text-editor.elementor-drop-cap-view-framed .elementor-drop-cap{color:#69727d;border:3px solid;background-color:transparent}.elementor-widget-text-editor:not(.elementor-drop-cap-view-default) .elementor-drop-cap{margin-top:8px}.elementor-widget-text-editor:not(.elementor-drop-cap-view-default) .elementor-drop-cap-letter{width:1em;height:1em}.elementor-widget-text-editor .elementor-drop-cap{float:left;text-align:center;line-height:1;font-size:50px}.elementor-widget-text-editor .elementor-drop-cap-letter{display:inline-block}<\/style>\t\t\t\t<h3>Ostatnia aktualizacja: pa\u017adziernik 2023<\/h3>\n\n<hr \/>\n\n<h2>Wprowadzenie<\/h2>\nDzi\u0119kujemy za odwiedzenie AudioHypnosis.online, us\u0142ugi dostarczanej przez The Spiral LTD (&#8220;my&#8221;, &#8220;nas&#8221;, &#8220;nasz&#8221;), z siedzib\u0105 w Bu\u0142garii. Niniejsze Og\u00f3lne Warunki i Zasady reguluj\u0105 korzystanie z naszej strony internetowej oraz zakup produkt\u00f3w i us\u0142ug oferowanych na niej.\n\n<hr \/>\n\n<h2>Akceptacja Warunk\u00f3w<\/h2>\nKorzystaj\u0105c z tej strony internetowej lub uzyskuj\u0105c do niej dost\u0119p, zgadzasz si\u0119 przestrzega\u0107 tych Warunk\u00f3w i Zasad. Je\u015bli nie zgadzasz si\u0119 z jak\u0105kolwiek cz\u0119\u015bci\u0105 tych warunk\u00f3w, prosimy o niekorzystanie z naszej strony internetowej.\n\n<hr \/>\n\n<h2>Konta U\u017cytkownik\u00f3w<\/h2>\nAby dokona\u0107 zakupu na AudioHypnosis.online, mo\u017cesz potrzebowa\u0107 za\u0142o\u017cenia konta. Zgadzasz si\u0119 na dostarczenie dok\u0142adnych i aktualnych informacji oraz na utrzymanie swojego konta w bezpiecze\u0144stwie.\n\n<hr \/>\n\n<h2>Zakupy<\/h2>\n<h3>Cena<\/h3>\nCena ka\u017cdego produktu lub us\u0142ugi jest podana na naszej stronie internetowej. Zastrzegamy sobie prawo do zmiany cen w dowolnym czasie bez powiadomienia.\n<h3>P\u0142atno\u015b\u0107<\/h3>\nWszystkie p\u0142atno\u015bci s\u0105 przetwarzane bezpiecznie przez nasz\u0105 bramk\u0119 p\u0142atno\u015bci online. Twoje dane dotycz\u0105ce p\u0142atno\u015bci b\u0119d\u0105 przechowywane i przetwarzane zgodnie z nasz\u0105 Polityk\u0105 Prywatno\u015bci.\n\n<hr \/>\n\n<h2>Dostawa<\/h2>\nProdukty cyfrowe zostan\u0105 dostarczone za po\u015brednictwem linku do pobrania lub strumieniowania online. Dost\u0119p do zakupionych produkt\u00f3w zostanie udzielony jak tylko p\u0142atno\u015b\u0107 zostanie zweryfikowana.\n\n<hr \/>\n\n<h2>Zwroty i Reklamacje<\/h2>\nZe wzgl\u0119du na cyfrow\u0105 natur\u0119 naszych produkt\u00f3w, wszystkie sprzeda\u017ce s\u0105 ostateczne. Nie b\u0119d\u0105 dokonywane \u017cadne zwroty, chyba \u017ce produkt nie zosta\u0142 dostarczony lub zosta\u0142 \u017ale opisany.\n\n<hr \/>\n\n<h2>Prawa Autorskie<\/h2>\nWszystkie materia\u0142y na tej stronie internetowej, w tym produkty cyfrowe, s\u0105 w\u0142asno\u015bci\u0105 intelektualn\u0105 The Spiral LTD i s\u0105 chronione przez prawa autorskie.\n\n<hr \/>\n\n<h2>Zako\u0144czenie<\/h2>\nZastrzegamy sobie prawo do zako\u0144czenia Twojego konta i dost\u0119pu do naszych us\u0142ug w przypadku naruszenia tych warunk\u00f3w.\n\n<hr \/>\n\n<h2>Ograniczenie Odpowiedzialno\u015bci<\/h2>\nThe Spiral LTD nie b\u0119dzie odpowiedzialna za jakiekolwiek bezpo\u015brednie lub po\u015brednie szkody wynikaj\u0105ce z korzystania z naszej strony internetowej lub produkt\u00f3w.\n\n<hr \/>\n\n<h2>Prawo Obowi\u0105zuj\u0105ce<\/h2>\nNiniejsze Og\u00f3lne Warunki i Zasady s\u0105 regulowane przez prawo bu\u0142garskie. Wszelkie spory b\u0119d\u0105 rozstrzygane przez s\u0105dy bu\u0142garskie.\n\n<hr \/>\n\n<h2>Zmiany w Warunkach<\/h2>\nZastrzegamy sobie prawo do wprowadzenia zmian w tych Warunkach i Zasadach w dowolnym czasie. Wszelkie zmiany zostan\u0105 opublikowane na tej stronie.\n\n<hr \/>\n\n<h2>Informacje kontaktowe<\/h2>\nW przypadku jakichkolwiek pyta\u0144 lub obaw, mo\u017cesz si\u0119 z nami skontaktowa\u0107 pod adresem:\nEmail: <a href=\"mailto:support@audiohypnosis.online\" target=\"_new\">support@audiohypnosis.online<\/a>\n\n<hr \/>\n\nDzi\u0119kujemy za wybranie AudioHypnosis.online i The Spiral LTD. Cieszymy si\u0119 na wsp\u00f3\u0142prac\u0119 z Tob\u0105.\n\t\t\t\t\t\t<\/div>\n\t\t\t\t<\/div>\n\t\t\t\t\t<\/div>\n\t\t\t\t<\/div>\n\t\t\t\t<\/div>\n\t\t","protected":false},"excerpt":{"rendered":"<p>Og\u00f3lne warunki handlowe Audiohypnosis.online obs\u0142ugiwane przez The Spiral LTD Ostatnia aktualizacja: pa\u017adziernik 2023 Wprowadzenie Dzi\u0119kujemy za odwiedzenie AudioHypnosis.online, us\u0142ugi dostarczanej przez The Spiral LTD (&#8220;my&#8221;, &#8220;nas&#8221;, &#8220;nasz&#8221;), z siedzib\u0105 w Bu\u0142garii. Niniejsze Og\u00f3lne Warunki i Zasady reguluj\u0105 korzystanie z naszej strony internetowej oraz zakup produkt\u00f3w i us\u0142ug oferowanych na niej. Akceptacja Warunk\u00f3w Korzystaj\u0105c z tej [&hellip;]<\/p>\n","protected":false},"author":1,"featured_media":0,"parent":0,"menu_order":0,"comment_status":"closed","ping_status":"closed","template":"elementor_theme","meta":{"footnotes":""},"wf_page_folders":[],"class_list":["post-20506","page","type-page","status-publish","hentry","entry","owp-thumbs-layout-horizontal","owp-btn-big","owp-tabs-layout-vertical","has-no-thumbnails","has-product-nav"],"acf":[],"aioseo_notices":[],"_links":{"self":[{"href":"https:\/\/audiohypnosis.online\/pl\/wp-json\/wp\/v2\/pages\/20506","targetHints":{"allow":["GET"]}}],"collection":[{"href":"https:\/\/audiohypnosis.online\/pl\/wp-json\/wp\/v2\/pages"}],"about":[{"href":"https:\/\/audiohypnosis.online\/pl\/wp-json\/wp\/v2\/types\/page"}],"author":[{"embeddable":true,"href":"https:\/\/audiohypnosis.online\/pl\/wp-json\/wp\/v2\/users\/1"}],"replies":[{"embeddable":true,"href":"https:\/\/audiohypnosis.online\/pl\/wp-json\/wp\/v2\/comments?post=20506"}],"version-history":[{"count":0,"href":"https:\/\/audiohypnosis.online\/pl\/wp-json\/wp\/v2\/pages\/20506\/revisions"}],"wp:attachment":[{"href":"https:\/\/audiohypnosis.online\/pl\/wp-json\/wp\/v2\/media?parent=20506"}],"wp:term":[{"taxonomy":"wf_page_folders","embeddable":true,"href":"https:\/\/audiohypnosis.online\/pl\/wp-json\/wp\/v2\/wf_page_folders?post=20506"}],"curies":[{"name":"wp","href":"https:\/\/api.w.org\/{rel}","templated":true}]}}