{"id":153563,"date":"2024-01-26T09:52:15","date_gmt":"2024-01-26T08:52:15","guid":{"rendered":"https:\/\/audiohypnosis.online\/?page_id=153563"},"modified":"2024-01-31T17:12:36","modified_gmt":"2024-01-31T16:12:36","slug":"filmy-wyjasniajace-dla-partnerow","status":"publish","type":"page","link":"https:\/\/audiohypnosis.online\/pl\/affiliate\/filmy-wyjasniajace-dla-partnerow\/","title":{"rendered":"Filmy wyja\u015bniaj\u0105ce dla partner\u00f3w"},"content":{"rendered":"\t\t<div data-elementor-type=\"wp-page\" data-elementor-id=\"153563\" class=\"elementor elementor-153563 elementor-151964\" data-elementor-post-type=\"page\">\n\t\t\t\t<div class=\"elementor-element elementor-element-4b5c64d e-flex e-con-boxed e-con e-parent\" data-id=\"4b5c64d\" data-element_type=\"container\">\n\t\t\t\t\t<div class=\"e-con-inner\">\n\t\t\t\t<div class=\"elementor-element elementor-element-dde425f elementor-widget elementor-widget-heading\" data-id=\"dde425f\" data-element_type=\"widget\" data-widget_type=\"heading.default\">\n\t\t\t\t<div class=\"elementor-widget-container\">\n\t\t\t<style>\/*! elementor - v3.23.0 - 23-07-2024 *\/\n.elementor-heading-title{padding:0;margin:0;line-height:1}.elementor-widget-heading .elementor-heading-title[class*=elementor-size-]>a{color:inherit;font-size:inherit;line-height:inherit}.elementor-widget-heading .elementor-heading-title.elementor-size-small{font-size:15px}.elementor-widget-heading .elementor-heading-title.elementor-size-medium{font-size:19px}.elementor-widget-heading .elementor-heading-title.elementor-size-large{font-size:29px}.elementor-widget-heading .elementor-heading-title.elementor-size-xl{font-size:39px}.elementor-widget-heading .elementor-heading-title.elementor-size-xxl{font-size:59px}<\/style><h2 class=\"elementor-heading-title elementor-size-default\">Explainer Videos Affiliate Program<\/h2>\t\t<\/div>\n\t\t\t\t<\/div>\n\t\t\t\t<div class=\"elementor-element elementor-element-14db76c elementor-widget elementor-widget-heading\" data-id=\"14db76c\" data-element_type=\"widget\" data-widget_type=\"heading.default\">\n\t\t\t\t<div class=\"elementor-widget-container\">\n\t\t\t<h2 class=\"elementor-heading-title elementor-size-default\">The Affiliate Dashboard<\/h2>\t\t<\/div>\n\t\t\t\t<\/div>\n\t\t\t\t<div class=\"elementor-element elementor-element-67a3cd4 elementor-widget elementor-widget-html\" data-id=\"67a3cd4\" data-element_type=\"widget\" data-widget_type=\"html.default\">\n\t\t\t\t<div class=\"elementor-widget-container\">\n\t\t\t<div style=\"position:relative;height:0;width:100%;padding-bottom:62.5%\"><iframe src=\"https:\/\/sendspark.com\/embed\/gb8wsn8gci4ufbi05pm9te6zevmlojja\" frameBorder=\"0\" style=\"position:absolute;width:100%;height:100%;border-radius:6px;left:0;top:0\" allowfullscreen=\"\"><\/iframe><\/div>\t\t<\/div>\n\t\t\t\t<\/div>\n\t\t\t\t<div class=\"elementor-element elementor-element-4ddd539 elementor-widget elementor-widget-heading\" data-id=\"4ddd539\" data-element_type=\"widget\" data-widget_type=\"heading.default\">\n\t\t\t\t<div class=\"elementor-widget-container\">\n\t\t\t<h2 class=\"elementor-heading-title elementor-size-default\">The Canva Templates<\/h2>\t\t<\/div>\n\t\t\t\t<\/div>\n\t\t\t\t<div class=\"elementor-element elementor-element-2671918 elementor-widget elementor-widget-html\" data-id=\"2671918\" data-element_type=\"widget\" data-widget_type=\"html.default\">\n\t\t\t\t<div class=\"elementor-widget-container\">\n\t\t\t<div style=\"position:relative;height:0;width:100%;padding-bottom:44.6875%\"><iframe src=\"https:\/\/sendspark.com\/embed\/blrpydz3obl2u0336bdwhjr3jjzpn3dr\" frameBorder=\"0\" style=\"position:absolute;width:100%;height:100%;border-radius:6px;left:0;top:0\" allowfullscreen=\"\"><\/iframe><\/div>\t\t<\/div>\n\t\t\t\t<\/div>\n\t\t\t\t\t<\/div>\n\t\t\t\t<\/div>\n\t\t\t\t<\/div>\n\t\t","protected":false},"excerpt":{"rendered":"<p>Explainer Videos Affiliate Program The Affiliate Dashboard The Canva Templates<\/p>\n","protected":false},"author":4,"featured_media":0,"parent":16274,"menu_order":0,"comment_status":"closed","ping_status":"closed","template":"","meta":{"footnotes":""},"wf_page_folders":[2721],"class_list":["post-153563","page","type-page","status-publish","hentry","entry","owp-thumbs-layout-horizontal","owp-btn-big","owp-tabs-layout-vertical","has-no-thumbnails","has-product-nav"],"acf":[],"aioseo_notices":[],"_links":{"self":[{"href":"https:\/\/audiohypnosis.online\/pl\/wp-json\/wp\/v2\/pages\/153563","targetHints":{"allow":["GET"]}}],"collection":[{"href":"https:\/\/audiohypnosis.online\/pl\/wp-json\/wp\/v2\/pages"}],"about":[{"href":"https:\/\/audiohypnosis.online\/pl\/wp-json\/wp\/v2\/types\/page"}],"author":[{"embeddable":true,"href":"https:\/\/audiohypnosis.online\/pl\/wp-json\/wp\/v2\/users\/4"}],"replies":[{"embeddable":true,"href":"https:\/\/audiohypnosis.online\/pl\/wp-json\/wp\/v2\/comments?post=153563"}],"version-history":[{"count":1,"href":"https:\/\/audiohypnosis.online\/pl\/wp-json\/wp\/v2\/pages\/153563\/revisions"}],"predecessor-version":[{"id":153608,"href":"https:\/\/audiohypnosis.online\/pl\/wp-json\/wp\/v2\/pages\/153563\/revisions\/153608"}],"up":[{"embeddable":true,"href":"https:\/\/audiohypnosis.online\/pl\/wp-json\/wp\/v2\/pages\/16274"}],"wp:attachment":[{"href":"https:\/\/audiohypnosis.online\/pl\/wp-json\/wp\/v2\/media?parent=153563"}],"wp:term":[{"taxonomy":"wf_page_folders","embeddable":true,"href":"https:\/\/audiohypnosis.online\/pl\/wp-json\/wp\/v2\/wf_page_folders?post=153563"}],"curies":[{"name":"wp","href":"https:\/\/api.w.org\/{rel}","templated":true}]}}