{"id":27157,"date":"2023-10-14T09:09:13","date_gmt":"2023-10-14T07:09:13","guid":{"rendered":"http:\/\/audiohypnosis.online\/product\/produttivita\/"},"modified":"2023-10-14T09:09:13","modified_gmt":"2023-10-14T07:09:13","slug":"produttivita","status":"publish","type":"product","link":"https:\/\/audiohypnosis.online\/it\/prodotto\/produttivita\/","title":{"rendered":"Produttivit\u00e0"},"content":{"rendered":"<p>Hai bisogno di aumentare la produttivit\u00e0? I nostri file audio di ipnosi possono aiutarti a concentrarti e ad essere pi\u00f9 efficiente nei tuoi compiti. Il pacchetto include 6 file audio diversi e un manuale per guidarti verso una maggiore produttivit\u00e0.  <\/p>\n","protected":false},"excerpt":{"rendered":"<p>Hai bisogno di un aumento di produttivit\u00e0?<\/p>\n","protected":false},"featured_media":27158,"comment_status":"closed","ping_status":"closed","template":"","meta":[],"language":[2449,2451,2448,3083,2885,2452,2450],"product_cat":[2458],"product_tag":[2513,2508,2512,2510,2511],"class_list":{"0":"post-27157","1":"product","2":"type-product","3":"status-publish","4":"has-post-thumbnail","6":"language-francese","7":"language-inglese","8":"language-olandese","9":"language-portoghese-brasile","10":"language-serbo","11":"language-spagnolo","12":"language-tedesco","13":"product_cat-miglioramento-personale","14":"product_tag-efficienza","15":"product_tag-focus-it","16":"product_tag-lavoro","17":"product_tag-miglioramento-personale","18":"product_tag-produttivita","19":"pa_languages-francese","20":"pa_languages-inglese","21":"pa_languages-olandese","22":"pa_languages-portoghese-brasile","23":"pa_languages-serbo","24":"pa_languages-spagnolo","25":"pa_languages-tedesco","26":"pa_languages-ucraino","28":"entry","29":"has-media","31":"first","32":"instock","33":"sale","34":"purchasable","35":"product-type-variable","36":"has-product-nav","37":"col","38":"span_1_of_4","39":"owp-content-center","40":"owp-thumbs-layout-horizontal","41":"owp-btn-big","42":"owp-tabs-layout-vertical","43":"has-no-thumbnails"},"acf":[],"aioseo_notices":[],"_links":{"self":[{"href":"https:\/\/audiohypnosis.online\/it\/wp-json\/wp\/v2\/product\/27157","targetHints":{"allow":["GET"]}}],"collection":[{"href":"https:\/\/audiohypnosis.online\/it\/wp-json\/wp\/v2\/product"}],"about":[{"href":"https:\/\/audiohypnosis.online\/it\/wp-json\/wp\/v2\/types\/product"}],"replies":[{"embeddable":true,"href":"https:\/\/audiohypnosis.online\/it\/wp-json\/wp\/v2\/comments?post=27157"}],"version-history":[{"count":0,"href":"https:\/\/audiohypnosis.online\/it\/wp-json\/wp\/v2\/product\/27157\/revisions"}],"wp:featuredmedia":[{"embeddable":true,"href":"https:\/\/audiohypnosis.online\/it\/wp-json\/wp\/v2\/media\/27158"}],"wp:attachment":[{"href":"https:\/\/audiohypnosis.online\/it\/wp-json\/wp\/v2\/media?parent=27157"}],"wp:term":[{"taxonomy":"language","embeddable":true,"href":"https:\/\/audiohypnosis.online\/it\/wp-json\/wp\/v2\/language?post=27157"},{"taxonomy":"product_cat","embeddable":true,"href":"https:\/\/audiohypnosis.online\/it\/wp-json\/wp\/v2\/product_cat?post=27157"},{"taxonomy":"product_tag","embeddable":true,"href":"https:\/\/audiohypnosis.online\/it\/wp-json\/wp\/v2\/product_tag?post=27157"}],"curies":[{"name":"wp","href":"https:\/\/api.w.org\/{rel}","templated":true}]}}