{"id":26788,"date":"2023-10-14T09:09:13","date_gmt":"2023-10-14T07:09:13","guid":{"rendered":"http:\/\/audiohypnosis.online\/product\/incrementa-la-motivazione-allattivita-fisica\/"},"modified":"2023-10-14T09:09:13","modified_gmt":"2023-10-14T07:09:13","slug":"aumenta-la-motivazione-per-lattivita-fisica","status":"publish","type":"product","link":"https:\/\/audiohypnosis.online\/it\/prodotto\/aumenta-la-motivazione-per-lattivita-fisica\/","title":{"rendered":"Incrementa la motivazione all&#8217;attivit\u00e0 fisica"},"content":{"rendered":"<p>Cerchi di essere pi\u00f9 attivo? I nostri file audio di ipnosi mirano ad aumentare la tua motivazione per l&#8217;attivit\u00e0 fisica. Riceverai 6 file audio scaricabili e un manuale per ottenere i migliori risultati.  <\/p>\n","protected":false},"excerpt":{"rendered":"<p>Hai bisogno di motivazione per l&#8217;attivit\u00e0 fisica?<\/p>\n","protected":false},"featured_media":26789,"comment_status":"closed","ping_status":"closed","template":"","meta":[],"language":[2449,2451,2448,3083,2885,2452,2450],"product_cat":[2458],"product_tag":[2478,2476,2477,2479,2475],"class_list":{"0":"post-26788","1":"product","2":"type-product","3":"status-publish","4":"has-post-thumbnail","6":"language-francese","7":"language-inglese","8":"language-olandese","9":"language-portoghese-brasile","10":"language-serbo","11":"language-spagnolo","12":"language-tedesco","13":"product_cat-miglioramento-personale","14":"product_tag-ativita-fisica","15":"product_tag-benessere","16":"product_tag-esercizio","17":"product_tag-motivazione","18":"product_tag-salute-it","19":"pa_languages-francese","20":"pa_languages-inglese","21":"pa_languages-olandese","22":"pa_languages-polacco","23":"pa_languages-portoghese-brasile","24":"pa_languages-serbo","25":"pa_languages-spagnolo","26":"pa_languages-tedesco","27":"pa_languages-ucraino","28":"pa_languages-ungherese","30":"entry","31":"has-media","33":"first","34":"instock","35":"purchasable","36":"product-type-variable","37":"has-product-nav","38":"col","39":"span_1_of_4","40":"owp-content-center","41":"owp-thumbs-layout-horizontal","42":"owp-btn-big","43":"owp-tabs-layout-vertical","44":"has-no-thumbnails"},"acf":[],"aioseo_notices":[],"_links":{"self":[{"href":"https:\/\/audiohypnosis.online\/it\/wp-json\/wp\/v2\/product\/26788","targetHints":{"allow":["GET"]}}],"collection":[{"href":"https:\/\/audiohypnosis.online\/it\/wp-json\/wp\/v2\/product"}],"about":[{"href":"https:\/\/audiohypnosis.online\/it\/wp-json\/wp\/v2\/types\/product"}],"replies":[{"embeddable":true,"href":"https:\/\/audiohypnosis.online\/it\/wp-json\/wp\/v2\/comments?post=26788"}],"version-history":[{"count":0,"href":"https:\/\/audiohypnosis.online\/it\/wp-json\/wp\/v2\/product\/26788\/revisions"}],"wp:featuredmedia":[{"embeddable":true,"href":"https:\/\/audiohypnosis.online\/it\/wp-json\/wp\/v2\/media\/26789"}],"wp:attachment":[{"href":"https:\/\/audiohypnosis.online\/it\/wp-json\/wp\/v2\/media?parent=26788"}],"wp:term":[{"taxonomy":"language","embeddable":true,"href":"https:\/\/audiohypnosis.online\/it\/wp-json\/wp\/v2\/language?post=26788"},{"taxonomy":"product_cat","embeddable":true,"href":"https:\/\/audiohypnosis.online\/it\/wp-json\/wp\/v2\/product_cat?post=26788"},{"taxonomy":"product_tag","embeddable":true,"href":"https:\/\/audiohypnosis.online\/it\/wp-json\/wp\/v2\/product_tag?post=26788"}],"curies":[{"name":"wp","href":"https:\/\/api.w.org\/{rel}","templated":true}]}}