{"id":171129,"date":"2024-04-03T14:22:44","date_gmt":"2024-04-03T12:22:44","guid":{"rendered":"https:\/\/audiohypnosis.online\/?post_type=product&#038;p=171129"},"modified":"2024-04-23T13:21:32","modified_gmt":"2024-04-23T11:21:32","slug":"acquisisci-piu-rispetto-di-se","status":"publish","type":"product","link":"https:\/\/audiohypnosis.online\/it\/prodotto\/acquisisci-piu-rispetto-di-se\/","title":{"rendered":"Acquisisci pi\u00f9 rispetto di s\u00e9"},"content":{"rendered":"<p>Esplora i nostri MP3 di ipnosi audio progettati per coltivare maggiore rispetto di s\u00e9, aumentare la fiducia e favorire l&#8217;empowerment personale. Inizia oggi il tuo viaggio verso l&#8217;autoscoperta. Il nostro pacchetto include sei tracce audio accompagnate da un manuale dettagliato, garantendo una trasformazione profonda.<\/p>\n","protected":false},"excerpt":{"rendered":"<p>Vuoi sviluppare pi\u00f9 rispetto di te stesso?<\/p>\n","protected":false},"featured_media":168794,"comment_status":"closed","ping_status":"closed","template":"","meta":[],"language":[2448,2450],"product_cat":[2458],"product_tag":[3110],"class_list":{"0":"post-171129","1":"product","2":"type-product","3":"status-publish","4":"has-post-thumbnail","6":"language-olandese","7":"language-tedesco","8":"product_cat-miglioramento-personale","9":"product_tag-successo-it","10":"pa_languages-olandese","11":"pa_languages-tedesco","13":"entry","14":"has-media","16":"first","17":"instock","18":"shipping-taxable","19":"purchasable","20":"product-type-variable","21":"has-product-nav","22":"col","23":"span_1_of_4","24":"owp-content-center","25":"owp-thumbs-layout-horizontal","26":"owp-btn-big","27":"owp-tabs-layout-vertical","28":"has-no-thumbnails"},"acf":[],"aioseo_notices":[],"_links":{"self":[{"href":"https:\/\/audiohypnosis.online\/it\/wp-json\/wp\/v2\/product\/171129","targetHints":{"allow":["GET"]}}],"collection":[{"href":"https:\/\/audiohypnosis.online\/it\/wp-json\/wp\/v2\/product"}],"about":[{"href":"https:\/\/audiohypnosis.online\/it\/wp-json\/wp\/v2\/types\/product"}],"replies":[{"embeddable":true,"href":"https:\/\/audiohypnosis.online\/it\/wp-json\/wp\/v2\/comments?post=171129"}],"version-history":[{"count":1,"href":"https:\/\/audiohypnosis.online\/it\/wp-json\/wp\/v2\/product\/171129\/revisions"}],"predecessor-version":[{"id":171132,"href":"https:\/\/audiohypnosis.online\/it\/wp-json\/wp\/v2\/product\/171129\/revisions\/171132"}],"wp:featuredmedia":[{"embeddable":true,"href":"https:\/\/audiohypnosis.online\/it\/wp-json\/wp\/v2\/media\/168794"}],"wp:attachment":[{"href":"https:\/\/audiohypnosis.online\/it\/wp-json\/wp\/v2\/media?parent=171129"}],"wp:term":[{"taxonomy":"language","embeddable":true,"href":"https:\/\/audiohypnosis.online\/it\/wp-json\/wp\/v2\/language?post=171129"},{"taxonomy":"product_cat","embeddable":true,"href":"https:\/\/audiohypnosis.online\/it\/wp-json\/wp\/v2\/product_cat?post=171129"},{"taxonomy":"product_tag","embeddable":true,"href":"https:\/\/audiohypnosis.online\/it\/wp-json\/wp\/v2\/product_tag?post=171129"}],"curies":[{"name":"wp","href":"https:\/\/api.w.org\/{rel}","templated":true}]}}