{"id":171581,"date":"2024-04-04T16:40:23","date_gmt":"2024-04-04T14:40:23","guid":{"rendered":"https:\/\/audiohypnosis.online\/?post_type=product&#038;p=171581"},"modified":"2024-06-05T12:02:19","modified_gmt":"2024-06-05T10:02:19","slug":"csokkentsd-a-kabitoszereket","status":"publish","type":"product","link":"https:\/\/audiohypnosis.online\/hu\/termek\/csokkentsd-a-kabitoszereket\/","title":{"rendered":"Cs\u00f6kkentsd a k\u00e1b\u00edt\u00f3szereket"},"content":{"rendered":"<p>Kezd el az utat egy eg\u00e9szs\u00e9gesebb \u00e9letm\u00f3d fel\u00e9 az audio hipn\u00f3zis MP3-jainkkal. Hat hanganyagot \u00e9s egy r\u00e9szletes k\u00e9zik\u00f6nyvet kapsz a hat\u00e9kony haszn\u00e1lathoz.<\/p>\n","protected":false},"excerpt":{"rendered":"<p>Vedd kezedbe a d\u00f6nt\u00e9seidet, \u00e9s minden napot \u00faj elsz\u00e1nts\u00e1ggal \u00e9s energi\u00e1val k\u00f6zel\u00edts meg, hogy pozit\u00edv v\u00e1ltoz\u00e1st hozz l\u00e9tre.<\/p>\n","protected":false},"featured_media":168893,"comment_status":"closed","ping_status":"closed","template":"","meta":[],"language":[3143],"product_cat":[3244],"product_tag":[3247,3185],"class_list":{"0":"post-171581","1":"product","2":"type-product","3":"status-publish","4":"has-post-thumbnail","6":"language-nemet","7":"product_cat-fuggosegek","8":"product_tag-gondolkodasmod","9":"product_tag-gyogyito","10":"pa_languages-nemet","12":"entry","13":"has-media","15":"first","16":"instock","17":"shipping-taxable","18":"purchasable","19":"product-type-variable","20":"has-product-nav","21":"col","22":"span_1_of_4","23":"owp-content-center","24":"owp-thumbs-layout-horizontal","25":"owp-btn-big","26":"owp-tabs-layout-vertical","27":"has-no-thumbnails"},"acf":[],"aioseo_notices":[],"_links":{"self":[{"href":"https:\/\/audiohypnosis.online\/hu\/wp-json\/wp\/v2\/product\/171581","targetHints":{"allow":["GET"]}}],"collection":[{"href":"https:\/\/audiohypnosis.online\/hu\/wp-json\/wp\/v2\/product"}],"about":[{"href":"https:\/\/audiohypnosis.online\/hu\/wp-json\/wp\/v2\/types\/product"}],"replies":[{"embeddable":true,"href":"https:\/\/audiohypnosis.online\/hu\/wp-json\/wp\/v2\/comments?post=171581"}],"version-history":[{"count":1,"href":"https:\/\/audiohypnosis.online\/hu\/wp-json\/wp\/v2\/product\/171581\/revisions"}],"predecessor-version":[{"id":171583,"href":"https:\/\/audiohypnosis.online\/hu\/wp-json\/wp\/v2\/product\/171581\/revisions\/171583"}],"wp:featuredmedia":[{"embeddable":true,"href":"https:\/\/audiohypnosis.online\/hu\/wp-json\/wp\/v2\/media\/168893"}],"wp:attachment":[{"href":"https:\/\/audiohypnosis.online\/hu\/wp-json\/wp\/v2\/media?parent=171581"}],"wp:term":[{"taxonomy":"language","embeddable":true,"href":"https:\/\/audiohypnosis.online\/hu\/wp-json\/wp\/v2\/language?post=171581"},{"taxonomy":"product_cat","embeddable":true,"href":"https:\/\/audiohypnosis.online\/hu\/wp-json\/wp\/v2\/product_cat?post=171581"},{"taxonomy":"product_tag","embeddable":true,"href":"https:\/\/audiohypnosis.online\/hu\/wp-json\/wp\/v2\/product_tag?post=171581"}],"curies":[{"name":"wp","href":"https:\/\/api.w.org\/{rel}","templated":true}]}}