{"id":171536,"date":"2024-04-04T17:33:14","date_gmt":"2024-04-04T15:33:14","guid":{"rendered":"https:\/\/audiohypnosis.online\/?post_type=product&#038;p=171536"},"modified":"2024-05-30T12:47:33","modified_gmt":"2024-05-30T10:47:33","slug":"kezelje-a-munkahelyi-stresszt","status":"publish","type":"product","link":"https:\/\/audiohypnosis.online\/hu\/termek\/kezelje-a-munkahelyi-stresszt\/","title":{"rendered":"Kezelje a munkahelyi stresszt"},"content":{"rendered":"<p>Mer\u00fclj\u00f6n el munkahelyi stressz kezel\u00e9s\u00e9re szabott audio hipn\u00f3zis MP3-jainkban. A csomag tartalmaz hat audio MP3-at \u00e9s egy gyakorlati k\u00e9zik\u00f6nyvet.<\/p>\n","protected":false},"excerpt":{"rendered":"<p>Fogjon hozz\u00e1 minden munkanaphoz meg\u00fajult elsz\u00e1nts\u00e1ggal \u00e9s energi\u00e1val.<\/p>\n","protected":false},"featured_media":168865,"comment_status":"closed","ping_status":"closed","template":"","meta":[],"language":[3143],"product_cat":[3154],"product_tag":[3247],"class_list":{"0":"post-171536","1":"product","2":"type-product","3":"status-publish","4":"has-post-thumbnail","6":"language-nemet","7":"product_cat-erzelmi-jolet","8":"product_tag-gondolkodasmod","9":"pa_languages-nemet","11":"entry","12":"has-media","14":"first","15":"instock","16":"shipping-taxable","17":"purchasable","18":"product-type-variable","19":"has-product-nav","20":"col","21":"span_1_of_4","22":"owp-content-center","23":"owp-thumbs-layout-horizontal","24":"owp-btn-big","25":"owp-tabs-layout-vertical","26":"has-no-thumbnails"},"acf":[],"aioseo_notices":[],"_links":{"self":[{"href":"https:\/\/audiohypnosis.online\/hu\/wp-json\/wp\/v2\/product\/171536","targetHints":{"allow":["GET"]}}],"collection":[{"href":"https:\/\/audiohypnosis.online\/hu\/wp-json\/wp\/v2\/product"}],"about":[{"href":"https:\/\/audiohypnosis.online\/hu\/wp-json\/wp\/v2\/types\/product"}],"replies":[{"embeddable":true,"href":"https:\/\/audiohypnosis.online\/hu\/wp-json\/wp\/v2\/comments?post=171536"}],"version-history":[{"count":1,"href":"https:\/\/audiohypnosis.online\/hu\/wp-json\/wp\/v2\/product\/171536\/revisions"}],"predecessor-version":[{"id":171538,"href":"https:\/\/audiohypnosis.online\/hu\/wp-json\/wp\/v2\/product\/171536\/revisions\/171538"}],"wp:featuredmedia":[{"embeddable":true,"href":"https:\/\/audiohypnosis.online\/hu\/wp-json\/wp\/v2\/media\/168865"}],"wp:attachment":[{"href":"https:\/\/audiohypnosis.online\/hu\/wp-json\/wp\/v2\/media?parent=171536"}],"wp:term":[{"taxonomy":"language","embeddable":true,"href":"https:\/\/audiohypnosis.online\/hu\/wp-json\/wp\/v2\/language?post=171536"},{"taxonomy":"product_cat","embeddable":true,"href":"https:\/\/audiohypnosis.online\/hu\/wp-json\/wp\/v2\/product_cat?post=171536"},{"taxonomy":"product_tag","embeddable":true,"href":"https:\/\/audiohypnosis.online\/hu\/wp-json\/wp\/v2\/product_tag?post=171536"}],"curies":[{"name":"wp","href":"https:\/\/api.w.org\/{rel}","templated":true}]}}