{"id":171498,"date":"2024-04-04T13:08:33","date_gmt":"2024-04-04T11:08:33","guid":{"rendered":"https:\/\/audiohypnosis.online\/?post_type=product&#038;p=171498"},"modified":"2024-05-30T12:15:04","modified_gmt":"2024-05-30T10:15:04","slug":"allitsd-meg-a-kabitoszer-hasznalatot-teljesen","status":"publish","type":"product","link":"https:\/\/audiohypnosis.online\/hu\/termek\/allitsd-meg-a-kabitoszer-hasznalatot-teljesen\/","title":{"rendered":"\u00c1ll\u00edtsd meg a k\u00e1b\u00edt\u00f3szer-haszn\u00e1latot (Teljesen)"},"content":{"rendered":"<p>Mer\u00fclj el audio hipn\u00f3zis MP3-jaink v\u00e1laszt\u00e9k\u00e1ban, amelyek arra k\u00e9sz\u00fcltek, hogy teljes m\u00e9rt\u00e9kben seg\u00edtsenek megszabadulni a k\u00e1b\u00edt\u00f3szer-haszn\u00e1latt\u00f3l. Kezdd el az \u00fatj\u00e1t a j\u00f3zans\u00e1ghoz csomagunkkal, amely 6 hangfelv\u00e9telt \u00e9s egy hat\u00e9kony haszn\u00e1lati \u00fatmutat\u00f3t tartalmaz.<\/p>\n","protected":false},"excerpt":{"rendered":"<p>Gy\u0151zd le a f\u00fcgg\u0151s\u00e9get \u00e9s fogadd el az eg\u00e9szs\u00e9gesebb, drogmentes \u00e9letm\u00f3dot.<\/p>\n","protected":false},"featured_media":168907,"comment_status":"closed","ping_status":"closed","template":"","meta":[],"language":[3143],"product_cat":[3244],"product_tag":[3247],"class_list":{"0":"post-171498","1":"product","2":"type-product","3":"status-publish","4":"has-post-thumbnail","6":"language-nemet","7":"product_cat-fuggosegek","8":"product_tag-gondolkodasmod","9":"pa_languages-nemet","11":"entry","12":"has-media","14":"first","15":"instock","16":"shipping-taxable","17":"purchasable","18":"product-type-variable","19":"has-product-nav","20":"col","21":"span_1_of_4","22":"owp-content-center","23":"owp-thumbs-layout-horizontal","24":"owp-btn-big","25":"owp-tabs-layout-vertical","26":"has-no-thumbnails"},"acf":[],"aioseo_notices":[],"_links":{"self":[{"href":"https:\/\/audiohypnosis.online\/hu\/wp-json\/wp\/v2\/product\/171498","targetHints":{"allow":["GET"]}}],"collection":[{"href":"https:\/\/audiohypnosis.online\/hu\/wp-json\/wp\/v2\/product"}],"about":[{"href":"https:\/\/audiohypnosis.online\/hu\/wp-json\/wp\/v2\/types\/product"}],"replies":[{"embeddable":true,"href":"https:\/\/audiohypnosis.online\/hu\/wp-json\/wp\/v2\/comments?post=171498"}],"version-history":[{"count":1,"href":"https:\/\/audiohypnosis.online\/hu\/wp-json\/wp\/v2\/product\/171498\/revisions"}],"predecessor-version":[{"id":171500,"href":"https:\/\/audiohypnosis.online\/hu\/wp-json\/wp\/v2\/product\/171498\/revisions\/171500"}],"wp:featuredmedia":[{"embeddable":true,"href":"https:\/\/audiohypnosis.online\/hu\/wp-json\/wp\/v2\/media\/168907"}],"wp:attachment":[{"href":"https:\/\/audiohypnosis.online\/hu\/wp-json\/wp\/v2\/media?parent=171498"}],"wp:term":[{"taxonomy":"language","embeddable":true,"href":"https:\/\/audiohypnosis.online\/hu\/wp-json\/wp\/v2\/language?post=171498"},{"taxonomy":"product_cat","embeddable":true,"href":"https:\/\/audiohypnosis.online\/hu\/wp-json\/wp\/v2\/product_cat?post=171498"},{"taxonomy":"product_tag","embeddable":true,"href":"https:\/\/audiohypnosis.online\/hu\/wp-json\/wp\/v2\/product_tag?post=171498"}],"curies":[{"name":"wp","href":"https:\/\/api.w.org\/{rel}","templated":true}]}}