{"id":171421,"date":"2024-04-04T12:12:02","date_gmt":"2024-04-04T10:12:02","guid":{"rendered":"https:\/\/audiohypnosis.online\/?post_type=product&#038;p=171421"},"modified":"2024-05-18T10:23:43","modified_gmt":"2024-05-18T08:23:43","slug":"valj-sikeres-vallalkozova","status":"publish","type":"product","link":"https:\/\/audiohypnosis.online\/hu\/termek\/valj-sikeres-vallalkozova\/","title":{"rendered":"V\u00e1lj sikeres v\u00e1llalkoz\u00f3v\u00e1"},"content":{"rendered":"<p>Fedezd fel az audio hipn\u00f3zis MP3-ainkat, amelyek az \u00fczleti gondolkod\u00e1sm\u00f3d felold\u00e1s\u00e1ra k\u00e9sz\u00fcltek. Ind\u00edtsd el az utadat a siker fel\u00e9 az audiofelv\u00e9teleinkkel \u00e9s a gyakorlati haszn\u00e1lathoz k\u00e9sz\u00fclt k\u00e9zik\u00f6nyv\u00fcnkkel.<\/p>\n","protected":false},"excerpt":{"rendered":"<p>Vedd kezedbe az amb\u00edci\u00f3idat, \u00e9s k\u00f6sz\u00f6ntsd minden napot az \u00fczleti \u00e9letben sz\u00fcks\u00e9ges lend\u00fclettel \u00e9s f\u00f3kusz\u00e1lts\u00e1ggal, hogy diadalt arathass.<\/p>\n","protected":false},"featured_media":168849,"comment_status":"closed","ping_status":"closed","template":"","meta":[],"language":[3143],"product_cat":[3144],"product_tag":[3247,3194],"class_list":{"0":"post-171421","1":"product","2":"type-product","3":"status-publish","4":"has-post-thumbnail","6":"language-nemet","7":"product_cat-onfejlesztes","8":"product_tag-gondolkodasmod","9":"product_tag-motivacio","10":"pa_languages-nemet","12":"entry","13":"has-media","15":"first","16":"instock","17":"shipping-taxable","18":"purchasable","19":"product-type-variable","20":"has-product-nav","21":"col","22":"span_1_of_4","23":"owp-content-center","24":"owp-thumbs-layout-horizontal","25":"owp-btn-big","26":"owp-tabs-layout-vertical","27":"has-no-thumbnails"},"acf":[],"aioseo_notices":[],"_links":{"self":[{"href":"https:\/\/audiohypnosis.online\/hu\/wp-json\/wp\/v2\/product\/171421","targetHints":{"allow":["GET"]}}],"collection":[{"href":"https:\/\/audiohypnosis.online\/hu\/wp-json\/wp\/v2\/product"}],"about":[{"href":"https:\/\/audiohypnosis.online\/hu\/wp-json\/wp\/v2\/types\/product"}],"replies":[{"embeddable":true,"href":"https:\/\/audiohypnosis.online\/hu\/wp-json\/wp\/v2\/comments?post=171421"}],"version-history":[{"count":1,"href":"https:\/\/audiohypnosis.online\/hu\/wp-json\/wp\/v2\/product\/171421\/revisions"}],"predecessor-version":[{"id":171423,"href":"https:\/\/audiohypnosis.online\/hu\/wp-json\/wp\/v2\/product\/171421\/revisions\/171423"}],"wp:featuredmedia":[{"embeddable":true,"href":"https:\/\/audiohypnosis.online\/hu\/wp-json\/wp\/v2\/media\/168849"}],"wp:attachment":[{"href":"https:\/\/audiohypnosis.online\/hu\/wp-json\/wp\/v2\/media?parent=171421"}],"wp:term":[{"taxonomy":"language","embeddable":true,"href":"https:\/\/audiohypnosis.online\/hu\/wp-json\/wp\/v2\/language?post=171421"},{"taxonomy":"product_cat","embeddable":true,"href":"https:\/\/audiohypnosis.online\/hu\/wp-json\/wp\/v2\/product_cat?post=171421"},{"taxonomy":"product_tag","embeddable":true,"href":"https:\/\/audiohypnosis.online\/hu\/wp-json\/wp\/v2\/product_tag?post=171421"}],"curies":[{"name":"wp","href":"https:\/\/api.w.org\/{rel}","templated":true}]}}