{"id":171377,"date":"2024-04-04T11:22:11","date_gmt":"2024-04-04T09:22:11","guid":{"rendered":"https:\/\/audiohypnosis.online\/?post_type=product&#038;p=171377"},"modified":"2024-05-07T13:08:19","modified_gmt":"2024-05-07T11:08:19","slug":"allitsa-meg-a-venykoteles-gyogyszerek-visszaeleset","status":"publish","type":"product","link":"https:\/\/audiohypnosis.online\/hu\/termek\/allitsa-meg-a-venykoteles-gyogyszerek-visszaeleset\/","title":{"rendered":"\u00c1ll\u00edtsa meg a v\u00e9nyk\u00f6teles gy\u00f3gyszerek vissza\u00e9l\u00e9s\u00e9t"},"content":{"rendered":"<p>Kezdje meg a gy\u00f3gyul\u00e1s \u00fatj\u00e1t ma, \u00e9s jav\u00edtsa \u00e1ltal\u00e1nos j\u00f3ll\u00e9t\u00e9t hat szak\u00e9rt\u0151 \u00e1ltal k\u00e9sz\u00edtett hangfelv\u00e9tellel \u00e9s egy r\u00e9szletes k\u00e9zik\u00f6nyvvel az hat\u00e9kony haszn\u00e1lathoz.<\/p>\n","protected":false},"excerpt":{"rendered":"<p>Kezdje meg most a fel\u00e9p\u00fcl\u00e9s \u00fatj\u00e1t a v\u00e9nyk\u00f6teles gy\u00f3gyszerek vissza\u00e9l\u00e9s\u00e9b\u0151l!<\/p>\n","protected":false},"featured_media":168807,"comment_status":"closed","ping_status":"closed","template":"","meta":[],"language":[3143],"product_cat":[3244],"product_tag":[],"class_list":{"0":"post-171377","1":"product","2":"type-product","3":"status-publish","4":"has-post-thumbnail","6":"language-nemet","7":"product_cat-fuggosegek","8":"pa_languages-nemet","10":"entry","11":"has-media","13":"first","14":"instock","15":"shipping-taxable","16":"purchasable","17":"product-type-variable","18":"has-product-nav","19":"col","20":"span_1_of_4","21":"owp-content-center","22":"owp-thumbs-layout-horizontal","23":"owp-btn-big","24":"owp-tabs-layout-vertical","25":"has-no-thumbnails"},"acf":[],"aioseo_notices":[],"_links":{"self":[{"href":"https:\/\/audiohypnosis.online\/hu\/wp-json\/wp\/v2\/product\/171377","targetHints":{"allow":["GET"]}}],"collection":[{"href":"https:\/\/audiohypnosis.online\/hu\/wp-json\/wp\/v2\/product"}],"about":[{"href":"https:\/\/audiohypnosis.online\/hu\/wp-json\/wp\/v2\/types\/product"}],"replies":[{"embeddable":true,"href":"https:\/\/audiohypnosis.online\/hu\/wp-json\/wp\/v2\/comments?post=171377"}],"version-history":[{"count":1,"href":"https:\/\/audiohypnosis.online\/hu\/wp-json\/wp\/v2\/product\/171377\/revisions"}],"predecessor-version":[{"id":171379,"href":"https:\/\/audiohypnosis.online\/hu\/wp-json\/wp\/v2\/product\/171377\/revisions\/171379"}],"wp:featuredmedia":[{"embeddable":true,"href":"https:\/\/audiohypnosis.online\/hu\/wp-json\/wp\/v2\/media\/168807"}],"wp:attachment":[{"href":"https:\/\/audiohypnosis.online\/hu\/wp-json\/wp\/v2\/media?parent=171377"}],"wp:term":[{"taxonomy":"language","embeddable":true,"href":"https:\/\/audiohypnosis.online\/hu\/wp-json\/wp\/v2\/language?post=171377"},{"taxonomy":"product_cat","embeddable":true,"href":"https:\/\/audiohypnosis.online\/hu\/wp-json\/wp\/v2\/product_cat?post=171377"},{"taxonomy":"product_tag","embeddable":true,"href":"https:\/\/audiohypnosis.online\/hu\/wp-json\/wp\/v2\/product_tag?post=171377"}],"curies":[{"name":"wp","href":"https:\/\/api.w.org\/{rel}","templated":true}]}}