{"id":171338,"date":"2024-04-04T11:00:32","date_gmt":"2024-04-04T09:00:32","guid":{"rendered":"https:\/\/audiohypnosis.online\/?post_type=product&#038;p=171338"},"modified":"2024-05-03T12:40:36","modified_gmt":"2024-05-03T10:40:36","slug":"frissen-ebredes","status":"publish","type":"product","link":"https:\/\/audiohypnosis.online\/hu\/termek\/frissen-ebredes\/","title":{"rendered":"Frissen \u00c9bred\u00e9s"},"content":{"rendered":"<p>Kezdje meg az utaz\u00e1st a b\u00e9k\u00e9s \u00e9jszak\u00e1k fel\u00e9 ma a mi \u00e1tfog\u00f3 csomagunkkal, mely hat hangf\u00e1jlt \u00e9s egy r\u00e9szletes k\u00e9zik\u00f6nyvet tartalmaz az effekt\u00edv haszn\u00e1lathoz.<\/p>\n","protected":false},"excerpt":{"rendered":"<p>Emelje magasabb szintre az alv\u00e1s min\u0151s\u00e9g\u00e9t, \u00e9s fogadja minden reggelt meg\u00fajult energi\u00e1val, k\u00e9szen arra, hogy megh\u00f3d\u00edtsa a napot.<\/p>\n","protected":false},"featured_media":168879,"comment_status":"closed","ping_status":"closed","template":"","meta":[],"language":[3143],"product_cat":[3256,3159],"product_tag":[3502,3175],"class_list":{"0":"post-171338","1":"product","2":"type-product","3":"status-publish","4":"has-post-thumbnail","6":"language-nemet","7":"product_cat-alvas","8":"product_cat-egeszseg-es-jolet","9":"product_tag-helse-hu","10":"product_tag-wellness-hu","11":"pa_languages-nemet","13":"entry","14":"has-media","16":"first","17":"instock","18":"shipping-taxable","19":"purchasable","20":"product-type-variable","21":"has-product-nav","22":"col","23":"span_1_of_4","24":"owp-content-center","25":"owp-thumbs-layout-horizontal","26":"owp-btn-big","27":"owp-tabs-layout-vertical","28":"has-no-thumbnails"},"acf":[],"aioseo_notices":[],"_links":{"self":[{"href":"https:\/\/audiohypnosis.online\/hu\/wp-json\/wp\/v2\/product\/171338","targetHints":{"allow":["GET"]}}],"collection":[{"href":"https:\/\/audiohypnosis.online\/hu\/wp-json\/wp\/v2\/product"}],"about":[{"href":"https:\/\/audiohypnosis.online\/hu\/wp-json\/wp\/v2\/types\/product"}],"replies":[{"embeddable":true,"href":"https:\/\/audiohypnosis.online\/hu\/wp-json\/wp\/v2\/comments?post=171338"}],"version-history":[{"count":1,"href":"https:\/\/audiohypnosis.online\/hu\/wp-json\/wp\/v2\/product\/171338\/revisions"}],"predecessor-version":[{"id":171340,"href":"https:\/\/audiohypnosis.online\/hu\/wp-json\/wp\/v2\/product\/171338\/revisions\/171340"}],"wp:featuredmedia":[{"embeddable":true,"href":"https:\/\/audiohypnosis.online\/hu\/wp-json\/wp\/v2\/media\/168879"}],"wp:attachment":[{"href":"https:\/\/audiohypnosis.online\/hu\/wp-json\/wp\/v2\/media?parent=171338"}],"wp:term":[{"taxonomy":"language","embeddable":true,"href":"https:\/\/audiohypnosis.online\/hu\/wp-json\/wp\/v2\/language?post=171338"},{"taxonomy":"product_cat","embeddable":true,"href":"https:\/\/audiohypnosis.online\/hu\/wp-json\/wp\/v2\/product_cat?post=171338"},{"taxonomy":"product_tag","embeddable":true,"href":"https:\/\/audiohypnosis.online\/hu\/wp-json\/wp\/v2\/product_tag?post=171338"}],"curies":[{"name":"wp","href":"https:\/\/api.w.org\/{rel}","templated":true}]}}