{"id":171219,"date":"2024-04-03T15:39:59","date_gmt":"2024-04-03T13:39:59","guid":{"rendered":"https:\/\/audiohypnosis.online\/?post_type=product&#038;p=171219"},"modified":"2024-04-25T09:43:56","modified_gmt":"2024-04-25T07:43:56","slug":"alvajaras","status":"publish","type":"product","link":"https:\/\/audiohypnosis.online\/hu\/termek\/alvajaras\/","title":{"rendered":"Alvaj\u00e1r\u00e1s"},"content":{"rendered":"<p>Kezdje meg ma az utat a b\u00e9k\u00e9s \u00e9jszak\u00e1k fel\u00e9. Csomagunk hat hangfelv\u00e9telt tartalmaz, melyeket egy \u00e1tfog\u00f3 k\u00e9zik\u00f6nyv k\u00eds\u00e9r, biztos\u00edtva az effekt\u00edv beavatkoz\u00e1st.<\/p>\n","protected":false},"excerpt":{"rendered":"<p>Emelje a alv\u00e1s min\u0151s\u00e9g\u00e9t \u00e9s ragadja meg az alkalmat, hogy visszaszerezze az ir\u00e1ny\u00edt\u00e1st az \u00e9jszak\u00e1i felett.<\/p>\n","protected":false},"featured_media":168779,"comment_status":"closed","ping_status":"closed","template":"","meta":[],"language":[3143],"product_cat":[3256],"product_tag":[3175],"class_list":{"0":"post-171219","1":"product","2":"type-product","3":"status-publish","4":"has-post-thumbnail","6":"language-nemet","7":"product_cat-alvas","8":"product_tag-wellness-hu","9":"pa_languages-nemet","11":"entry","12":"has-media","14":"first","15":"instock","16":"shipping-taxable","17":"purchasable","18":"product-type-variable","19":"has-product-nav","20":"col","21":"span_1_of_4","22":"owp-content-center","23":"owp-thumbs-layout-horizontal","24":"owp-btn-big","25":"owp-tabs-layout-vertical","26":"has-no-thumbnails"},"acf":[],"aioseo_notices":[],"_links":{"self":[{"href":"https:\/\/audiohypnosis.online\/hu\/wp-json\/wp\/v2\/product\/171219","targetHints":{"allow":["GET"]}}],"collection":[{"href":"https:\/\/audiohypnosis.online\/hu\/wp-json\/wp\/v2\/product"}],"about":[{"href":"https:\/\/audiohypnosis.online\/hu\/wp-json\/wp\/v2\/types\/product"}],"replies":[{"embeddable":true,"href":"https:\/\/audiohypnosis.online\/hu\/wp-json\/wp\/v2\/comments?post=171219"}],"version-history":[{"count":1,"href":"https:\/\/audiohypnosis.online\/hu\/wp-json\/wp\/v2\/product\/171219\/revisions"}],"predecessor-version":[{"id":171221,"href":"https:\/\/audiohypnosis.online\/hu\/wp-json\/wp\/v2\/product\/171219\/revisions\/171221"}],"wp:featuredmedia":[{"embeddable":true,"href":"https:\/\/audiohypnosis.online\/hu\/wp-json\/wp\/v2\/media\/168779"}],"wp:attachment":[{"href":"https:\/\/audiohypnosis.online\/hu\/wp-json\/wp\/v2\/media?parent=171219"}],"wp:term":[{"taxonomy":"language","embeddable":true,"href":"https:\/\/audiohypnosis.online\/hu\/wp-json\/wp\/v2\/language?post=171219"},{"taxonomy":"product_cat","embeddable":true,"href":"https:\/\/audiohypnosis.online\/hu\/wp-json\/wp\/v2\/product_cat?post=171219"},{"taxonomy":"product_tag","embeddable":true,"href":"https:\/\/audiohypnosis.online\/hu\/wp-json\/wp\/v2\/product_tag?post=171219"}],"curies":[{"name":"wp","href":"https:\/\/api.w.org\/{rel}","templated":true}]}}