{"id":171175,"date":"2024-04-03T15:15:58","date_gmt":"2024-04-03T13:15:58","guid":{"rendered":"https:\/\/audiohypnosis.online\/?post_type=product&#038;p=171175"},"modified":"2024-04-25T09:19:48","modified_gmt":"2024-04-25T07:19:48","slug":"noveld-a-karizmadat","status":"publish","type":"product","link":"https:\/\/audiohypnosis.online\/hu\/termek\/noveld-a-karizmadat\/","title":{"rendered":"N\u00f6veld a Karizm\u00e1dat"},"content":{"rendered":"<p>&#8220;Fedezd fel audio hipn\u00f3zis MP3-jainkat, amelyek arra lettek tervezve, hogy n\u00f6velj\u00e9k a karizm\u00e1dat, fokozz\u00e1k jelenl\u00e9tedet, \u00e9s sug\u00e1rz\u00f3 magabiztoss\u00e1got \u00e1rasszanak. Kezd el ma az utaz\u00e1st, hogy felold az elb\u0171v\u00f6l\u0151 vonzer\u0151det. Csomagunk hat audio s\u00e1vot tartalmaz egy \u00e1tfog\u00f3 k\u00e9zik\u00f6nyvvel egy\u00fctt, amely m\u00e9lyrehat\u00f3 \u00e1talakul\u00e1st garant\u00e1l.<\/p>\n","protected":false},"excerpt":{"rendered":"<p>Emeld magasabbra az \u00f6nbizalmadat \u00e9s ragadd meg az alkalmat, hogy t\u00falsz\u00e1rnyald a legmagasabb elv\u00e1r\u00e1saidat.<\/p>\n","protected":false},"featured_media":168821,"comment_status":"closed","ping_status":"closed","template":"","meta":[],"language":[3141,3143],"product_cat":[3144],"product_tag":[],"class_list":{"0":"post-171175","1":"product","2":"type-product","3":"status-publish","4":"has-post-thumbnail","6":"language-holland","7":"language-nemet","8":"product_cat-onfejlesztes","9":"pa_languages-holland","10":"pa_languages-nemet","12":"entry","13":"has-media","15":"first","16":"instock","17":"shipping-taxable","18":"purchasable","19":"product-type-variable","20":"has-product-nav","21":"col","22":"span_1_of_4","23":"owp-content-center","24":"owp-thumbs-layout-horizontal","25":"owp-btn-big","26":"owp-tabs-layout-vertical","27":"has-no-thumbnails"},"acf":[],"aioseo_notices":[],"_links":{"self":[{"href":"https:\/\/audiohypnosis.online\/hu\/wp-json\/wp\/v2\/product\/171175","targetHints":{"allow":["GET"]}}],"collection":[{"href":"https:\/\/audiohypnosis.online\/hu\/wp-json\/wp\/v2\/product"}],"about":[{"href":"https:\/\/audiohypnosis.online\/hu\/wp-json\/wp\/v2\/types\/product"}],"replies":[{"embeddable":true,"href":"https:\/\/audiohypnosis.online\/hu\/wp-json\/wp\/v2\/comments?post=171175"}],"version-history":[{"count":1,"href":"https:\/\/audiohypnosis.online\/hu\/wp-json\/wp\/v2\/product\/171175\/revisions"}],"predecessor-version":[{"id":171178,"href":"https:\/\/audiohypnosis.online\/hu\/wp-json\/wp\/v2\/product\/171175\/revisions\/171178"}],"wp:featuredmedia":[{"embeddable":true,"href":"https:\/\/audiohypnosis.online\/hu\/wp-json\/wp\/v2\/media\/168821"}],"wp:attachment":[{"href":"https:\/\/audiohypnosis.online\/hu\/wp-json\/wp\/v2\/media?parent=171175"}],"wp:term":[{"taxonomy":"language","embeddable":true,"href":"https:\/\/audiohypnosis.online\/hu\/wp-json\/wp\/v2\/language?post=171175"},{"taxonomy":"product_cat","embeddable":true,"href":"https:\/\/audiohypnosis.online\/hu\/wp-json\/wp\/v2\/product_cat?post=171175"},{"taxonomy":"product_tag","embeddable":true,"href":"https:\/\/audiohypnosis.online\/hu\/wp-json\/wp\/v2\/product_tag?post=171175"}],"curies":[{"name":"wp","href":"https:\/\/api.w.org\/{rel}","templated":true}]}}