{"id":171125,"date":"2024-04-03T14:22:44","date_gmt":"2024-04-03T12:22:44","guid":{"rendered":"https:\/\/audiohypnosis.online\/?post_type=product&#038;p=171125"},"modified":"2024-04-23T13:19:58","modified_gmt":"2024-04-23T11:19:58","slug":"szerezzen-tobb-onbizalmat","status":"publish","type":"product","link":"https:\/\/audiohypnosis.online\/hu\/termek\/szerezzen-tobb-onbizalmat\/","title":{"rendered":"Szerezzen t\u00f6bb \u00f6nbizalmat"},"content":{"rendered":"<p>Fedezze fel audio hipn\u00f3zis MP3-jainkat, amelyek arra szolg\u00e1lnak, hogy n\u00f6velj\u00e9k az \u00f6nbecs\u00fcl\u00e9st, er\u0151s\u00edts\u00e9k a magabiztoss\u00e1got, \u00e9s el\u0151seg\u00edts\u00e9k a szem\u00e9lyes meger\u0151s\u00f6d\u00e9st. Kezdje el ma az \u00f6nmegismer\u00e9s \u00fatj\u00e1t. Csomagunk hat hangf\u00e1jlt \u00e9s egy r\u00e9szletes k\u00e9zik\u00f6nyvet tartalmaz, amely m\u00e9lyrehat\u00f3 \u00e1talakul\u00e1st biztos\u00edt.<\/p>\n","protected":false},"excerpt":{"rendered":"<p>Szeretne t\u00f6bb \u00f6nbecs\u00fcl\u00e9st fejleszteni?<\/p>\n","protected":false},"featured_media":168793,"comment_status":"closed","ping_status":"closed","template":"","meta":[],"language":[3141,3143],"product_cat":[3144],"product_tag":[3249],"class_list":{"0":"post-171125","1":"product","2":"type-product","3":"status-publish","4":"has-post-thumbnail","6":"language-holland","7":"language-nemet","8":"product_cat-onfejlesztes","9":"product_tag-siker","10":"pa_languages-holland","11":"pa_languages-nemet","13":"entry","14":"has-media","16":"first","17":"instock","18":"shipping-taxable","19":"purchasable","20":"product-type-variable","21":"has-product-nav","22":"col","23":"span_1_of_4","24":"owp-content-center","25":"owp-thumbs-layout-horizontal","26":"owp-btn-big","27":"owp-tabs-layout-vertical","28":"has-no-thumbnails"},"acf":[],"aioseo_notices":[],"_links":{"self":[{"href":"https:\/\/audiohypnosis.online\/hu\/wp-json\/wp\/v2\/product\/171125","targetHints":{"allow":["GET"]}}],"collection":[{"href":"https:\/\/audiohypnosis.online\/hu\/wp-json\/wp\/v2\/product"}],"about":[{"href":"https:\/\/audiohypnosis.online\/hu\/wp-json\/wp\/v2\/types\/product"}],"replies":[{"embeddable":true,"href":"https:\/\/audiohypnosis.online\/hu\/wp-json\/wp\/v2\/comments?post=171125"}],"version-history":[{"count":1,"href":"https:\/\/audiohypnosis.online\/hu\/wp-json\/wp\/v2\/product\/171125\/revisions"}],"predecessor-version":[{"id":171128,"href":"https:\/\/audiohypnosis.online\/hu\/wp-json\/wp\/v2\/product\/171125\/revisions\/171128"}],"wp:featuredmedia":[{"embeddable":true,"href":"https:\/\/audiohypnosis.online\/hu\/wp-json\/wp\/v2\/media\/168793"}],"wp:attachment":[{"href":"https:\/\/audiohypnosis.online\/hu\/wp-json\/wp\/v2\/media?parent=171125"}],"wp:term":[{"taxonomy":"language","embeddable":true,"href":"https:\/\/audiohypnosis.online\/hu\/wp-json\/wp\/v2\/language?post=171125"},{"taxonomy":"product_cat","embeddable":true,"href":"https:\/\/audiohypnosis.online\/hu\/wp-json\/wp\/v2\/product_cat?post=171125"},{"taxonomy":"product_tag","embeddable":true,"href":"https:\/\/audiohypnosis.online\/hu\/wp-json\/wp\/v2\/product_tag?post=171125"}],"curies":[{"name":"wp","href":"https:\/\/api.w.org\/{rel}","templated":true}]}}