{"id":171077,"date":"2024-04-03T13:06:25","date_gmt":"2024-04-03T11:06:25","guid":{"rendered":"https:\/\/audiohypnosis.online\/?post_type=product&#038;p=171077"},"modified":"2024-04-23T12:43:22","modified_gmt":"2024-04-23T10:43:22","slug":"szexualis-beteljesules","status":"publish","type":"product","link":"https:\/\/audiohypnosis.online\/hu\/termek\/szexualis-beteljesules\/","title":{"rendered":"Szexu\u00e1lis beteljes\u00fcl\u00e9s"},"content":{"rendered":"<p>Emeld magasabb szintre intimebb \u00e9lm\u00e9nyeidet \u00e9s ragadd meg a lehet\u0151s\u00e9get, hogy t\u00falsz\u00e1rnyald legvadabb v\u00e1gyaidat. Csomagunk hat hangf\u00e1jlt tartalmaz, melyeket egy \u00e1tfog\u00f3 k\u00e9zik\u00f6nyv eg\u00e9sz\u00edt ki, biztos\u00edtva a maxim\u00e1lis el\u00e9gedetts\u00e9get.<\/p>\n","protected":false},"excerpt":{"rendered":"<p>Szeretn\u00e9l \u00e9lvezetesebb kapcsolatot \u00e9s jobb szexu\u00e1lis \u00e9letet el\u00e9rni?<\/p>\n","protected":false},"featured_media":168835,"comment_status":"closed","ping_status":"closed","template":"","meta":[],"language":[3141,3143],"product_cat":[3237],"product_tag":[],"class_list":{"0":"post-171077","1":"product","2":"type-product","3":"status-publish","4":"has-post-thumbnail","6":"language-holland","7":"language-nemet","8":"product_cat-szexualitas","9":"pa_languages-holland","10":"pa_languages-nemet","12":"entry","13":"has-media","15":"first","16":"instock","17":"shipping-taxable","18":"purchasable","19":"product-type-variable","20":"has-product-nav","21":"col","22":"span_1_of_4","23":"owp-content-center","24":"owp-thumbs-layout-horizontal","25":"owp-btn-big","26":"owp-tabs-layout-vertical","27":"has-no-thumbnails"},"acf":[],"aioseo_notices":[],"_links":{"self":[{"href":"https:\/\/audiohypnosis.online\/hu\/wp-json\/wp\/v2\/product\/171077","targetHints":{"allow":["GET"]}}],"collection":[{"href":"https:\/\/audiohypnosis.online\/hu\/wp-json\/wp\/v2\/product"}],"about":[{"href":"https:\/\/audiohypnosis.online\/hu\/wp-json\/wp\/v2\/types\/product"}],"replies":[{"embeddable":true,"href":"https:\/\/audiohypnosis.online\/hu\/wp-json\/wp\/v2\/comments?post=171077"}],"version-history":[{"count":1,"href":"https:\/\/audiohypnosis.online\/hu\/wp-json\/wp\/v2\/product\/171077\/revisions"}],"predecessor-version":[{"id":171080,"href":"https:\/\/audiohypnosis.online\/hu\/wp-json\/wp\/v2\/product\/171077\/revisions\/171080"}],"wp:featuredmedia":[{"embeddable":true,"href":"https:\/\/audiohypnosis.online\/hu\/wp-json\/wp\/v2\/media\/168835"}],"wp:attachment":[{"href":"https:\/\/audiohypnosis.online\/hu\/wp-json\/wp\/v2\/media?parent=171077"}],"wp:term":[{"taxonomy":"language","embeddable":true,"href":"https:\/\/audiohypnosis.online\/hu\/wp-json\/wp\/v2\/language?post=171077"},{"taxonomy":"product_cat","embeddable":true,"href":"https:\/\/audiohypnosis.online\/hu\/wp-json\/wp\/v2\/product_cat?post=171077"},{"taxonomy":"product_tag","embeddable":true,"href":"https:\/\/audiohypnosis.online\/hu\/wp-json\/wp\/v2\/product_tag?post=171077"}],"curies":[{"name":"wp","href":"https:\/\/api.w.org\/{rel}","templated":true}]}}