{"id":171014,"date":"2024-03-18T15:36:16","date_gmt":"2024-03-18T14:36:16","guid":{"rendered":"https:\/\/audiohypnosis.online\/?post_type=product&#038;p=171014"},"modified":"2024-04-19T10:53:12","modified_gmt":"2024-04-19T08:53:12","slug":"jobb-koncentracio-es-fokusz","status":"publish","type":"product","link":"https:\/\/audiohypnosis.online\/hu\/termek\/jobb-koncentracio-es-fokusz\/","title":{"rendered":"Jobb Koncentr\u00e1ci\u00f3 \u00e9s F\u00f3kusz"},"content":{"rendered":"<p>Kezdje meg ma az \u00fatj\u00e1t a fokozott koncentr\u00e1ci\u00f3 fel\u00e9. Csomagunk hat gondosan megtervezett audi\u00f3p\u00e1ly\u00e1t tartalmaz, amelyet k\u00e9zik\u00f6nyv k\u00eds\u00e9r, biztos\u00edtva a maxim\u00e1lis koncentr\u00e1ci\u00f3 n\u00f6veked\u00e9s\u00e9t.<\/p>\n","protected":false},"excerpt":{"rendered":"<p>Szeretn\u00e9d fokozni a koncentr\u00e1ci\u00f3d?<\/p>\n","protected":false},"featured_media":166139,"comment_status":"closed","ping_status":"closed","template":"","meta":[],"language":[3142,3141,3143],"product_cat":[3144],"product_tag":[],"class_list":{"0":"post-171014","1":"product","2":"type-product","3":"status-publish","4":"has-post-thumbnail","6":"language-francia","7":"language-holland","8":"language-nemet","9":"product_cat-onfejlesztes","10":"pa_languages-francia","11":"pa_languages-holland","12":"pa_languages-nemet","14":"entry","15":"has-media","17":"first","18":"instock","19":"shipping-taxable","20":"purchasable","21":"product-type-variable","22":"has-product-nav","23":"col","24":"span_1_of_4","25":"owp-content-center","26":"owp-thumbs-layout-horizontal","27":"owp-btn-big","28":"owp-tabs-layout-vertical","29":"has-no-thumbnails"},"acf":[],"aioseo_notices":[],"_links":{"self":[{"href":"https:\/\/audiohypnosis.online\/hu\/wp-json\/wp\/v2\/product\/171014","targetHints":{"allow":["GET"]}}],"collection":[{"href":"https:\/\/audiohypnosis.online\/hu\/wp-json\/wp\/v2\/product"}],"about":[{"href":"https:\/\/audiohypnosis.online\/hu\/wp-json\/wp\/v2\/types\/product"}],"replies":[{"embeddable":true,"href":"https:\/\/audiohypnosis.online\/hu\/wp-json\/wp\/v2\/comments?post=171014"}],"version-history":[{"count":1,"href":"https:\/\/audiohypnosis.online\/hu\/wp-json\/wp\/v2\/product\/171014\/revisions"}],"predecessor-version":[{"id":171018,"href":"https:\/\/audiohypnosis.online\/hu\/wp-json\/wp\/v2\/product\/171014\/revisions\/171018"}],"wp:featuredmedia":[{"embeddable":true,"href":"https:\/\/audiohypnosis.online\/hu\/wp-json\/wp\/v2\/media\/166139"}],"wp:attachment":[{"href":"https:\/\/audiohypnosis.online\/hu\/wp-json\/wp\/v2\/media?parent=171014"}],"wp:term":[{"taxonomy":"language","embeddable":true,"href":"https:\/\/audiohypnosis.online\/hu\/wp-json\/wp\/v2\/language?post=171014"},{"taxonomy":"product_cat","embeddable":true,"href":"https:\/\/audiohypnosis.online\/hu\/wp-json\/wp\/v2\/product_cat?post=171014"},{"taxonomy":"product_tag","embeddable":true,"href":"https:\/\/audiohypnosis.online\/hu\/wp-json\/wp\/v2\/product_tag?post=171014"}],"curies":[{"name":"wp","href":"https:\/\/api.w.org\/{rel}","templated":true}]}}