{"id":170953,"date":"2024-03-18T13:38:35","date_gmt":"2024-03-18T12:38:35","guid":{"rendered":"https:\/\/audiohypnosis.online\/?post_type=product&#038;p=170953"},"modified":"2024-04-19T10:16:38","modified_gmt":"2024-04-19T08:16:38","slug":"optimalis-teljesitmeny","status":"publish","type":"product","link":"https:\/\/audiohypnosis.online\/hu\/termek\/optimalis-teljesitmeny\/","title":{"rendered":"Optim\u00e1lis teljes\u00edtm\u00e9ny"},"content":{"rendered":"<p>Mer\u00fclj\u00f6n el gy\u0171jtem\u00e9ny\u00fcnkben az audio hipn\u00f3zis MP3-ok k\u00f6z\u00f6tt, amelyek arra szabva k\u00e9sz\u00fcltek, hogy jav\u00edts\u00e1k a koncentr\u00e1ci\u00f3j\u00e1t, k\u00e9pess\u00e9geit \u00e9s \u00e1ltal\u00e1nos hat\u00e9konys\u00e1g\u00e1t. Kezdje el ma a cs\u00facsteljes\u00edtm\u00e9ny fel\u00e9 vezet\u0151 utaz\u00e1s\u00e1t. Csomagunk hat gondosan k\u00e9sz\u00edtett audiof\u00e1jlt \u00e9s egy k\u00e9zik\u00f6nyvet tartalmaz, amelyek maximaliz\u00e1lj\u00e1k az eredm\u00e9nyeket.<\/p>\n","protected":false},"excerpt":{"rendered":"<p>Emelje magasabb szintre a teljes\u00edtm\u00e9ny\u00e9t \u2013 ragadja meg az alkalmat, hogy t\u00falsz\u00e1rnyalja v\u00e1gyait.<\/p>\n","protected":false},"featured_media":166153,"comment_status":"closed","ping_status":"closed","template":"","meta":[],"language":[3142,3141,3143],"product_cat":[3144],"product_tag":[],"class_list":{"0":"post-170953","1":"product","2":"type-product","3":"status-publish","4":"has-post-thumbnail","6":"language-francia","7":"language-holland","8":"language-nemet","9":"product_cat-onfejlesztes","10":"pa_languages-francia","11":"pa_languages-holland","12":"pa_languages-nemet","14":"entry","15":"has-media","17":"first","18":"instock","19":"shipping-taxable","20":"purchasable","21":"product-type-variable","22":"has-product-nav","23":"col","24":"span_1_of_4","25":"owp-content-center","26":"owp-thumbs-layout-horizontal","27":"owp-btn-big","28":"owp-tabs-layout-vertical","29":"has-no-thumbnails"},"acf":[],"aioseo_notices":[],"_links":{"self":[{"href":"https:\/\/audiohypnosis.online\/hu\/wp-json\/wp\/v2\/product\/170953","targetHints":{"allow":["GET"]}}],"collection":[{"href":"https:\/\/audiohypnosis.online\/hu\/wp-json\/wp\/v2\/product"}],"about":[{"href":"https:\/\/audiohypnosis.online\/hu\/wp-json\/wp\/v2\/types\/product"}],"replies":[{"embeddable":true,"href":"https:\/\/audiohypnosis.online\/hu\/wp-json\/wp\/v2\/comments?post=170953"}],"version-history":[{"count":1,"href":"https:\/\/audiohypnosis.online\/hu\/wp-json\/wp\/v2\/product\/170953\/revisions"}],"predecessor-version":[{"id":170957,"href":"https:\/\/audiohypnosis.online\/hu\/wp-json\/wp\/v2\/product\/170953\/revisions\/170957"}],"wp:featuredmedia":[{"embeddable":true,"href":"https:\/\/audiohypnosis.online\/hu\/wp-json\/wp\/v2\/media\/166153"}],"wp:attachment":[{"href":"https:\/\/audiohypnosis.online\/hu\/wp-json\/wp\/v2\/media?parent=170953"}],"wp:term":[{"taxonomy":"language","embeddable":true,"href":"https:\/\/audiohypnosis.online\/hu\/wp-json\/wp\/v2\/language?post=170953"},{"taxonomy":"product_cat","embeddable":true,"href":"https:\/\/audiohypnosis.online\/hu\/wp-json\/wp\/v2\/product_cat?post=170953"},{"taxonomy":"product_tag","embeddable":true,"href":"https:\/\/audiohypnosis.online\/hu\/wp-json\/wp\/v2\/product_tag?post=170953"}],"curies":[{"name":"wp","href":"https:\/\/api.w.org\/{rel}","templated":true}]}}