{"id":170886,"date":"2024-03-14T13:47:10","date_gmt":"2024-03-14T12:47:10","guid":{"rendered":"https:\/\/audiohypnosis.online\/?post_type=product&#038;p=170886"},"modified":"2024-04-18T14:15:40","modified_gmt":"2024-04-18T12:15:40","slug":"vonzz-szerelmet","status":"publish","type":"product","link":"https:\/\/audiohypnosis.online\/hu\/termek\/vonzz-szerelmet\/","title":{"rendered":"Vonzz szerelmet"},"content":{"rendered":"<p>Itt az ideje, hogy \u00e1t\u00f6lelj egy \u00faj fejezetet, tele szeretettel \u00e9s pozitivit\u00e1ssal az \u00e9letedben. Ezzel a csomaggal 6 hangf\u00e1jlt \u00e9s egy k\u00e9zik\u00f6nyvet kapsz, amely t\u00e1mogatja az utadat.<\/p>\n","protected":false},"excerpt":{"rendered":"<p>K\u00e9szen \u00e1llsz, hogy megh\u00edvd a szerelmet az \u00e9letedbe?<\/p>\n","protected":false},"featured_media":165250,"comment_status":"closed","ping_status":"closed","template":"","meta":[],"language":[3142,3141,3143],"product_cat":[3230],"product_tag":[3185,3233],"class_list":{"0":"post-170886","1":"product","2":"type-product","3":"status-publish","4":"has-post-thumbnail","6":"language-francia","7":"language-holland","8":"language-nemet","9":"product_cat-kapcsolatok","10":"product_tag-gyogyito","11":"product_tag-szerelem","12":"pa_languages-francia","13":"pa_languages-holland","14":"pa_languages-nemet","16":"entry","17":"has-media","19":"first","20":"instock","21":"shipping-taxable","22":"purchasable","23":"product-type-variable","24":"has-product-nav","25":"col","26":"span_1_of_4","27":"owp-content-center","28":"owp-thumbs-layout-horizontal","29":"owp-btn-big","30":"owp-tabs-layout-vertical","31":"has-no-thumbnails"},"acf":[],"aioseo_notices":[],"_links":{"self":[{"href":"https:\/\/audiohypnosis.online\/hu\/wp-json\/wp\/v2\/product\/170886","targetHints":{"allow":["GET"]}}],"collection":[{"href":"https:\/\/audiohypnosis.online\/hu\/wp-json\/wp\/v2\/product"}],"about":[{"href":"https:\/\/audiohypnosis.online\/hu\/wp-json\/wp\/v2\/types\/product"}],"replies":[{"embeddable":true,"href":"https:\/\/audiohypnosis.online\/hu\/wp-json\/wp\/v2\/comments?post=170886"}],"version-history":[{"count":1,"href":"https:\/\/audiohypnosis.online\/hu\/wp-json\/wp\/v2\/product\/170886\/revisions"}],"predecessor-version":[{"id":170890,"href":"https:\/\/audiohypnosis.online\/hu\/wp-json\/wp\/v2\/product\/170886\/revisions\/170890"}],"wp:featuredmedia":[{"embeddable":true,"href":"https:\/\/audiohypnosis.online\/hu\/wp-json\/wp\/v2\/media\/165250"}],"wp:attachment":[{"href":"https:\/\/audiohypnosis.online\/hu\/wp-json\/wp\/v2\/media?parent=170886"}],"wp:term":[{"taxonomy":"language","embeddable":true,"href":"https:\/\/audiohypnosis.online\/hu\/wp-json\/wp\/v2\/language?post=170886"},{"taxonomy":"product_cat","embeddable":true,"href":"https:\/\/audiohypnosis.online\/hu\/wp-json\/wp\/v2\/product_cat?post=170886"},{"taxonomy":"product_tag","embeddable":true,"href":"https:\/\/audiohypnosis.online\/hu\/wp-json\/wp\/v2\/product_tag?post=170886"}],"curies":[{"name":"wp","href":"https:\/\/api.w.org\/{rel}","templated":true}]}}