{"id":161227,"date":"2024-03-05T10:18:42","date_gmt":"2024-03-05T09:18:42","guid":{"rendered":"https:\/\/audiohypnosis.online\/?post_type=product&#038;p=161227"},"modified":"2024-04-17T17:00:14","modified_gmt":"2024-04-17T15:00:14","slug":"overthinking-copy","status":"publish","type":"product","link":"https:\/\/audiohypnosis.online\/hu\/termek\/overthinking-copy\/","title":{"rendered":"Kreativit\u00e1s \u00d6szt\u00f6nz\u00e9s"},"content":{"rendered":"<p>K\u00edv\u00e1ncsi vagy, hogyan szabad\u00edthatod fel kreat\u00edv \u00e1raml\u00e1sodat? Mer\u00fclj el \u00fatt\u00f6r\u0151 audio hipn\u00f3zis MP3-jainkban, amelyek arra lettek tervezve, hogy fellobbants\u00e1k az inspir\u00e1ci\u00f3t \u00e9s fokozz\u00e1k a kreativit\u00e1st. Hat dinamikus audio session \u00e9s egy gyakorlati \u00fatmutat\u00f3 seg\u00edts\u00e9g\u00e9vel szabad\u00edtsd fel kreat\u00edv zsenialit\u00e1sodat \u00e9s val\u00f3s\u00edtsd meg v\u00edzi\u00f3idat.<\/p>\n","protected":false},"excerpt":{"rendered":"<p>Szeretn\u00e9d n\u00f6velni kreat\u00edv teljes\u00edtm\u00e9nyedet \u00e9s \u00faj k\u00e9pzeletbeli vil\u00e1gokat felfedezni?<\/p>\n","protected":false},"featured_media":161194,"comment_status":"closed","ping_status":"closed","template":"","meta":[],"language":[3146],"product_cat":[3144],"product_tag":[],"class_list":{"0":"post-161227","1":"product","2":"type-product","3":"status-publish","4":"has-post-thumbnail","6":"language-angol","7":"product_cat-onfejlesztes","8":"pa_languages-angol","9":"pa_languages-holland","11":"entry","12":"has-media","14":"first","15":"instock","16":"purchasable","17":"product-type-variable","18":"has-product-nav","19":"col","20":"span_1_of_4","21":"owp-content-center","22":"owp-thumbs-layout-horizontal","23":"owp-btn-big","24":"owp-tabs-layout-vertical","25":"has-no-thumbnails"},"acf":[],"aioseo_notices":[],"_links":{"self":[{"href":"https:\/\/audiohypnosis.online\/hu\/wp-json\/wp\/v2\/product\/161227","targetHints":{"allow":["GET"]}}],"collection":[{"href":"https:\/\/audiohypnosis.online\/hu\/wp-json\/wp\/v2\/product"}],"about":[{"href":"https:\/\/audiohypnosis.online\/hu\/wp-json\/wp\/v2\/types\/product"}],"replies":[{"embeddable":true,"href":"https:\/\/audiohypnosis.online\/hu\/wp-json\/wp\/v2\/comments?post=161227"}],"version-history":[{"count":2,"href":"https:\/\/audiohypnosis.online\/hu\/wp-json\/wp\/v2\/product\/161227\/revisions"}],"predecessor-version":[{"id":170855,"href":"https:\/\/audiohypnosis.online\/hu\/wp-json\/wp\/v2\/product\/161227\/revisions\/170855"}],"wp:featuredmedia":[{"embeddable":true,"href":"https:\/\/audiohypnosis.online\/hu\/wp-json\/wp\/v2\/media\/161194"}],"wp:attachment":[{"href":"https:\/\/audiohypnosis.online\/hu\/wp-json\/wp\/v2\/media?parent=161227"}],"wp:term":[{"taxonomy":"language","embeddable":true,"href":"https:\/\/audiohypnosis.online\/hu\/wp-json\/wp\/v2\/language?post=161227"},{"taxonomy":"product_cat","embeddable":true,"href":"https:\/\/audiohypnosis.online\/hu\/wp-json\/wp\/v2\/product_cat?post=161227"},{"taxonomy":"product_tag","embeddable":true,"href":"https:\/\/audiohypnosis.online\/hu\/wp-json\/wp\/v2\/product_tag?post=161227"}],"curies":[{"name":"wp","href":"https:\/\/api.w.org\/{rel}","templated":true}]}}