{"id":161136,"date":"2024-03-05T09:49:42","date_gmt":"2024-03-05T08:49:42","guid":{"rendered":"https:\/\/audiohypnosis.online\/?post_type=product&#038;p=161136"},"modified":"2024-04-12T23:05:50","modified_gmt":"2024-04-12T21:05:50","slug":"agorafobia-copy-copy","status":"publish","type":"product","link":"https:\/\/audiohypnosis.online\/hu\/termek\/agorafobia-copy-copy\/","title":{"rendered":"Porn\u00f3f\u00fcgg\u0151s\u00e9g"},"content":{"rendered":"<p>K\u00e9szen \u00e1llsz, hogy visszaszerezd az \u00e9letedet a porn\u00f3f\u00fcgg\u0151s\u00e9g karmaib\u00f3l? Csomagunk 6 let\u00f6lthet\u0151 hangf\u00e1jlt tartalmaz, valamint egy k\u00e9zik\u00f6nyvet, amely seg\u00edt a hat\u00e9kony fel\u00e9p\u00fcl\u00e9sben.<\/p>\n","protected":false},"excerpt":{"rendered":"<p>K\u00fczdesz, hogy kiszabadulj a porn\u00f3f\u00fcgg\u0151s\u00e9g k\u00f6ny\u00f6rtelen k\u00f6rforg\u00e1s\u00e1b\u00f3l \u00e9s v\u00e1gyakozol a gy\u00f3gyul\u00e1s fel\u00e9 vezet\u0151 \u00fatra?<\/p>\n","protected":false},"featured_media":161103,"comment_status":"closed","ping_status":"closed","template":"","meta":[],"language":[3143],"product_cat":[3244],"product_tag":[3503],"class_list":{"0":"post-161136","1":"product","2":"type-product","3":"status-publish","4":"has-post-thumbnail","6":"language-nemet","7":"product_cat-fuggosegek","8":"product_tag-avhengighet-hu","9":"pa_languages-nemet","11":"entry","12":"has-media","14":"first","15":"instock","16":"shipping-taxable","17":"purchasable","18":"product-type-variable","19":"has-product-nav","20":"col","21":"span_1_of_4","22":"owp-content-center","23":"owp-thumbs-layout-horizontal","24":"owp-btn-big","25":"owp-tabs-layout-vertical","26":"has-no-thumbnails"},"acf":[],"aioseo_notices":[],"_links":{"self":[{"href":"https:\/\/audiohypnosis.online\/hu\/wp-json\/wp\/v2\/product\/161136","targetHints":{"allow":["GET"]}}],"collection":[{"href":"https:\/\/audiohypnosis.online\/hu\/wp-json\/wp\/v2\/product"}],"about":[{"href":"https:\/\/audiohypnosis.online\/hu\/wp-json\/wp\/v2\/types\/product"}],"replies":[{"embeddable":true,"href":"https:\/\/audiohypnosis.online\/hu\/wp-json\/wp\/v2\/comments?post=161136"}],"version-history":[{"count":2,"href":"https:\/\/audiohypnosis.online\/hu\/wp-json\/wp\/v2\/product\/161136\/revisions"}],"predecessor-version":[{"id":170497,"href":"https:\/\/audiohypnosis.online\/hu\/wp-json\/wp\/v2\/product\/161136\/revisions\/170497"}],"wp:featuredmedia":[{"embeddable":true,"href":"https:\/\/audiohypnosis.online\/hu\/wp-json\/wp\/v2\/media\/161103"}],"wp:attachment":[{"href":"https:\/\/audiohypnosis.online\/hu\/wp-json\/wp\/v2\/media?parent=161136"}],"wp:term":[{"taxonomy":"language","embeddable":true,"href":"https:\/\/audiohypnosis.online\/hu\/wp-json\/wp\/v2\/language?post=161136"},{"taxonomy":"product_cat","embeddable":true,"href":"https:\/\/audiohypnosis.online\/hu\/wp-json\/wp\/v2\/product_cat?post=161136"},{"taxonomy":"product_tag","embeddable":true,"href":"https:\/\/audiohypnosis.online\/hu\/wp-json\/wp\/v2\/product_tag?post=161136"}],"curies":[{"name":"wp","href":"https:\/\/api.w.org\/{rel}","templated":true}]}}