{"id":161068,"date":"2024-03-05T09:24:50","date_gmt":"2024-03-05T08:24:50","guid":{"rendered":"https:\/\/audiohypnosis.online\/?post_type=product&#038;p=161068"},"modified":"2024-04-12T22:39:55","modified_gmt":"2024-04-12T20:39:55","slug":"agorafobia-copy","status":"publish","type":"product","link":"https:\/\/audiohypnosis.online\/hu\/termek\/agorafobia-copy\/","title":{"rendered":"Ingerl\u00e9sek kezel\u00e9se (ADHD)"},"content":{"rendered":"<p>El\u00e1rasztva \u00e9rzi mag\u00e1t \u00e1lland\u00f3 ingerek \u00e9s elt\u00e9r\u00edt\u00e9sek \u00e1ltal? Csomagunk tartalmaz 6 let\u00f6lthet\u0151 hangf\u00e1jlt k\u00fcl\u00f6nb\u00f6z\u0151 v\u00e1ltozatokban, amelyek \u00fatmutat\u00e1st ny\u00fajtanak az ingerek kezel\u00e9s\u00e9nek k\u00e9szs\u00e9geinek fejleszt\u00e9s\u00e9re \u00e9s a koncentr\u00e1ci\u00f3 n\u00f6vel\u00e9s\u00e9re, valamint egy k\u00e9zik\u00f6nyvet a maxim\u00e1lis hat\u00e9konys\u00e1g \u00e9rdek\u00e9ben.<\/p>\n","protected":false},"excerpt":{"rendered":"<p>Keres er\u0151forr\u00e1sokat, amelyek seg\u00edtenek megbirk\u00f3zni az ADHD \u00e9rz\u00e9kszervi aspektusaival?<\/p>\n","protected":false},"featured_media":160998,"comment_status":"closed","ping_status":"closed","template":"","meta":[],"language":[3141],"product_cat":[3144],"product_tag":[],"class_list":{"0":"post-161068","1":"product","2":"type-product","3":"status-publish","4":"has-post-thumbnail","6":"language-holland","7":"product_cat-onfejlesztes","8":"pa_languages-holland","10":"entry","11":"has-media","13":"first","14":"instock","15":"shipping-taxable","16":"purchasable","17":"product-type-variable","18":"has-product-nav","19":"col","20":"span_1_of_4","21":"owp-content-center","22":"owp-thumbs-layout-horizontal","23":"owp-btn-big","24":"owp-tabs-layout-vertical","25":"has-no-thumbnails"},"acf":[],"aioseo_notices":[],"_links":{"self":[{"href":"https:\/\/audiohypnosis.online\/hu\/wp-json\/wp\/v2\/product\/161068","targetHints":{"allow":["GET"]}}],"collection":[{"href":"https:\/\/audiohypnosis.online\/hu\/wp-json\/wp\/v2\/product"}],"about":[{"href":"https:\/\/audiohypnosis.online\/hu\/wp-json\/wp\/v2\/types\/product"}],"replies":[{"embeddable":true,"href":"https:\/\/audiohypnosis.online\/hu\/wp-json\/wp\/v2\/comments?post=161068"}],"version-history":[{"count":2,"href":"https:\/\/audiohypnosis.online\/hu\/wp-json\/wp\/v2\/product\/161068\/revisions"}],"predecessor-version":[{"id":170484,"href":"https:\/\/audiohypnosis.online\/hu\/wp-json\/wp\/v2\/product\/161068\/revisions\/170484"}],"wp:featuredmedia":[{"embeddable":true,"href":"https:\/\/audiohypnosis.online\/hu\/wp-json\/wp\/v2\/media\/160998"}],"wp:attachment":[{"href":"https:\/\/audiohypnosis.online\/hu\/wp-json\/wp\/v2\/media?parent=161068"}],"wp:term":[{"taxonomy":"language","embeddable":true,"href":"https:\/\/audiohypnosis.online\/hu\/wp-json\/wp\/v2\/language?post=161068"},{"taxonomy":"product_cat","embeddable":true,"href":"https:\/\/audiohypnosis.online\/hu\/wp-json\/wp\/v2\/product_cat?post=161068"},{"taxonomy":"product_tag","embeddable":true,"href":"https:\/\/audiohypnosis.online\/hu\/wp-json\/wp\/v2\/product_tag?post=161068"}],"curies":[{"name":"wp","href":"https:\/\/api.w.org\/{rel}","templated":true}]}}