{"id":152645,"date":"2023-10-14T09:09:04","date_gmt":"2023-10-14T07:09:04","guid":{"rendered":"https:\/\/audiohypnosis.online\/product\/klausztrofobia\/"},"modified":"2023-10-14T09:09:04","modified_gmt":"2023-10-14T07:09:04","slug":"klausztrofobia","status":"publish","type":"product","link":"https:\/\/audiohypnosis.online\/hu\/termek\/klausztrofobia\/","title":{"rendered":"Klausztrof\u00f3bia"},"content":{"rendered":"<p>F\u00e9l a sz\u0171k helyekt\u0151l? Hanghipn\u00f3zisos foglalkoz\u00e1sainkat \u00fagy tervezt\u00fck, hogy seg\u00edtsenek legy\u0151zni a klausztrof\u00f3bi\u00e1t. Enyh\u00edtse f\u00e9lelmeit \u00e9s vegye vissza az ir\u00e1ny\u00edt\u00e1st az \u00e9lete felett a csomagunkkal, amely 6 k\u00fcl\u00f6nb\u00f6z\u0151 audio MP3-at \u00e9s egy k\u00e9zik\u00f6nyvet tartalmaz a legjobb gyakorlatokhoz.<\/p>\n","protected":false},"excerpt":{"rendered":"<p>F\u00e9l a z\u00e1rt terekt\u0151l?<\/p>\n","protected":false},"featured_media":152651,"comment_status":"closed","ping_status":"closed","template":"","meta":[],"language":[3146,3142,3141,3143,3148],"product_cat":[3149],"product_tag":[3153,3206,3285,3155,3175],"class_list":{"0":"post-152645","1":"product","2":"type-product","3":"status-publish","4":"has-post-thumbnail","6":"language-angol","7":"language-francia","8":"language-holland","9":"language-nemet","10":"language-szerb","11":"product_cat-felelmek-es-fobiak","12":"product_tag-felelem","13":"product_tag-fobia-hu","14":"product_tag-klausztrofobia","15":"product_tag-szorongas","16":"product_tag-wellness-hu","17":"pa_languages-angol","18":"pa_languages-francia","19":"pa_languages-holland","20":"pa_languages-lengyel","21":"pa_languages-magyar","22":"pa_languages-nemet","23":"pa_languages-szerb","24":"pa_languages-ukran","26":"entry","27":"has-media","29":"first","30":"instock","31":"purchasable","32":"product-type-variable","33":"has-product-nav","34":"col","35":"span_1_of_4","36":"owp-content-center","37":"owp-thumbs-layout-horizontal","38":"owp-btn-big","39":"owp-tabs-layout-vertical","40":"has-no-thumbnails"},"acf":[],"aioseo_notices":[],"_links":{"self":[{"href":"https:\/\/audiohypnosis.online\/hu\/wp-json\/wp\/v2\/product\/152645","targetHints":{"allow":["GET"]}}],"collection":[{"href":"https:\/\/audiohypnosis.online\/hu\/wp-json\/wp\/v2\/product"}],"about":[{"href":"https:\/\/audiohypnosis.online\/hu\/wp-json\/wp\/v2\/types\/product"}],"replies":[{"embeddable":true,"href":"https:\/\/audiohypnosis.online\/hu\/wp-json\/wp\/v2\/comments?post=152645"}],"version-history":[{"count":0,"href":"https:\/\/audiohypnosis.online\/hu\/wp-json\/wp\/v2\/product\/152645\/revisions"}],"wp:featuredmedia":[{"embeddable":true,"href":"https:\/\/audiohypnosis.online\/hu\/wp-json\/wp\/v2\/media\/152651"}],"wp:attachment":[{"href":"https:\/\/audiohypnosis.online\/hu\/wp-json\/wp\/v2\/media?parent=152645"}],"wp:term":[{"taxonomy":"language","embeddable":true,"href":"https:\/\/audiohypnosis.online\/hu\/wp-json\/wp\/v2\/language?post=152645"},{"taxonomy":"product_cat","embeddable":true,"href":"https:\/\/audiohypnosis.online\/hu\/wp-json\/wp\/v2\/product_cat?post=152645"},{"taxonomy":"product_tag","embeddable":true,"href":"https:\/\/audiohypnosis.online\/hu\/wp-json\/wp\/v2\/product_tag?post=152645"}],"curies":[{"name":"wp","href":"https:\/\/api.w.org\/{rel}","templated":true}]}}