{"id":152643,"date":"2023-10-14T09:09:04","date_gmt":"2023-10-14T07:09:04","guid":{"rendered":"https:\/\/audiohypnosis.online\/product\/jobb-tenisz\/"},"modified":"2023-10-14T09:09:04","modified_gmt":"2023-10-14T07:09:04","slug":"better-tennis","status":"publish","type":"product","link":"https:\/\/audiohypnosis.online\/hu\/termek\/better-tennis\/","title":{"rendered":"Jobb tenisz"},"content":{"rendered":"<p>A tenisztud\u00e1sodat szeretn\u00e9d fejleszteni? Audio hipn\u00f3zis MP3-ink seg\u00edts\u00e9g\u00e9vel ment\u00e1lisan \u00e9s fizikailag is a legjobb teljes\u00edtm\u00e9nyt ny\u00fajthatja. Hozz\u00e1f\u00e9r\u00e9s 6 let\u00f6lthet\u0151 hangf\u00e1jlhoz \u00e9s egy \u00e1tfog\u00f3 k\u00e9zik\u00f6nyvh\u00f6z.<\/p>\n","protected":false},"excerpt":{"rendered":"<p>Teniszben szeretn\u00e9l kit\u0171nni?<\/p>\n","protected":false},"featured_media":152646,"comment_status":"closed","ping_status":"closed","template":"","meta":[],"language":[3146,3142,3141,3143,3157,3164,3147,3148],"product_cat":[3212],"product_tag":[3262,3219,3216,3214,3284],"class_list":{"0":"post-152643","1":"product","2":"type-product","3":"status-publish","4":"has-post-thumbnail","6":"language-angol","7":"language-francia","8":"language-holland","9":"language-nemet","10":"language-olasz","11":"language-portugal-brazilia","12":"language-spanyol","13":"language-szerb","14":"product_cat-sport-es-jatekok","15":"product_tag-fejlesztes","16":"product_tag-kepesseg","17":"product_tag-sport-hu","18":"product_tag-szabadido","19":"product_tag-tenisz","20":"pa_languages-holland","21":"pa_languages-nemet","23":"entry","24":"has-media","26":"first","27":"instock","28":"purchasable","29":"product-type-variable","30":"has-product-nav","31":"col","32":"span_1_of_4","33":"owp-content-center","34":"owp-thumbs-layout-horizontal","35":"owp-btn-big","36":"owp-tabs-layout-vertical","37":"has-no-thumbnails"},"acf":[],"aioseo_notices":[],"_links":{"self":[{"href":"https:\/\/audiohypnosis.online\/hu\/wp-json\/wp\/v2\/product\/152643","targetHints":{"allow":["GET"]}}],"collection":[{"href":"https:\/\/audiohypnosis.online\/hu\/wp-json\/wp\/v2\/product"}],"about":[{"href":"https:\/\/audiohypnosis.online\/hu\/wp-json\/wp\/v2\/types\/product"}],"replies":[{"embeddable":true,"href":"https:\/\/audiohypnosis.online\/hu\/wp-json\/wp\/v2\/comments?post=152643"}],"version-history":[{"count":0,"href":"https:\/\/audiohypnosis.online\/hu\/wp-json\/wp\/v2\/product\/152643\/revisions"}],"wp:featuredmedia":[{"embeddable":true,"href":"https:\/\/audiohypnosis.online\/hu\/wp-json\/wp\/v2\/media\/152646"}],"wp:attachment":[{"href":"https:\/\/audiohypnosis.online\/hu\/wp-json\/wp\/v2\/media?parent=152643"}],"wp:term":[{"taxonomy":"language","embeddable":true,"href":"https:\/\/audiohypnosis.online\/hu\/wp-json\/wp\/v2\/language?post=152643"},{"taxonomy":"product_cat","embeddable":true,"href":"https:\/\/audiohypnosis.online\/hu\/wp-json\/wp\/v2\/product_cat?post=152643"},{"taxonomy":"product_tag","embeddable":true,"href":"https:\/\/audiohypnosis.online\/hu\/wp-json\/wp\/v2\/product_tag?post=152643"}],"curies":[{"name":"wp","href":"https:\/\/api.w.org\/{rel}","templated":true}]}}