{"id":152615,"date":"2023-10-14T09:09:04","date_gmt":"2023-10-14T07:09:04","guid":{"rendered":"https:\/\/audiohypnosis.online\/product\/jobb-memoria\/"},"modified":"2023-10-14T09:09:04","modified_gmt":"2023-10-14T07:09:04","slug":"jobb-memoria","status":"publish","type":"product","link":"https:\/\/audiohypnosis.online\/hu\/termek\/jobb-memoria\/","title":{"rendered":"Jobb mem\u00f3ria"},"content":{"rendered":"<p>Szeretn\u00e9 fejleszteni a mem\u00f3ri\u00e1j\u00e1t? Hanghipn\u00f3zisos foglalkoz\u00e1sainkat \u00fagy tervezt\u00fck, hogy seg\u00edtsenek jav\u00edtani a mem\u00f3riameg\u0151rz\u00e9st \u00e9s a f\u00f3kusz\u00e1l\u00e1st. Szerezzen hozz\u00e1f\u00e9r\u00e9st 6 let\u00f6lthet\u0151 hangf\u00e1jlhoz \u00e9s egy hasznos k\u00e9zik\u00f6nyvh\u00f6z a teljes \u00e1talakul\u00e1shoz.<\/p>\n","protected":false},"excerpt":{"rendered":"<p>Szeretn\u00e9 felp\u00f6rgetni a mem\u00f3ri\u00e1j\u00e1t?<\/p>\n","protected":false},"featured_media":152634,"comment_status":"closed","ping_status":"closed","template":"","meta":[],"language":[3146,3142,3141,3143,3157,3164,3147,3148],"product_cat":[3144],"product_tag":[3165,3283,3145,3279,3175],"class_list":{"0":"post-152615","1":"product","2":"type-product","3":"status-publish","4":"has-post-thumbnail","6":"language-angol","7":"language-francia","8":"language-holland","9":"language-nemet","10":"language-olasz","11":"language-portugal-brazilia","12":"language-spanyol","13":"language-szerb","14":"product_cat-onfejlesztes","15":"product_tag-fokusz","16":"product_tag-memoria-hu","17":"product_tag-selfimprovement-hu","18":"product_tag-tanulas","19":"product_tag-wellness-hu","20":"pa_languages-angol","21":"pa_languages-francia","22":"pa_languages-holland","23":"pa_languages-lengyel","24":"pa_languages-magyar","25":"pa_languages-nemet","26":"pa_languages-olasz","27":"pa_languages-portugal-brazilia","28":"pa_languages-spanyol","29":"pa_languages-szerb","30":"pa_languages-ukran","32":"entry","33":"has-media","35":"first","36":"instock","37":"purchasable","38":"product-type-variable","39":"has-product-nav","40":"col","41":"span_1_of_4","42":"owp-content-center","43":"owp-thumbs-layout-horizontal","44":"owp-btn-big","45":"owp-tabs-layout-vertical","46":"has-no-thumbnails"},"acf":[],"aioseo_notices":[],"_links":{"self":[{"href":"https:\/\/audiohypnosis.online\/hu\/wp-json\/wp\/v2\/product\/152615","targetHints":{"allow":["GET"]}}],"collection":[{"href":"https:\/\/audiohypnosis.online\/hu\/wp-json\/wp\/v2\/product"}],"about":[{"href":"https:\/\/audiohypnosis.online\/hu\/wp-json\/wp\/v2\/types\/product"}],"replies":[{"embeddable":true,"href":"https:\/\/audiohypnosis.online\/hu\/wp-json\/wp\/v2\/comments?post=152615"}],"version-history":[{"count":0,"href":"https:\/\/audiohypnosis.online\/hu\/wp-json\/wp\/v2\/product\/152615\/revisions"}],"wp:featuredmedia":[{"embeddable":true,"href":"https:\/\/audiohypnosis.online\/hu\/wp-json\/wp\/v2\/media\/152634"}],"wp:attachment":[{"href":"https:\/\/audiohypnosis.online\/hu\/wp-json\/wp\/v2\/media?parent=152615"}],"wp:term":[{"taxonomy":"language","embeddable":true,"href":"https:\/\/audiohypnosis.online\/hu\/wp-json\/wp\/v2\/language?post=152615"},{"taxonomy":"product_cat","embeddable":true,"href":"https:\/\/audiohypnosis.online\/hu\/wp-json\/wp\/v2\/product_cat?post=152615"},{"taxonomy":"product_tag","embeddable":true,"href":"https:\/\/audiohypnosis.online\/hu\/wp-json\/wp\/v2\/product_tag?post=152615"}],"curies":[{"name":"wp","href":"https:\/\/api.w.org\/{rel}","templated":true}]}}