{"id":152612,"date":"2023-10-14T09:09:04","date_gmt":"2023-10-14T07:09:04","guid":{"rendered":"https:\/\/audiohypnosis.online\/product\/jobb-tanulas\/"},"modified":"2023-10-14T09:09:04","modified_gmt":"2023-10-14T07:09:04","slug":"jobb-tanulas","status":"publish","type":"product","link":"https:\/\/audiohypnosis.online\/hu\/termek\/jobb-tanulas\/","title":{"rendered":"Jobb tanul\u00e1s"},"content":{"rendered":"<p>Fel kell turb\u00f3znod a tanul\u00e1si j\u00e1t\u00e9kodat? Audio hipn\u00f3zis MP3-inkat \u00fagy tervezt\u00fck, hogy seg\u00edtsenek \u00f6sszpontos\u00edtani \u00e9s hat\u00e9konyan megtartani az inform\u00e1ci\u00f3kat. A csomag 6 k\u00fcl\u00f6nb\u00f6z\u0151 hangf\u00e1jlt \u00e9s egy k\u00e9zik\u00f6nyvet tartalmaz a hat\u00e9konys\u00e1g maximaliz\u00e1l\u00e1sa \u00e9rdek\u00e9ben.<\/p>\n","protected":false},"excerpt":{"rendered":"<p>Jav\u00edtanod kell a tanul\u00e1si szok\u00e1saidon?<\/p>\n","protected":false},"featured_media":152616,"comment_status":"closed","ping_status":"closed","template":"","meta":[],"language":[3146,3142,3141,3143,3157,3164,3147,3148],"product_cat":[3144],"product_tag":[3165,3145,3279,3281,3171],"class_list":{"0":"post-152612","1":"product","2":"type-product","3":"status-publish","4":"has-post-thumbnail","6":"language-angol","7":"language-francia","8":"language-holland","9":"language-nemet","10":"language-olasz","11":"language-portugal-brazilia","12":"language-spanyol","13":"language-szerb","14":"product_cat-onfejlesztes","15":"product_tag-fokusz","16":"product_tag-selfimprovement-hu","17":"product_tag-tanulas","18":"product_tag-tanulmany","19":"product_tag-termelekenyseg","20":"pa_languages-francia","21":"pa_languages-holland","22":"pa_languages-nemet","24":"entry","25":"has-media","27":"first","28":"instock","29":"purchasable","30":"product-type-variable","31":"has-product-nav","32":"col","33":"span_1_of_4","34":"owp-content-center","35":"owp-thumbs-layout-horizontal","36":"owp-btn-big","37":"owp-tabs-layout-vertical","38":"has-no-thumbnails"},"acf":[],"aioseo_notices":[],"_links":{"self":[{"href":"https:\/\/audiohypnosis.online\/hu\/wp-json\/wp\/v2\/product\/152612","targetHints":{"allow":["GET"]}}],"collection":[{"href":"https:\/\/audiohypnosis.online\/hu\/wp-json\/wp\/v2\/product"}],"about":[{"href":"https:\/\/audiohypnosis.online\/hu\/wp-json\/wp\/v2\/types\/product"}],"replies":[{"embeddable":true,"href":"https:\/\/audiohypnosis.online\/hu\/wp-json\/wp\/v2\/comments?post=152612"}],"version-history":[{"count":0,"href":"https:\/\/audiohypnosis.online\/hu\/wp-json\/wp\/v2\/product\/152612\/revisions"}],"wp:featuredmedia":[{"embeddable":true,"href":"https:\/\/audiohypnosis.online\/hu\/wp-json\/wp\/v2\/media\/152616"}],"wp:attachment":[{"href":"https:\/\/audiohypnosis.online\/hu\/wp-json\/wp\/v2\/media?parent=152612"}],"wp:term":[{"taxonomy":"language","embeddable":true,"href":"https:\/\/audiohypnosis.online\/hu\/wp-json\/wp\/v2\/language?post=152612"},{"taxonomy":"product_cat","embeddable":true,"href":"https:\/\/audiohypnosis.online\/hu\/wp-json\/wp\/v2\/product_cat?post=152612"},{"taxonomy":"product_tag","embeddable":true,"href":"https:\/\/audiohypnosis.online\/hu\/wp-json\/wp\/v2\/product_tag?post=152612"}],"curies":[{"name":"wp","href":"https:\/\/api.w.org\/{rel}","templated":true}]}}