{"id":152607,"date":"2023-10-14T09:09:04","date_gmt":"2023-10-14T07:09:04","guid":{"rendered":"https:\/\/audiohypnosis.online\/product\/allitsa-le-a-kannabisz-hasznalatat\/"},"modified":"2023-10-14T09:09:04","modified_gmt":"2023-10-14T07:09:04","slug":"kannabisz-hasznalat","status":"publish","type":"product","link":"https:\/\/audiohypnosis.online\/hu\/termek\/kannabisz-hasznalat\/","title":{"rendered":"\u00c1ll\u00edtsa le a kannabisz haszn\u00e1lat\u00e1t"},"content":{"rendered":"<p>Szeretn\u00e9 kontroll\u00e1lni a t\u00falzott kannabiszhaszn\u00e1latot? Audio hipn\u00f3zis MP3-ink az eg\u00e9szs\u00e9gesebb v\u00e1laszt\u00e1sokhoz vezet\u0151 utat k\u00edn\u00e1lj\u00e1k. Meg\u00e9rett az id\u0151 a pozit\u00edv \u00e1talakul\u00e1sra. Vezessen be tart\u00f3s v\u00e1ltoztat\u00e1sokat a gyors \u00e9s eg\u00e9szs\u00e9ges siker \u00e9rdek\u00e9ben. A kannabiszhaszn\u00e1lat sikeres cs\u00f6kkent\u00e9s\u00e9vel a szabads\u00e1g, a kontroll \u00e9s a j\u00f3l\u00e9t \u00faj szintj\u00e9t \u00e9rheti el.<\/p>\n","protected":false},"excerpt":{"rendered":"<p>Szeretn\u00e9 ellen\u0151rizni a kannabiszfogyaszt\u00e1s\u00e1t?<\/p>\n","protected":false},"featured_media":152617,"comment_status":"closed","ping_status":"closed","template":"","meta":[],"language":[3142,3141,3143,3157,3147,3148],"product_cat":[3244],"product_tag":[3274,3251,3280,3278,3282],"class_list":{"0":"post-152607","1":"product","2":"type-product","3":"status-publish","4":"has-post-thumbnail","6":"language-francia","7":"language-holland","8":"language-nemet","9":"language-olasz","10":"language-spanyol","11":"language-szerb","12":"product_cat-fuggosegek","13":"product_tag-cannabis-hu","14":"product_tag-gezondheid-hu","15":"product_tag-maitrise-de-soi-hu","16":"product_tag-verslaving-hu","17":"product_tag-welzijn-hu","18":"pa_languages-francia","19":"pa_languages-holland","20":"pa_languages-magyar","21":"pa_languages-nemet","22":"pa_languages-olasz","23":"pa_languages-spanyol","24":"pa_languages-szerb","25":"pa_languages-ukran","27":"entry","28":"has-media","30":"first","31":"instock","32":"purchasable","33":"product-type-variable","34":"has-product-nav","35":"col","36":"span_1_of_4","37":"owp-content-center","38":"owp-thumbs-layout-horizontal","39":"owp-btn-big","40":"owp-tabs-layout-vertical","41":"has-no-thumbnails"},"acf":[],"aioseo_notices":[],"_links":{"self":[{"href":"https:\/\/audiohypnosis.online\/hu\/wp-json\/wp\/v2\/product\/152607","targetHints":{"allow":["GET"]}}],"collection":[{"href":"https:\/\/audiohypnosis.online\/hu\/wp-json\/wp\/v2\/product"}],"about":[{"href":"https:\/\/audiohypnosis.online\/hu\/wp-json\/wp\/v2\/types\/product"}],"replies":[{"embeddable":true,"href":"https:\/\/audiohypnosis.online\/hu\/wp-json\/wp\/v2\/comments?post=152607"}],"version-history":[{"count":0,"href":"https:\/\/audiohypnosis.online\/hu\/wp-json\/wp\/v2\/product\/152607\/revisions"}],"wp:featuredmedia":[{"embeddable":true,"href":"https:\/\/audiohypnosis.online\/hu\/wp-json\/wp\/v2\/media\/152617"}],"wp:attachment":[{"href":"https:\/\/audiohypnosis.online\/hu\/wp-json\/wp\/v2\/media?parent=152607"}],"wp:term":[{"taxonomy":"language","embeddable":true,"href":"https:\/\/audiohypnosis.online\/hu\/wp-json\/wp\/v2\/language?post=152607"},{"taxonomy":"product_cat","embeddable":true,"href":"https:\/\/audiohypnosis.online\/hu\/wp-json\/wp\/v2\/product_cat?post=152607"},{"taxonomy":"product_tag","embeddable":true,"href":"https:\/\/audiohypnosis.online\/hu\/wp-json\/wp\/v2\/product_tag?post=152607"}],"curies":[{"name":"wp","href":"https:\/\/api.w.org\/{rel}","templated":true}]}}