{"id":152600,"date":"2023-10-14T09:09:04","date_gmt":"2023-10-14T07:09:04","guid":{"rendered":"https:\/\/audiohypnosis.online\/product\/jobb-golfozas\/"},"modified":"2023-10-14T09:09:04","modified_gmt":"2023-10-14T07:09:04","slug":"better-golfing","status":"publish","type":"product","link":"https:\/\/audiohypnosis.online\/hu\/termek\/better-golfing\/","title":{"rendered":"Jobb golfoz\u00e1s"},"content":{"rendered":"<p>Szeretn\u00e9 fejleszteni a golfj\u00e1t\u00e9k\u00e1t? A hanghipn\u00f3zis MP3-ak seg\u00edthetnek jav\u00edtani a f\u00f3kuszt, a k\u00e9szs\u00e9geket \u00e9s az \u00e1ltal\u00e1nos teljes\u00edtm\u00e9nyt. Kezdje el az utaz\u00e1st a jobb golfoz\u00e1s fel\u00e9 m\u00e9g ma. A csomag 6 hangf\u00e1jlt \u00e9s egy k\u00e9zik\u00f6nyvet tartalmaz a legjobb eredm\u00e9nyek \u00e9rdek\u00e9ben.<\/p>\n","protected":false},"excerpt":{"rendered":"<p>Szeretn\u00e9 fejleszteni a golfj\u00e1t\u00e9k\u00e1t?<\/p>\n","protected":false},"featured_media":152297,"comment_status":"closed","ping_status":"closed","template":"","meta":[],"language":[3141,3143,3148],"product_cat":[3212],"product_tag":[3262,3218,3219,3216,3214],"class_list":{"0":"post-152600","1":"product","2":"type-product","3":"status-publish","4":"has-post-thumbnail","6":"language-holland","7":"language-nemet","8":"language-szerb","9":"product_cat-sport-es-jatekok","10":"product_tag-fejlesztes","11":"product_tag-golf-hu","12":"product_tag-kepesseg","13":"product_tag-sport-hu","14":"product_tag-szabadido","15":"pa_languages-holland","16":"pa_languages-nemet","17":"pa_languages-szerb","19":"entry","20":"has-media","22":"first","23":"instock","24":"purchasable","25":"product-type-variable","26":"has-product-nav","27":"col","28":"span_1_of_4","29":"owp-content-center","30":"owp-thumbs-layout-horizontal","31":"owp-btn-big","32":"owp-tabs-layout-vertical","33":"has-no-thumbnails"},"acf":[],"aioseo_notices":[],"_links":{"self":[{"href":"https:\/\/audiohypnosis.online\/hu\/wp-json\/wp\/v2\/product\/152600","targetHints":{"allow":["GET"]}}],"collection":[{"href":"https:\/\/audiohypnosis.online\/hu\/wp-json\/wp\/v2\/product"}],"about":[{"href":"https:\/\/audiohypnosis.online\/hu\/wp-json\/wp\/v2\/types\/product"}],"replies":[{"embeddable":true,"href":"https:\/\/audiohypnosis.online\/hu\/wp-json\/wp\/v2\/comments?post=152600"}],"version-history":[{"count":0,"href":"https:\/\/audiohypnosis.online\/hu\/wp-json\/wp\/v2\/product\/152600\/revisions"}],"wp:featuredmedia":[{"embeddable":true,"href":"https:\/\/audiohypnosis.online\/hu\/wp-json\/wp\/v2\/media\/152297"}],"wp:attachment":[{"href":"https:\/\/audiohypnosis.online\/hu\/wp-json\/wp\/v2\/media?parent=152600"}],"wp:term":[{"taxonomy":"language","embeddable":true,"href":"https:\/\/audiohypnosis.online\/hu\/wp-json\/wp\/v2\/language?post=152600"},{"taxonomy":"product_cat","embeddable":true,"href":"https:\/\/audiohypnosis.online\/hu\/wp-json\/wp\/v2\/product_cat?post=152600"},{"taxonomy":"product_tag","embeddable":true,"href":"https:\/\/audiohypnosis.online\/hu\/wp-json\/wp\/v2\/product_tag?post=152600"}],"curies":[{"name":"wp","href":"https:\/\/api.w.org\/{rel}","templated":true}]}}